{"id":1201,"date":"2015-08-22T15:00:15","date_gmt":"2015-08-22T15:00:15","guid":{"rendered":"http:\/\/blogs.sld.cu\/cibernetica\/?page_id=1201"},"modified":"2015-08-28T17:19:19","modified_gmt":"2015-08-28T17:19:19","slug":"el-gran-desafio-de-la-humanidad","status":"publish","type":"page","link":"https:\/\/blogs.sld.cu\/cibernetica\/mi-libreria\/el-gran-desafio-de-la-humanidad\/","title":{"rendered":"El gran desaf\u00edo de la humanidad"},"content":{"rendered":"<h1 class=\"entry-title\">El gran desaf\u00edo de la\u00a0humanidad<\/h1>\n<div class=\"entry-content\">\n<div class=\"entry-content\">\n<p><a href=\"https:\/\/cibernetica.files.wordpress.com\/2015\/06\/portada-desafios.jpg\"><img loading=\"lazy\" class=\" wp-image-1235 alignleft\" src=\"https:\/\/cibernetica.files.wordpress.com\/2015\/06\/portada-desafios.jpg?w=148&amp;h=234\" alt=\"portada-desafios\" width=\"148\" height=\"234\" \/><\/a>El libro es un desaf\u00edo al pensamiento convencional y se constituye un instrumento valioso para pensar. Pero lejos de promover un pensamiento lineal como todo ensayo de anticipaci\u00f3n implica un complejo juego de bifurcaciones, puntos de inflexi\u00f3n y una tensi\u00f3n constante entre pasado y futuro.<\/p>\n<p>Y constituye un extraordinario esfuerzo en desentra\u00f1ar nuevas conformaciones de mentalidades, intereses y potenciales consecuencias de nuevos operadores de la escena global, para muchos cient\u00edficos sociales todav\u00eda inadvertidas. Su explicaci\u00f3n de la naturaleza humana como una criatura bio-psico-social, incluyendo como cuarta caracter\u00edstica constitutiva la tecnolog\u00eda me parece de importancia sustantiva. Tan v\u00e1lida como la percepci\u00f3n del riesgo que implica la capacidad de las tecnolog\u00edas para incrementar su inteligencia y autonom\u00eda. Situaci\u00f3n esta recientemente advertida por destacados cient\u00edficos y l\u00edderes sociales, al advertir sobre las amenazas impl\u00edcitas en el desarrollo de la inteligencia artificial.<br \/>\n<em>Miguel \u00c1ngel Gutierrez.<\/em><\/p>\n<p>El Ensayo se divide en cuatro temas :<\/p>\n<h3>1. Del fin de la historia al fin de la especie humana<\/h3>\n<p>Se hace un an\u00e1lisis del pensamiento de Fukuyama y de los errores contenidos en su libro \u201cel fin de la historia\u201d, desde su propia valoraci\u00f3n.<\/p>\n<h3>2. El fin de una especie y el surgimiento de otra<\/h3>\n<p>Se analizan los presupuestos del transhumanismo y las diferentes visiones que han surgido tanto a favor como en contra, y el llamado enfrentamiento biopol\u00edtico. As\u00ed como las preocupaciones que est\u00e1 generando el transhumanismo, lo cual llevo a Fukuyama a decir que es la idea m\u00e1s peligrosa del mundo.<\/p>\n<h3>3. La supervivencia de la especie humana<\/h3>\n<p>\u00bfSe est\u00e1n cumpliendo los objetivos del desarrollo sostenible? Se cuestionan los objetivos actuales para lograr un futuro sostenible ante el impacto cada vez mayor de las tecnolog\u00edas emergentes.<\/p>\n<h3>4. Hacia un progreso humano verdaderamente digno<\/h3>\n<p>Se exponen los posibles escenarios futuros y las alternativas de que se dispone para lograr un futuro sostenible en la era de las tecnolog\u00edas.<\/p>\n<p>El ensayo persigue llevar a cabo una valoraci\u00f3n del camino que estamos transitando y hacia qu\u00e9 futuro nos dirigimos, hoy todo parece indicar que, por inercia, nos dirigimos hacia un futuro posthumano, de ser as\u00ed, \u00bfQu\u00e9 consecuencias tendr\u00eda? \u00bfSi es eso lo que deseamos para nuestros hijos? \u00bfTenemos alguna alternativa? Y sobre todo, \u00bfQu\u00e9 iniciativas llevar a cabo para cambiar ese futuro?<\/p>\n<\/div>\n<div class=\"entry-content\">\n<p>Disponible en<\/p>\n<ul>\n<li><a href=\"http:\/\/www.amazon.com\/dp\/B00ZPFE72W\">Estados Unidos<\/a><\/li>\n<li><a href=\"http:\/\/www.amazon.es\/El-gran-desaf%C3%ADo-humanidad-tecnolog%C3%ADas-ebook\/dp\/B00ZPFE72W\/ref=sr_1_1?s=digital-text&amp;ie=UTF8&amp;qid=1435072676&amp;sr=1-1&amp;keywords=Alejandro+Madruga\">Espa\u00f1a<\/a><\/li>\n<li><a href=\"http:\/\/www.amazon.com.mx\/El-gran-desaf%C3%ADo-humanidad-tecnolog%C3%ADas-ebook\/dp\/B00ZPFE72W\/ref=sr_1_5?s=digital-text&amp;ie=UTF8&amp;qid=1435352052&amp;sr=1-5&amp;keywords=alejandro+madruga\">M\u00e9xico<\/a><\/li>\n<\/ul>\n<\/div>\n<\/div>\n","protected":false},"excerpt":{"rendered":"<p>El gran desaf\u00edo de la\u00a0humanidad El libro es un desaf\u00edo al pensamiento convencional y se constituye un instrumento valioso para pensar. Pero lejos de promover un pensamiento lineal como todo ensayo de anticipaci\u00f3n implica un complejo juego de bifurcaciones, puntos de inflexi\u00f3n y una tensi\u00f3n constante entre pasado y futuro. Y constituye un extraordinario esfuerzo [&hellip;]<\/p>\n","protected":false},"author":109,"featured_media":0,"parent":1090,"menu_order":5,"comment_status":"open","ping_status":"open","template":"","meta":[],"_links":{"self":[{"href":"https:\/\/blogs.sld.cu\/cibernetica\/wp-json\/wp\/v2\/pages\/1201"}],"collection":[{"href":"https:\/\/blogs.sld.cu\/cibernetica\/wp-json\/wp\/v2\/pages"}],"about":[{"href":"https:\/\/blogs.sld.cu\/cibernetica\/wp-json\/wp\/v2\/types\/page"}],"author":[{"embeddable":true,"href":"https:\/\/blogs.sld.cu\/cibernetica\/wp-json\/wp\/v2\/users\/109"}],"replies":[{"embeddable":true,"href":"https:\/\/blogs.sld.cu\/cibernetica\/wp-json\/wp\/v2\/comments?post=1201"}],"version-history":[{"count":1,"href":"https:\/\/blogs.sld.cu\/cibernetica\/wp-json\/wp\/v2\/pages\/1201\/revisions"}],"predecessor-version":[{"id":1202,"href":"https:\/\/blogs.sld.cu\/cibernetica\/wp-json\/wp\/v2\/pages\/1201\/revisions\/1202"}],"up":[{"embeddable":true,"href":"https:\/\/blogs.sld.cu\/cibernetica\/wp-json\/wp\/v2\/pages\/1090"}],"wp:attachment":[{"href":"https:\/\/blogs.sld.cu\/cibernetica\/wp-json\/wp\/v2\/media?parent=1201"}],"curies":[{"name":"wp","href":"https:\/\/api.w.org\/{rel}","templated":true}]}}