{"id":1207,"date":"2015-08-22T15:03:02","date_gmt":"2015-08-22T15:03:02","guid":{"rendered":"http:\/\/blogs.sld.cu\/cibernetica\/?page_id=1207"},"modified":"2015-08-22T15:03:02","modified_gmt":"2015-08-22T15:03:02","slug":"cosmovision-poetica","status":"publish","type":"page","link":"https:\/\/blogs.sld.cu\/cibernetica\/mi-libreria\/cosmovision-poetica\/","title":{"rendered":"Cosmovisi\u00f3n po\u00e9tica"},"content":{"rendered":"<h1 class=\"entry-title\">Cosmovisi\u00f3n po\u00e9tica<\/h1>\n<div class=\"entry-content\">\n<p><strong>\u00a0<\/strong><\/p>\n<p><a href=\"https:\/\/cibernetica.files.wordpress.com\/2013\/10\/cosmovision-poetica.jpg\"><img loading=\"lazy\" width=\"300\" height=\"300\" class=\"size-full wp-image-694 alignleft\" src=\"https:\/\/cibernetica.files.wordpress.com\/2013\/10\/cosmovision-poetica.jpg?w=640\" alt=\"Cosmovision-poetica\" srcset=\"https:\/\/blogs.sld.cu\/cibernetica\/files\/2013\/10\/cosmovision-poetica.jpg 300w, https:\/\/blogs.sld.cu\/cibernetica\/files\/2013\/10\/cosmovision-poetica-150x150.jpg 150w\" sizes=\"(max-width: 300px) 100vw, 300px\" \/><\/a>Es una obra donde la melancol\u00eda se funde con el universo, donde las tardes cuentan su historia y la luz brota de un alma solitaria azotada a veces por la lluvia, otras por el fri\u00f3 del olvido o por las sombras que amenazan una existencia agonizante.<br \/>\nSiempre desde la nost\u00e1lgica visi\u00f3n de un mundo que se desconfigura que se vuelve cada vez m\u00e1s ajeno y distante, ante un alma que crea su propia visi\u00f3n y busca abrirse a la naturaleza y compartir su dolor con las estrellas.<br \/>\nUn alma a la que nada consuela y que vaga por el mundo componiendo sue\u00f1os que viajan con el viento que levantan olas y que arrastran desamores, angustia y una infinita tristeza que se pierde m\u00e1s all\u00e1 del crep\u00fasculo.<\/p>\n<p>Disponible en Amazon:<br \/>\n<a id=\"static_txt_preview\" href=\"http:\/\/www.amazon.com\/dp\/B00FJ3PXFK\">Cosmovisi\u00f3n po\u00e9tica<\/a><\/p>\n<div id=\"jp-post-flair\" class=\"sharedaddy sd-like-enabled sd-sharing-enabled\">\n<div class=\"sharedaddy sd-sharing-enabled\">\n<div class=\"robots-nocontent sd-block sd-social sd-social-icon-text sd-sharing\">\n<h3 class=\"sd-title\"><\/h3>\n<\/div>\n<\/div>\n<\/div>\n<\/div>\n","protected":false},"excerpt":{"rendered":"<p>Cosmovisi\u00f3n po\u00e9tica \u00a0 Es una obra donde la melancol\u00eda se funde con el universo, donde las tardes cuentan su historia y la luz brota de un alma solitaria azotada a veces por la lluvia, otras por el fri\u00f3 del olvido o por las sombras que amenazan una existencia agonizante. Siempre desde la nost\u00e1lgica visi\u00f3n de [&hellip;]<\/p>\n","protected":false},"author":109,"featured_media":0,"parent":1090,"menu_order":3,"comment_status":"open","ping_status":"open","template":"","meta":[],"_links":{"self":[{"href":"https:\/\/blogs.sld.cu\/cibernetica\/wp-json\/wp\/v2\/pages\/1207"}],"collection":[{"href":"https:\/\/blogs.sld.cu\/cibernetica\/wp-json\/wp\/v2\/pages"}],"about":[{"href":"https:\/\/blogs.sld.cu\/cibernetica\/wp-json\/wp\/v2\/types\/page"}],"author":[{"embeddable":true,"href":"https:\/\/blogs.sld.cu\/cibernetica\/wp-json\/wp\/v2\/users\/109"}],"replies":[{"embeddable":true,"href":"https:\/\/blogs.sld.cu\/cibernetica\/wp-json\/wp\/v2\/comments?post=1207"}],"version-history":[{"count":1,"href":"https:\/\/blogs.sld.cu\/cibernetica\/wp-json\/wp\/v2\/pages\/1207\/revisions"}],"predecessor-version":[{"id":1208,"href":"https:\/\/blogs.sld.cu\/cibernetica\/wp-json\/wp\/v2\/pages\/1207\/revisions\/1208"}],"up":[{"embeddable":true,"href":"https:\/\/blogs.sld.cu\/cibernetica\/wp-json\/wp\/v2\/pages\/1090"}],"wp:attachment":[{"href":"https:\/\/blogs.sld.cu\/cibernetica\/wp-json\/wp\/v2\/media?parent=1207"}],"curies":[{"name":"wp","href":"https:\/\/api.w.org\/{rel}","templated":true}]}}