{"id":1416,"date":"2015-08-28T18:17:33","date_gmt":"2015-08-28T18:17:33","guid":{"rendered":"https:\/\/cibernetica.wordpress.com\/?page_id=1416"},"modified":"2015-08-28T18:17:33","modified_gmt":"2015-08-28T18:17:33","slug":"sistemas-expertos-2","status":"publish","type":"page","link":"https:\/\/blogs.sld.cu\/cibernetica\/ebook\/sistemas-expertos-2\/","title":{"rendered":"Sistemas expertos"},"content":{"rendered":"<p><a href=\"https:\/\/cibernetica.files.wordpress.com\/2013\/10\/sistemas-expertos.jpg\"><img loading=\"lazy\" class=\"size-medium wp-image-1359 alignleft\" src=\"https:\/\/cibernetica.files.wordpress.com\/2013\/10\/sistemas-expertos.jpg?w=189\" alt=\"Sistemas Expertos\" width=\"189\" height=\"300\" \/><\/a><\/p>\n<p>Durante a\u00f1os la actividad de la Inteligencia Artificial estuvo dedicada a las investigaciones te\u00f3ricas y al desarrollo de experimentos a trav\u00e9s de programas que demostraran \u201cactitudes inteligentes\u201d, con estos programas se pretend\u00eda que la m\u00e1quina jugara ajedrez, demostrara teoremas matem\u00e1ticos, etc. No fue hasta los a\u00f1os 70 que surgi\u00f3 un nuevo paradigma en la Inteligencia Artificial \u201clos Sistemas Expertos\u201d, cuya funci\u00f3n es desarrollar trabajos similares a los que desarrollar\u00eda un especialista en un \u00e1rea determinada.<\/p>\n<p>Los sistemas expertos, son en lo esencial sistemas de computaci\u00f3n basados en conocimientos (de ah\u00ed que algunos prefieran llamarles sistemas basados en conocimientos) cuyos componentes representan un enfoque cualitativo de la programaci\u00f3n, ya que lo que prima no es la cantidad si no la cualidad del mismo, esta cualidad est\u00e1 dada por la separaci\u00f3n de las reglas que describen el problema (Base de Conocimientos), del programa de control que es quien selecciona las reglas adecuadas (Motor de inferencias).<\/p>\n<p>En el libro se recoge mi experiencia como profesor impartiendo cursos de inteligencia artificial y rob\u00f3tica, sistemas expertos y programaci\u00f3n en Prolog. Se busca que comprendan la importancia de los sistemas expertos y que sean capaces de desarrollar bases de conocimientos para aplicaciones en su \u00e1rea y\/o elaborar sistemas expertos simples. En\u00a0el texto se incluyen los siguientes temas: Sistemas de producci\u00f3n, estrategia de b\u00fasqueda, representaci\u00f3n del conocimiento, razonamiento con incertidumbre y sistemas expertos: aplicaciones y ejemplos<\/p>\n<p>En el \u00faltimo cap\u00edtulo se explican los sistemas expertos que han servido de paradigma para la construcci\u00f3n de las aplicaciones posteriores: DENDRAL y MYCIN. Tambi\u00e9n, se menciona el sistema experto Termi que desarroll\u00e9 para la selecci\u00f3n de hornos para el tratamiento t\u00e9rmico as\u00ed como un eje.<\/p>\n<p><a href=\"http:\/\/www.amazon.com\/dp\/B0141GAORW\">Disponible en Amazon<\/a><\/p>\n","protected":false},"excerpt":{"rendered":"<p>Durante a\u00f1os la actividad de la Inteligencia Artificial estuvo dedicada a las investigaciones te\u00f3ricas y al desarrollo de experimentos a trav\u00e9s de programas que demostraran \u201cactitudes inteligentes\u201d, con estos programas se pretend\u00eda que la m\u00e1quina jugara ajedrez, demostrara teoremas matem\u00e1ticos, etc. No fue hasta los a\u00f1os 70 que surgi\u00f3 un nuevo paradigma en la Inteligencia [&hellip;]<\/p>\n","protected":false},"author":109,"featured_media":0,"parent":702,"menu_order":0,"comment_status":"closed","ping_status":"closed","template":"","meta":[],"_links":{"self":[{"href":"https:\/\/blogs.sld.cu\/cibernetica\/wp-json\/wp\/v2\/pages\/1416"}],"collection":[{"href":"https:\/\/blogs.sld.cu\/cibernetica\/wp-json\/wp\/v2\/pages"}],"about":[{"href":"https:\/\/blogs.sld.cu\/cibernetica\/wp-json\/wp\/v2\/types\/page"}],"author":[{"embeddable":true,"href":"https:\/\/blogs.sld.cu\/cibernetica\/wp-json\/wp\/v2\/users\/109"}],"replies":[{"embeddable":true,"href":"https:\/\/blogs.sld.cu\/cibernetica\/wp-json\/wp\/v2\/comments?post=1416"}],"version-history":[{"count":0,"href":"https:\/\/blogs.sld.cu\/cibernetica\/wp-json\/wp\/v2\/pages\/1416\/revisions"}],"up":[{"embeddable":true,"href":"https:\/\/blogs.sld.cu\/cibernetica\/wp-json\/wp\/v2\/pages\/702"}],"wp:attachment":[{"href":"https:\/\/blogs.sld.cu\/cibernetica\/wp-json\/wp\/v2\/media?parent=1416"}],"curies":[{"name":"wp","href":"https:\/\/api.w.org\/{rel}","templated":true}]}}