{"id":1894,"date":"2013-08-15T15:19:09","date_gmt":"2013-08-15T15:19:09","guid":{"rendered":"http:\/\/cibernetica.wordpress.com\/?page_id=638"},"modified":"2018-01-11T18:43:23","modified_gmt":"2018-01-11T18:43:23","slug":"ejecute-un-sistema-experto-ya-puede-ser-descargado-2","status":"publish","type":"page","link":"https:\/\/blogs.sld.cu\/cibernetica\/ejecute-un-sistema-experto-ya-puede-ser-descargado-2\/","title":{"rendered":"Novedades"},"content":{"rendered":"<ul>\n<li>*<strong>NUEVO* \u00a0<\/strong>Descargue el libro: \u201cLa trama de la vida\u201d<\/li>\n<li>Diplomado Internacional \u201cPensadores del Sur\u201d<\/li>\n<li>Finaliz\u00f3\u00a0el\u00a0Curso introducctorio de prospectiva<\/li>\n<li>Descargue el libro: &#8220;Los siete saberes necesarios para la educaci\u00f3n del futuro&#8221;<\/li>\n<li>Descargue el ensayo &#8220;El gran desaf\u00edo de la humanidad, en la era de las tecnologias&#8221;.<\/li>\n<li>Descargue la presentaci\u00f3n de Heylighen sobre Cerebro Global<\/li>\n<li><em>Pr\u00f3ximamente estar\u00e1 disponible el libro: &#8220;Inteligencia artificial, el comienzo de la era tecnol\u00f3gica<br \/>\n<\/em><\/li>\n<li>\u00daltima publicaci\u00f3n: &#8220;Sistemas Expertos&#8221;<\/li>\n<li>Lo m\u00e1s leido: &#8220;Inteligencia artificial, el futuro del hombre&#8221;<\/li>\n<li><em>Descargue ejemplo de SE en html (Javascript)<\/em><\/li>\n<\/ul>\n<p>&nbsp;<\/p>\n<p>Breve curso semanal en 8 lecciones de introducci\u00f3n a la prospectiva. <a href=\"https:\/\/cibernetica.wordpress.com\/cursos-multiversidad\/\">S\u00edgalo en la p\u00e1gina de cursos.<\/a><\/p>\n<h3>Ahora puede descargar el libro &#8220;Manual de iniciaci\u00f3n pedag\u00f3gica al pensamiento complejo&#8221;. <a href=\"http:\/\/blogs.sld.cu\/alejandro\/files\/2016\/12\/63-Los-7-saberes-Morin.pdf\">Descarguelo aqu\u00ed<\/a><\/h3>\n<h3>Por fin de a\u00f1o, pueden obtener gratis, mi ensayo &#8220;El gran desaf\u00edo de la humanidad, en la era de las tecnologias&#8221;. <a href=\"http:\/\/blogs.sld.cu\/alejandro\/files\/2016\/04\/El-gran-desafio-de-la-humanidad.pdf\">Desc\u00e1rguelo aqu\u00ed<\/a><\/h3>\n<h3>Presentaci\u00f3n de Helyghen sobre cerebro global descarguela aqui:<br \/>\nEn <a href=\"https:\/\/cibernetica.files.wordpress.com\/2016\/03\/heylighen-return2edenesp.ppt\">espa\u00f1ol<\/a> y en <a href=\"https:\/\/cibernetica.files.wordpress.com\/2016\/03\/heylighen-regreso2eden.ppt\">ingles<\/a><\/h3>\n<h3><strong>Pr\u00f3ximamente: Inteligencia artificial, el comienzo de la era tecnol\u00f3gica<\/strong><\/h3>\n<p><strong>Capitulo 1: Inteligencia artificial fuerte<br \/>\n<\/strong><\/p>\n<ul>\n<li class=\"level1\">\n<div class=\"li\">Historia de la IA (estado del arte)<\/div>\n<\/li>\n<li class=\"level1\">\n<div class=\"li\">IA fuerte e IA debil (crisis de la IA)<\/div>\n<\/li>\n<li class=\"level1\">\n<div class=\"li\">Sistemas basados en conocimientos (aplicaciones y tendencias)<\/div>\n<\/li>\n<li class=\"level1\">\n<div class=\"li\">Metafora del computador (Super IA)<\/div>\n<\/li>\n<\/ul>\n<p><strong>Capitulo 2: Singularidad tecnol\u00f3gica<br \/>\n<\/strong><\/p>\n<ul>\n<li class=\"level1\">\n<div class=\"li\">La era de las tecnologias (prospectiva)<\/div>\n<\/li>\n<li class=\"level1\">\n<div class=\"li\">Singularidad tecnol\u00f3gica. Inteligencias suprahumanas<\/div>\n<\/li>\n<li class=\"level1\">\n<div class=\"li\">Las 4 superinteligencias (v\u00edas para alcanzar la singularidad)<\/div>\n<\/li>\n<li class=\"level1\">\n<div class=\"li\">Singularidad vs Transhumanismo<\/div>\n<\/li>\n<\/ul>\n<div class=\"level2\"><\/div>\n<p><strong>Capitulo 3: Riesgos de la inteligencia artificial<br \/>\n<\/strong><\/p>\n<ul>\n<li class=\"level1\">\n<div class=\"li\">Riesgos existenciales (altruismo eficaz)<\/div>\n<\/li>\n<li class=\"level1\">\n<div class=\"li\">Riesgos de una singularidad. La bioetica (porque el futuro no nos necesita)<\/div>\n<\/li>\n<li class=\"level1\">\n<div class=\"li\">Los riesgos de la IA. Propuesta de una IA amistosa. \u00bfPor qu\u00e9 se ignoran los riesgos del transhumanismo?<\/div>\n<\/li>\n<li class=\"level1\">\n<div class=\"li\">Hacia una IA abierta y colaborativa (IA altruista)<\/div>\n<\/li>\n<\/ul>\n<p><strong>Capitulo 4: Relacion humanos-tecnologias<\/strong><\/p>\n<ul>\n<li class=\"level1\">\n<div class=\"li\">El impacto de las tecnologias (tecnologias emergentes)<\/div>\n<\/li>\n<li class=\"level1\">\n<div class=\"li\">De la era natural a la era tecnol\u00f3gica (futuro posthumano)<\/div>\n<\/li>\n<li class=\"level1\">\n<div class=\"li\">Relacion simbi\u00f3tica entre humanos y tecnologias. Escenarios futuros (convivencia entre super inteligencias)<\/div>\n<\/li>\n<li class=\"level1\">\n<div class=\"li\">Hacia la cooperaci\u00f3n (mutualismo) entre humanos y tecnologias. Enfoque cibern\u00e9tico.<\/div>\n<\/li>\n<\/ul>\n<h2><strong>\u00daltimo libro<\/strong><\/h2>\n<h2 class=\"entry-title\"><a href=\"https:\/\/cibernetica.files.wordpress.com\/2013\/10\/sistemas-expertos.jpg\"><img loading=\"lazy\" class=\"wp-image-1359 alignleft\" src=\"https:\/\/cibernetica.files.wordpress.com\/2013\/10\/sistemas-expertos.jpg?w=172&amp;h=274\" alt=\"Sistemas Expertos\" width=\"158\" height=\"251\" \/><\/a><\/h2>\n<p>En el libro se recoge mi experiencia como profesor impartiendo cursos de inteligencia artificial y rob\u00f3tica, sistemas expertos y programaci\u00f3n en Prolog. Se busca que comprendan la importancia de los sistemas expertos y que sean capaces de desarrollar bases de conocimientos para aplicaciones en su \u00e1rea y\/o elaborar sistemas expertos simples. En\u00a0el texto se incluyen los siguientes temas: Sistemas de producci\u00f3n, estrategia de b\u00fasqueda, representaci\u00f3n del conocimiento, razonamiento con incertidumbre y sistemas expertos: aplicaciones y ejemplos.<\/p>\n<h2><\/h2>\n<h2>Libro m\u00e1s leido<\/h2>\n<p><a href=\"https:\/\/cibernetica.files.wordpress.com\/2013\/06\/libro-portada-ia_.jpg\"><img loading=\"lazy\" width=\"280\" height=\"280\" class=\"alignnone size-full wp-image-523\" src=\"https:\/\/cibernetica.files.wordpress.com\/2013\/06\/libro-portada-ia_.jpg?w=640\" alt=\"libro-portada-ia_\" align=\"LEFT\" srcset=\"https:\/\/blogs.sld.cu\/cibernetica\/files\/2013\/06\/libro-portada-ia_.jpg 280w, https:\/\/blogs.sld.cu\/cibernetica\/files\/2013\/06\/libro-portada-ia_-150x150.jpg 150w\" sizes=\"(max-width: 280px) 100vw, 280px\" \/><\/a>\u201c\u00bfSer\u00e1 posible llegar a una era poshumana? \u00bfQu\u00e9 tendr\u00e1 que suceder o que est\u00e1 sucediendo ya? El hombre construye m\u00e1quinas \u2013cada vez m\u00e1s potentes\u2013 a una velocidad nunca antes imaginada; y mientras el desarrollo de las m\u00e1quinas parece no tener l\u00edmites, la especie humana da la impresi\u00f3n que haber detenido su proceso evolutivo. Tiene sentido pensar que las m\u00e1quinas le dar\u00e1n alcance e incluso lo rebasar\u00e1n. \u00bfY qu\u00e9 suceder\u00e1 entonces? \u00bfTendr\u00e1 el hombre que someterse al dominio de las m\u00e1quinas o surgir\u00e1 alguna forma de fusi\u00f3n entre hombres y m\u00e1quinas, en la que el hombre pierda su identidad humana y se d\u00e9 inicio a la era poshumana?\u201d<\/p>\n<h3>Puede descargar el ejemplo de Sistema Experto en Javascript\u00a0<a title=\"Tinas\" href=\"http:\/\/blogs.sld.cu\/cibernetica\/files\/2014\/11\/Tinas.rar\"> aqui<\/a><\/h3>\n","protected":false},"excerpt":{"rendered":"<p>*NUEVO* \u00a0Descargue el libro: \u201cLa trama de la vida\u201d Diplomado Internacional \u201cPensadores del Sur\u201d Finaliz\u00f3\u00a0el\u00a0Curso introducctorio de prospectiva Descargue el libro: &#8220;Los siete saberes necesarios para la educaci\u00f3n del futuro&#8221; Descargue el ensayo &#8220;El gran desaf\u00edo de la humanidad, en la era de las tecnologias&#8221;. Descargue la presentaci\u00f3n de Heylighen sobre Cerebro Global Pr\u00f3ximamente estar\u00e1 [&hellip;]<\/p>\n","protected":false},"author":109,"featured_media":0,"parent":0,"menu_order":1,"comment_status":"open","ping_status":"open","template":"","meta":[],"_links":{"self":[{"href":"https:\/\/blogs.sld.cu\/cibernetica\/wp-json\/wp\/v2\/pages\/1894"}],"collection":[{"href":"https:\/\/blogs.sld.cu\/cibernetica\/wp-json\/wp\/v2\/pages"}],"about":[{"href":"https:\/\/blogs.sld.cu\/cibernetica\/wp-json\/wp\/v2\/types\/page"}],"author":[{"embeddable":true,"href":"https:\/\/blogs.sld.cu\/cibernetica\/wp-json\/wp\/v2\/users\/109"}],"replies":[{"embeddable":true,"href":"https:\/\/blogs.sld.cu\/cibernetica\/wp-json\/wp\/v2\/comments?post=1894"}],"version-history":[{"count":3,"href":"https:\/\/blogs.sld.cu\/cibernetica\/wp-json\/wp\/v2\/pages\/1894\/revisions"}],"predecessor-version":[{"id":1913,"href":"https:\/\/blogs.sld.cu\/cibernetica\/wp-json\/wp\/v2\/pages\/1894\/revisions\/1913"}],"wp:attachment":[{"href":"https:\/\/blogs.sld.cu\/cibernetica\/wp-json\/wp\/v2\/media?parent=1894"}],"curies":[{"name":"wp","href":"https:\/\/api.w.org\/{rel}","templated":true}]}}