{"id":1898,"date":"2013-10-23T20:54:02","date_gmt":"2013-10-23T20:54:02","guid":{"rendered":"http:\/\/cibernetica.wordpress.com\/?page_id=739"},"modified":"2013-10-23T20:54:02","modified_gmt":"2013-10-23T20:54:02","slug":"curriculum-vitae","status":"publish","type":"page","link":"https:\/\/blogs.sld.cu\/cibernetica\/curriculum-vitae\/","title":{"rendered":"Curr\u00edculo"},"content":{"rendered":"<p>CURRICULUM VITAE<\/p>\n<p>TITULO: Cibern\u00e9tico Matem\u00e1tico.<\/p>\n<p>CENTRO DE ESTUDIO: Universidad de la Habana<\/p>\n<p>ESPECIALIDAD: Especialista en Ciencias Inform\u00e1ticas<\/p>\n<p>CENTRO DE TRABAJO: Infomed<\/p>\n<p>CATEGOR\u00cdA CIENT\u00cdFICA: Msc en Bio\u00e9tica<\/p>\n<p>\u00daLTIMOS TRABAJOS REALIZADOS<\/p>\n<p>&#8211; Desarrollo del comercio electr\u00f3nico en las empresas del Mincex.<\/p>\n<p>&#8211; Proyecto de estrategia para la implementaci\u00f3n de las tiendas virtuales en las empresas.<\/p>\n<p>&#8211; Desarrollo del sitio para el Comercio Electr\u00f3nico.<\/p>\n<p>&#8211; Estrategia para la seguridad inform\u00e1tica en el Mincex<\/p>\n<p>&#8211; Desarrollo de Intranet para la Direcci\u00f3n de Inform\u00e1tica (DIC WEB)<\/p>\n<p>&#8211; Desarrollo de Intranet para el centro de la promoci\u00f3n de las exportaciones (CEPEC)<\/p>\n<p>&#8211; Administraci\u00f3n del sitio Web CEPEC<\/p>\n<p>&#8211; Mejoras en el posicionamiento del sitio Web<\/p>\n<p>&#8211; Asesor\u00eda a empresas y especialista sobre como promoverse por Internet<\/p>\n<p>&#8211; Administrador del grupo DIGITendencias (tendencias en la era digital) y editor del bolet\u00edn del mismo nombre. Hasta la fecha se han publicado 30 art\u00edculos.<\/p>\n<p>&#8211; Administraci\u00f3n del grupo Promoci\u00f3n-Comercio para los productos de la Salud.<\/p>\n<p>&#8211; Proyecto de red social sobre Bio\u00e9tica y Sostenibilidad<\/p>\n<p>&#8211; B\u00fasqueda de informaci\u00f3n sobre las publicaciones electr\u00f3nicas (ePub) y analizar las condiciones para su posible aplicaci\u00f3n.<\/p>\n<p>&#8211; Responsable para la Enciclopedia Cubana (EcuRed) en el Mincex.<\/p>\n<p>&#8211; Adiestramiento de los profesores del Instituto (INCOMEX) como colaboradores de la EcuRed.<\/p>\n<p>&#8211; Colaboraciones enviadas a la EcuRed: Brecha digital, Desarrollo sostenible, Bio\u00e9tica, Sostenibilidad tecnol\u00f3gica y Singularidad tecnol\u00f3gica.<\/p>\n<p>&#8211; Desarrollo en Drupal del sitio Web Salud Vida<\/p>\n<p>&#8211;\u00a0 Elaboraci\u00f3n del sitio Desarrollo Web<\/p>\n<p>&#8211; Organizaci\u00f3n y planificaci\u00f3n de la gesti\u00f3n de proyectos en Infomed<\/p>\n<p>&#8211; Migraci\u00f3n y aseguramiento web para la plataforma de Blogs profesionales<\/p>\n<p>&#8211; Preparaci\u00f3n del curso Sistemas Basados en Conocimientos sobre Moodle<\/p>\n<p>&#8211; Administrador de la plataforma Moodle para Desarrollo Web<\/p>\n<p>PRINCIPALES TRABAJOS DESARROLLADOS<\/p>\n<p>\u2011 Sistema para el c\u00e1lculo de alumbrado exterior.<\/p>\n<p>\u2011 Sistema para el c\u00e1lculo de ca\u00edda de voltaje.<\/p>\n<p>\u2011 Sistema para costo de proyectos.<\/p>\n<p>\u2011 Programa para c\u00e1mara de secado.<\/p>\n<p>\u2011 Sistema unificado para estructuras reticulares por el m\u00e9todo de elementos finitos (SUPERMEF).<\/p>\n<p>\u2011 Sistema experto para la selecci\u00f3n de soluciones tecnol\u00f3gicas para tratamiento t\u00e9rmico (TERMI).<\/p>\n<p>\u2011 Sistema para la ayuda al dise\u00f1o de proyectos para cuadros de\u00a0\u00a0\u00a0 carpinter\u00eda y herrajes.<\/p>\n<p>&#8211; Sistema para el dise\u00f1o de cocinas comedores (COCINAS).<\/p>\n<p>&#8211; Elaboraci\u00f3n de la estrategia inform\u00e1tica de Emprosime<\/p>\n<p>&#8211; Creaci\u00f3n y organizaci\u00f3n de la direcci\u00f3n de I+D de Emprosime<\/p>\n<p>&#8211; Organizaci\u00f3n e implantaci\u00f3n de Internet y la Intranet de Emprosime<\/p>\n<p>&#8211; Responsable del perfeccionamiento y la estrategia empresarial en Emprosime.<\/p>\n<p>&#8211; Organizaci\u00f3n del CAD en la direcci\u00f3n de Ingenier\u00eda as\u00ed como la creaci\u00f3n de un sistema organizativo en funci\u00f3n de la ISO y la direcci\u00f3n integrada de proyectos.<\/p>\n<p>\u2011 Herramientas con t\u00e9cnicas de Inteligencia Artificial de ayuda al AutoCAD (ACADI).<\/p>\n<p>&#8211; Concepci\u00f3n de un sistema para la gesti\u00f3n automatizada del dise\u00f1o (SisGAD)<\/p>\n<p>OTROS TRABAJOS REALIZADOS:<\/p>\n<p>\u2011 Bibliotecas Matem\u00e1ticas (ordenamiento, ajuste de curvas,\u00a0 simplex modificado, tratamiento de matrices etc.)<\/p>\n<p>\u2011 Aplicaciones de los comandos del plus 80 al CP\/M \u2011 86 y un HELP\u00a0\u00a0\u00a0 en espa\u00f1ol.<\/p>\n<p>\u2011 Representaci\u00f3n de vectores y matrices por reescritura a trav\u00e9s de listas para optimizar el uso de la memoria.<\/p>\n<p>\u2011 Sistema computacional para la soluci\u00f3n de ecuaciones por los m\u00e9todos de Gauss y de Cholesky en las matrices sim\u00e9tricas.<\/p>\n<p>\u2011 Modulo consultante para el dise\u00f1o de Vigas Carrileras.<\/p>\n<p>\u2011 Modulo de programas para el tratamiento de entidades en forma de FRAMES para el sistema de carpinter\u00eda y herrajes (CARPIN).<\/p>\n<p>\u2011 M\u00f3dulo generador de soluciones para el sistema experto TERMI.<\/p>\n<p>\u2011 Modificaci\u00f3n a sistema experto para clasificaci\u00f3n y consultas.<\/p>\n<p>\u2011 M\u00f3dulos de programas para la elaboraci\u00f3n de planes.<\/p>\n<p>\u2011 Modelo para la representaci\u00f3n de conocimientos basados en\u00a0\u00a0 casos.<\/p>\n<p>CURSOS RECIBIDOS:<\/p>\n<p>\u2011 T\u00e9cnicas avanzadas de programaci\u00f3n (CAC \u2011 1985)<\/p>\n<p>\u2011 T\u00e9cnicas optimizadas de sistemas (CAC \u2011 1986)<\/p>\n<p>\u2011 Sistemas expertos en la pr\u00e1ctica (CAC \u2011 1988)<\/p>\n<p>\u2011 Ingles curso de lectura (Esc. Idioma \u2011 1989).<\/p>\n<p>\u2011 Redes locales (CECE \u2011 1991)<\/p>\n<p>\u2011 Planificaci\u00f3n cl\u00e1sica y multiagente (UH \u2011 1992).<\/p>\n<p>&#8211; Multimedia (CEDISAC \u2011 1996)<\/p>\n<p>&#8211; Gesti\u00f3n tecnol\u00f3gica (GESTA \u2013 1998)<\/p>\n<p>&#8211; Dise\u00f1o de paginas Web (CENSAI \u2013 1999)<\/p>\n<p>&#8211; Gesti\u00f3n de la calidad (GESTA \u2013 2000)<\/p>\n<p>&#8211; Habilidades directivas (CETA \u2013 2000)<\/p>\n<p>&#8211; T\u00e9cnicas de direcci\u00f3n (EMPROSIME &#8211; 2000)<\/p>\n<p>&#8211; Gerencia de procesos (GESTA \u2013 2001)<\/p>\n<p>&#8211; Comercio Electr\u00f3nico (CITMATEL \u2013 2005)<\/p>\n<p>&#8211; Exact Global 2003 (MADRID &#8211; 2006)<\/p>\n<p>&#8211; Diplomado Comercio Exterior (Instituto Comercio Exterior \u2013 2006). Tesis: \u201cDesarrollo del Comercio Electr\u00f3nico en el Mincex.<\/p>\n<p>&#8211; Maestr\u00eda en Bio\u00e9tica (Centro de Bio\u00e9tica \u201cJuan Pablo II\u201d \u2013 2011 al 2012). Tesis: \u201cDesaf\u00edos \u00e9ticos que las tecnolog\u00edas convergentes plantean al ser humano\u201d<\/p>\n<p>CURSOS IMPARTIDOS:<\/p>\n<p>\u2011 Introducci\u00f3n a la computaci\u00f3n (EMPROSIME \u2011 1985).<\/p>\n<p>\u2011 Sistema Operativo CP\/M \u2011 86 (CECE \u2011 1985).<\/p>\n<p>\u2011 M\u00e9todos de B\u00fasqueda y Programaci\u00f3n L\u00f3gica (CECE \u2011 1986).<\/p>\n<p>\u2011 Lenguaje PROLOG (EDISIME \u2011 1988)<\/p>\n<p>\u2011 Programaci\u00f3n en PROLOG (CECE \u2011 1988, 1989 y 1990).<\/p>\n<p>&#8211; Sistemas Expertos (CECE &#8211; 1991, 1992 y 1993).<\/p>\n<p>&#8211; Inteligencia Artificial y Rob\u00f3tica (Red21 \u20132003).<\/p>\n<p>&#8211; Tendencias y Nuevas Tecnolog\u00edas (DigiTendencias \u2013 2009)<\/p>\n<p>PUBLICACIONES CIENTIFICAS:<\/p>\n<p>\u2011 Programaci\u00f3n Estructurada (bolet\u00edn de computaci\u00f3n \u2011 1986).<\/p>\n<p>\u2011 Programaci\u00f3n L\u00f3gica (bolet\u00edn de computaci\u00f3n \u2011 1987).<\/p>\n<p>\u2011 Introducci\u00f3n a los Sistemas Expertos (bolet\u00edn de computaci\u00f3n \u2011\u00a0\u00a0 1989).<\/p>\n<p>\u2011 TERMI: Sistema para la asistencia t\u00e9cnica en la selecci\u00f3n de\u00a0\u00a0\u00a0 soluciones tecnol\u00f3gicas para tratamiento t\u00e9rmico (bolet\u00edn de\u00a0\u00a0 computaci\u00f3n \u2011 1990).<\/p>\n<p>\u2011 Hablemos de Cibern\u00e9tica (Juventud T\u00e9cnica \u2011 1996, No. 274).<\/p>\n<p>\u2011 \u00bfSer\u00e1n nuestros nietos robots? (Juventud T\u00e9cnica \u2011 1996, No.\u00a0\u00a0 275).<\/p>\n<p>\u2011 Sistema CONCREX: utilizaci\u00f3n de\u00a0 la inteligencia artificial en el hormigonado &#8220;in situ&#8221; (Cemento Hormig\u00f3n \u2011 1996, No. 757\u00a0\u00a0 Espa\u00f1a).<\/p>\n<p>&#8211; \u201cPosthumanidad o posthumanismo\u201d (Colecci\u00f3n Pensar en Cuba de la editorial Ciencias Sociales &#8211; 1996).<\/p>\n<p>&#8211; El sendero de la Inteligencia Artificial (Revista GIGA \u2013 1998)<\/p>\n<p>&#8211; Internet como herramienta de promoci\u00f3n a nuestras empresas (Revista B~T SIME \u2013 1999)<\/p>\n<p>&#8211; La Inteligencia Artificial y los retos de Microsoft (Punto cu &#8211; 2004)<\/p>\n<p>&#8211; La I guerra en Internet: los navegadores (Punto cu \u2013 2006)<\/p>\n<p>&#8211; La II guerra en Internet: Los buscadores (Mercado No.44 \u2013 2007)<\/p>\n<p>&#8211; Sostenibilidad tecnol\u00f3gica: un enfoque tecno-humanista de la sostenibilidad (Cuadernos Bio\u00e9tica, marzo\/abril 2010)<\/p>\n<p>&#8211; \u00c9tica y tecnolog\u00eda (Revista Bio\u00e9tica \u2013 enero\/abril 2010)<\/p>\n<p>&#8211; Publicaciones electr\u00f3nicas en mi blog Soy un cibern\u00e9tico (m\u00e1s de 100 publicaciones)<\/p>\n<p>LIBROS PUBLICADOS<\/p>\n<p>En papel<\/p>\n<ul>\n<li>&#8220;\u00bfPosthumanidad o posthumanismo?&#8221;, (ensayo) colecci\u00f3n Pensar en Cuba. 1997<\/li>\n<li>&#8220;Casa Muerta&#8221;. (cuento) antolog\u00eda de ciencia ficci\u00f3n cubana. 1999<\/li>\n<li>\u201cEl gran desaf\u00edo de la humanidad en la era de las tecnolog\u00edas (ensayo) concurso Pensar a Contracorriente (en publicaci\u00f3n)<\/li>\n<\/ul>\n<p>Electr\u00f3nicos<\/p>\n<ul>\n<li>&#8220;Inteligencia Artificial, el futuro del hombre&#8221;, Editorial Amazon. 2013<\/li>\n<li>&#8220;Zaida, cuentos de ciencia ficci\u00f3n&#8221;, Editorial Amazon. 2013<\/li>\n<li>&#8220;Cosmovisi\u00f3n po\u00e9tica&#8221;, Editorial Amazon. 2013<\/li>\n<li>&#8220;Crisis en el siglo XXI: Desaf\u00edos contempor\u00e1neos&#8221;, Editorial Amazon. 2014<\/li>\n<\/ul>\n<p>EVENTOS:<\/p>\n<p>\u2011 Exposici\u00f3n logros forjadores del futuro \u2011 1985: &#8220;Algunas apli\u00adcaciones de los comandos del PLUS\u201180&#8221; (menci\u00f3n).<\/p>\n<p>\u2011 XII encuentro de las BTJ \u2011 1987: &#8220;Sistema para la selecci\u00f3n de soluciones tecnol\u00f3gicas para tratamiento t\u00e9rmico&#8221; (premio nacio\u00adnal).<\/p>\n<p>\u2011 Conferencia internacional la computaci\u00f3n en la arquitectura y la ingenier\u00eda \u2011 1989: &#8220;Sistemas expertos su aplicaci\u00f3n al dise\u00f1o&#8221; (conferencista).<\/p>\n<p>\u2011 Inform\u00e1tica \u2011 1990: &#8220;Termi: Sistema experto para la asistencia t\u00e9cnica en la selecci\u00f3n de soluciones tecnol\u00f3gicas para trata\u00admiento t\u00e9rmico&#8221; (p\u00f3ster).<\/p>\n<p>\u2011 I Reuni\u00f3n t\u00e9cnica de Autocad \u2011 1990 &#8220;Aplicaci\u00f3n de la Inteli\u00adgencia Artificial a los CAD: perspectivas&#8221; (conferencia magis\u00adtral).<\/p>\n<p>&#8211; III Congreso Iberoamericano de Inteligencia Artificial (IBERAMIA) \u2011 1992: &#8220;Herramientas en AutoLISP para desarrollar CAD inteligentes (ACADI)&#8221; (p\u00f3ster).<\/p>\n<p>\u2011 Joven Club. Palacio de computaci\u00f3n \u2011 1993: &#8220;Las computadoras de la ficci\u00f3n a la ciencia&#8221; (conferencia).<\/p>\n<p>\u2011 Feria del libro \u2011 1996 &#8220;Cultura y cibern\u00e9tica en la antesala del tercer milenio&#8221; (Panelista).<\/p>\n<p>&#8211; III Encuentro de realidad virtual \u2013 1997 \u201cLa especulaci\u00f3n en el ciberespacio\u201d (panelista).<\/p>\n<p>&#8211; INFO\u00b497 \u2013 1997 \u201cLas nuevas tecnolog\u00edas y su impacto sobre las organizaciones inteligentes\u201d (Ponencia).<\/p>\n<p>&#8211; Inform\u00e1tica 98 \u2013 1998 \u201cInternet: nuevas posibilidades de desarrollo para los software inteligentes\u201d (Ponencia).<\/p>\n<p>&#8211; Met\u00e1nica 2000 \u2013 \u201cLa gerencia del conocimiento y la necesidad de una visi\u00f3n de futuro (Ponencia)<\/p>\n<p>&#8211; Met\u00e1nica 2001 \u2013 \u201cLos cambios de paradigma tecnol\u00f3gico y la nueva era digital\u201d (Conferencia).<\/p>\n<p>&#8211; Met\u00e1nica 2002 \u2013 \u201cLa Intranet como sistema de gesti\u00f3n empresarial y organizaci\u00f3n del conocimiento\u201d (Ponencia).<\/p>\n<p>&#8211; Met\u00e1nica 2003 &#8211;\u00a0 \u201cAutomatizaci\u00f3n de la gesti\u00f3n del dise\u00f1o\u201d (Panelista).<\/p>\n<p>&#8211; Inform\u00e1tica 2005 &#8211; II Taller de Comercio Electr\u00f3nico: \u201cImpacto de los Agentes Inteligentes en el Comercio Electr\u00f3nico\u201d (Ponencia)<\/p>\n<p>&#8211; Ansible 2005 \u2013 II Encuentro te\u00f3rico del g\u00e9nero fant\u00e1stico: \u201c\u00bfY si la Web me entendiera?\u201d (Ponencia)<\/p>\n<p>&#8211; Encuentro de Realidad Virtual 2005 &#8211; Diez a\u00f1os despu\u00e9s: \u201cLa realidad virtual: \u00bfUna realidad alternativa o complementario? (Ponencia)\u201d<\/p>\n<p>&#8211; III Congreso online observatorio para la CiberSociedad 2006 \u2013 Grupo de trabajo E13: \u201cLa relaci\u00f3n hombre-m\u00e1quina y la ideolog\u00eda de una posthumanidad\u201d (Comunicaci\u00f3n).<\/p>\n<p>&#8211; Inform\u00e1tica 2009 &#8211; III Taller de Comercio Electr\u00f3nico: \u201cAnteproyecto para el desarrollo del Comercio Electr\u00f3nico\u201d (Ponencia).<\/p>\n<p>&#8211; IV Taller de Comercio Electr\u00f3nico (2011): \u201cLas redes sociales y el administrador de comunidades\u201d (P\u00f3ster electr\u00f3nico).<\/p>\n<p>&#8211; X Jornada de Bio\u00e9tica (2011). Participante<\/p>\n<p>MIEMBRO DE TRIBUNALES, COMISIONES, SOCIEDADES, OTROS:<\/p>\n<p>\u2011 Participaci\u00f3n en tareas de SAPRO internacional.<\/p>\n<p>\u2011 Miembro del tribunal para seleccionar los trabajos para\u00a0 INFORMATICA 90 y 92. &#8220;La computaci\u00f3n en la Arquitectura y la Ingenier\u00eda&#8221;.<\/p>\n<p>\u2011 Miembro del tribunal para seleccionar los trabajos en la tem\u00e1tica de Inteligencia Artificial para la Convenci\u00f3n de la Uni\u00f3n Panamericana de Asociaciones de Ingenieros (UPADI 90).<\/p>\n<p>\u2011 Profesor de computaci\u00f3n del Frente de Proyectos.<\/p>\n<p>\u2011 Responsable de la Inteligencia Artificial para el Frente de Proyectos.<\/p>\n<p>&#8211; Responsable\u00a0 de la comisi\u00f3n de computaci\u00f3n del Frente de Proyectos.<\/p>\n<p>&#8211; Cuadro destacado del SIME en 1999.<\/p>\n<p>&#8211; IV Congreso online observatorio para la CiberSociedad 2010 \u2013 Miembro del Comit\u00e9 Organizador.<\/p>\n<p>&#8211; Participaci\u00f3n como experto para el tema \u201cLatinoam\u00e9rica 2010 \u2013 2030: Cuestionario Delphi Internacional y Escenarios\u201d del Proyecto Milenio<\/p>\n<p>&#8211; Coordinador virtual para los eventos de Inform\u00e1tica 2009 y 2011<\/p>\n<p>ACTIVIDADES EN INTERNET<\/p>\n<ul>\n<li>Blog: Soy un cibern\u00e9tico (<a href=\"http:\/\/cibernetica.wordpress.com\">http:\/\/cibernetica.wordpress.com<\/a>)<\/li>\n<li>Redes sociales: Linkendin, Facebook, Twiter, Google+<\/li>\n<li>Otras redes: Red Iberoamericana de Comunicaci\u00f3n y Divulgaci\u00f3n Cient\u00edfica, Academia.Edu y Red Virtual de Ciencia, Tecnolog\u00eda, Sociedad e Innovaci\u00f3n (CAEU \/ OEI)<\/li>\n<\/ul>\n<p>&nbsp;<\/p>\n<p>&nbsp;<\/p>\n<p>&nbsp;<\/p>\n<p>&nbsp;<\/p>\n<p>&nbsp;<\/p>\n","protected":false},"excerpt":{"rendered":"<p>CURRICULUM VITAE TITULO: Cibern\u00e9tico Matem\u00e1tico. CENTRO DE ESTUDIO: Universidad de la Habana ESPECIALIDAD: Especialista en Ciencias Inform\u00e1ticas CENTRO DE TRABAJO: Infomed CATEGOR\u00cdA CIENT\u00cdFICA: Msc en Bio\u00e9tica \u00daLTIMOS TRABAJOS REALIZADOS &#8211; Desarrollo del comercio electr\u00f3nico en las empresas del Mincex. &#8211; Proyecto de estrategia para la implementaci\u00f3n de las tiendas virtuales en las empresas. &#8211; Desarrollo [&hellip;]<\/p>\n","protected":false},"author":109,"featured_media":0,"parent":0,"menu_order":49,"comment_status":"open","ping_status":"open","template":"","meta":[],"_links":{"self":[{"href":"https:\/\/blogs.sld.cu\/cibernetica\/wp-json\/wp\/v2\/pages\/1898"}],"collection":[{"href":"https:\/\/blogs.sld.cu\/cibernetica\/wp-json\/wp\/v2\/pages"}],"about":[{"href":"https:\/\/blogs.sld.cu\/cibernetica\/wp-json\/wp\/v2\/types\/page"}],"author":[{"embeddable":true,"href":"https:\/\/blogs.sld.cu\/cibernetica\/wp-json\/wp\/v2\/users\/109"}],"replies":[{"embeddable":true,"href":"https:\/\/blogs.sld.cu\/cibernetica\/wp-json\/wp\/v2\/comments?post=1898"}],"version-history":[{"count":0,"href":"https:\/\/blogs.sld.cu\/cibernetica\/wp-json\/wp\/v2\/pages\/1898\/revisions"}],"wp:attachment":[{"href":"https:\/\/blogs.sld.cu\/cibernetica\/wp-json\/wp\/v2\/media?parent=1898"}],"curies":[{"name":"wp","href":"https:\/\/api.w.org\/{rel}","templated":true}]}}