{"id":1902,"date":"2014-10-09T20:41:53","date_gmt":"2014-10-09T20:41:53","guid":{"rendered":"http:\/\/cibernetica.wordpress.com\/?page_id=1028"},"modified":"2014-10-09T20:41:53","modified_gmt":"2014-10-09T20:41:53","slug":"mi-libreria-2","status":"publish","type":"page","link":"https:\/\/blogs.sld.cu\/cibernetica\/mi-libreria-2\/","title":{"rendered":"Mi librer\u00eda"},"content":{"rendered":"<h3 style=\"text-align:justify\"><em>Publicaciones en papel\u00a0<\/em><\/h3>\n<h2 style=\"text-align:justify\">Inteligencia artificial, el futuro del hombre<strong><br \/>\n<\/strong><\/h2>\n<p style=\"text-align:justify\"><a href=\"https:\/\/cibernetica.files.wordpress.com\/2013\/10\/inteligencia-artificial-el-futuro-del-hombre.jpg\"><img loading=\"lazy\" class=\" wp-image-1284 size-thumbnail alignleft\" style=\"margin-left:25px\" src=\"https:\/\/cibernetica.files.wordpress.com\/2013\/10\/inteligencia-artificial-el-futuro-del-hombre.jpg?w=102\" alt=\"Inteligencia-artificial-el-futuro-del-hombre\" width=\"102\" height=\"150\" \/><\/a><\/p>\n<p style=\"text-align:justify\"><span lang=\"ES\" style=\"font-size:11pt;font-family:'Arial', 'sans-serif'\">El libro es una propuesta sobre el futuro del hombre y como ser\u00e1 su relaci\u00f3n con una tecnolog\u00eda que cada vez se hace m\u00e1s independiente y m\u00e1s ajena al destino del hombre como ser humano y es un esfuerzo por responder a las preguntas sobre cu\u00e1l ser\u00e1 nuestro futuro ante el acelerado desarrollo de las m\u00e1quinas. Y que opciones tenemos&#8230;<\/span><\/p>\n<p style=\"text-align:justify\"><a href=\"http:\/\/www.bubok.es\/libros\/241235\/Inteligencia-artificial-el-futuro-del-hombre\">Disponible en Bubok<\/a><\/p>\n<h2><\/h2>\n<h2>\u00a0Cazadores de imagenes y otros cuentos<strong><br \/>\n<\/strong><\/h2>\n<p style=\"text-align:justify\">Cuen<a href=\"https:\/\/cibernetica.files.wordpress.com\/2012\/10\/caza-imagenes.jpg\"><img loading=\"lazy\" class=\"alignleft wp-image-150 size-thumbnail\" style=\"margin-left:25px\" src=\"https:\/\/cibernetica.files.wordpress.com\/2012\/10\/caza-imagenes.jpg?w=102\" alt=\"Cazadores de imagenes\" width=\"102\" height=\"150\" srcset=\"https:\/\/blogs.sld.cu\/cibernetica\/files\/2012\/10\/caza-imagenes.jpg 213w, https:\/\/blogs.sld.cu\/cibernetica\/files\/2012\/10\/caza-imagenes-204x300.jpg 204w\" sizes=\"(max-width: 102px) 100vw, 102px\" \/><\/a>tos que tratan el tema de la ciencia dicci\u00f3n desde diversos enfoques pero todos desde una \u00f3ptica humanista, sobre el destino del ser humano, el amor y los peligros de una sociedad superconsumista donde se pierde todo vestigio de humanidad hasta un infierno donde el bien se confunde con el mal&#8230;<\/p>\n<p><a href=\"http:\/\/www.bubok.es\/libros\/13525\/Cazadores-de-imagenes-y-otros-cuentos\">Disponible en Bubok<\/a><\/p>\n<h2>Desnudando tristezas<strong><br \/>\n<\/strong><\/h2>\n<p style=\"text-align:justify\"><a href=\"https:\/\/cibernetica.files.wordpress.com\/2013\/07\/desnudatriste.jpg\"><img loading=\"lazy\" class=\"alignleft wp-image-587 size-full\" style=\"margin-left:25px\" src=\"https:\/\/cibernetica.files.wordpress.com\/2013\/07\/desnudatriste.jpg\" alt=\"Desnudatriste\" width=\"100\" height=\"145\" \/><\/a>Poemas que tratan sobre la tristeza como manifestaci\u00f3n de un alma que transita por el desamor, el olvido y la angustia. Donde siempre esta presente el tema del amor, las ilusiones y los desencantos. Poes\u00eda en la que el dolor se funde con la naturaleza, en un solo gemido.<\/p>\n<p><a href=\"http:\/\/www.bubok.es\/libros\/8507\/Desnudando-tristezas\">Disponible en Bubok<\/a><\/p>\n","protected":false},"excerpt":{"rendered":"<p>Publicaciones en papel\u00a0 Inteligencia artificial, el futuro del hombre El libro es una propuesta sobre el futuro del hombre y como ser\u00e1 su relaci\u00f3n con una tecnolog\u00eda que cada vez se hace m\u00e1s independiente y m\u00e1s ajena al destino del hombre como ser humano y es un esfuerzo por responder a las preguntas sobre cu\u00e1l [&hellip;]<\/p>\n","protected":false},"author":109,"featured_media":0,"parent":0,"menu_order":16,"comment_status":"open","ping_status":"open","template":"","meta":[],"_links":{"self":[{"href":"https:\/\/blogs.sld.cu\/cibernetica\/wp-json\/wp\/v2\/pages\/1902"}],"collection":[{"href":"https:\/\/blogs.sld.cu\/cibernetica\/wp-json\/wp\/v2\/pages"}],"about":[{"href":"https:\/\/blogs.sld.cu\/cibernetica\/wp-json\/wp\/v2\/types\/page"}],"author":[{"embeddable":true,"href":"https:\/\/blogs.sld.cu\/cibernetica\/wp-json\/wp\/v2\/users\/109"}],"replies":[{"embeddable":true,"href":"https:\/\/blogs.sld.cu\/cibernetica\/wp-json\/wp\/v2\/comments?post=1902"}],"version-history":[{"count":0,"href":"https:\/\/blogs.sld.cu\/cibernetica\/wp-json\/wp\/v2\/pages\/1902\/revisions"}],"wp:attachment":[{"href":"https:\/\/blogs.sld.cu\/cibernetica\/wp-json\/wp\/v2\/media?parent=1902"}],"curies":[{"name":"wp","href":"https:\/\/api.w.org\/{rel}","templated":true}]}}