{"id":232,"date":"2012-12-17T14:32:34","date_gmt":"2012-12-17T14:32:34","guid":{"rendered":"http:\/\/cibernetica.wordpress.com\/?page_id=232"},"modified":"2017-10-27T20:19:44","modified_gmt":"2017-10-27T20:19:44","slug":"eventos","status":"publish","type":"page","link":"https:\/\/blogs.sld.cu\/cibernetica\/eventos\/","title":{"rendered":"Investigaciones"},"content":{"rendered":"<h2>\u00a0Proyecto de investigaci\u00f3n<\/h2>\n<p>&nbsp;<\/p>\n<p><strong>L\u00edneas de investigaci\u00f3n<\/strong><\/p>\n<p><strong>\u00a0<\/strong>1.-Cosmovisi\u00f3n de la complejidad y los diferentes enfoques ante los problemas contempor\u00e1neos. Con especial atenci\u00f3n al enfoque sist\u00e9mico-cibern\u00e9tico.<\/p>\n<p><span style=\"text-decoration: underline;\">Resultados<\/span><\/p>\n<p>Libro <em>Cosmovisi\u00f3n de la complejidad, sus enfoques. <\/em>En proceso de elaboraci\u00f3n.<\/p>\n<p>Monograf\u00eda <em>Riesgos tecnol\u00f3gicos y el enfoque sist\u00e9mico-cibern\u00e9tico. <\/em>En proceso de elaboraci\u00f3n.<\/p>\n<p>Art\u00edculos publicados sobre el tema de investigaci\u00f3n: <em>En busca de una cosmovisi\u00f3n para la supervivencia de la especie humana, Problemas y dilemas contempor\u00e1neos en la era de las tecnolog\u00edas, La cosmovisi\u00f3n de la complejidad a la luz de las nuevas tecnolog\u00edas, Riesgos potenciales de la inteligencia artificial, <\/em>en el blog Soy un Cibern\u00e9tico.<\/p>\n<p>Libro <em>\u00bfPosthumanidad o posthumanismo?<\/em><\/p>\n<p>Libro <em>El gran desaf\u00edo de la humanidad en la era de las tecnolog\u00edas (<\/em>en publicaci\u00f3n)<\/p>\n<p>&nbsp;<\/p>\n<p><span style=\"text-decoration: underline;\">Problema de investigaci\u00f3n<\/span><\/p>\n<p>El desarrollo social de una inteligencia colectiva superior a la del humano actual\u00a0 (superinteligencia colectiva) comprometida con la construccion de un progreso humano verderamente digno y de un futuro sostenible<\/p>\n<p><strong>Campo de acci\u00f3n<\/strong><\/p>\n<p>Esta investigaci\u00f3n se desarrolla en un campo interdisciplinario, donde confluyen conocimientos de Ciencia y Tecnolog\u00eda, Filosof\u00eda, Antropolog\u00eda y las diversas tendencias de la Bio\u00e9tica contempor\u00e1nea. Enfoque transdisciplinar<\/p>\n<p><strong>\u00a0Hip\u00f3tesis<\/strong><\/p>\n<p>Ante el inevitable surgimiento de una superinteligencia transhumana<\/p>\n<ol>\n<li>\u00bfPodr\u00e1 llevarnos el desarrollo sostenible a la supervivencia de la especia humana?<\/li>\n<li>\u00bfO ser\u00e1n ineficaces los plantemamientos y acciones del DS ante el avance de las tecnologias\u00a0 emergentes?<\/li>\n<li>\u00bfNo ser\u00e1 el surgimiento de una superinteligencia colectiva la alternativa mas viable?<\/li>\n<\/ol>\n<p><strong>Objetivo<\/strong><\/p>\n<p><span style=\"text-decoration: underline;\">Determinar los riesgos y los problemas que enfrenta el ser humano como consecuencia del de una inteligencia artificial que lo supere en inteligencia.<\/span><\/p>\n<ul>\n<li>Sentar las bases para el surgmiento de una superinteligencia colectiva<\/li>\n<li>Desarrollar una estrategia para la construccion de una superestructura tecnologica sostenible y colaborativa<\/li>\n<li>Elaborar una metodologia para manejarnos con los nuevos conocimeintos y con las tecnologias emergentes<\/li>\n<li>Construir una superinteligencia colectiva que permite ampliar la mente individual (mente colectiva)<\/li>\n<li>Estudiar alternativas a los riesgos y los problemas colaterales que surgir\u00e1n ante el contexto actual de poder y su estructura competitiva que nos lleva a un progreso tecnol\u00f3gico basado en intereses puramente comerciales.<\/li>\n<\/ul>\n<p><strong>Riesgos tecnol\u00f3gicos (riesgos existenciales). Se pretende evitar los riesgos, buscar alternativas y seguir progresando como especie hacia un futuro sostenible.<\/strong><strong>\u00a0<\/strong><\/p>\n<ul>\n<li>Identificar y estudiar los problemas actuales debido al <span style=\"text-decoration: underline;\">impacto de las tecnolog\u00edas convergentes<\/span>: nano, bio, info y cogno (NBIC).<\/li>\n<li>Elaborar y debatir un informe sobre el impacto de las tecnolog\u00edas convergentes donde se defina nuestra posici\u00f3n ante la necesidad de integraci\u00f3n de Am\u00e9rica Latina para enfrentar los riesgos y avanzar hacia un futuro sostenible.<\/li>\n<li>Desarrollar una visi\u00f3n de futuro compartida donde se defina a qu\u00e9 escenario queremos llegar y como alcanzarlo de forma proactiva, para <span style=\"text-decoration: underline;\">no ir a ciegas al futuro<\/span>.<\/li>\n<li><span style=\"text-decoration: underline;\">Estudiar alternativas al posible escenario de un futuro posthumano<\/span> y del posicionamiento de la ideolog\u00eda transhumanista as\u00ed como las desigualdades que se producir\u00e1n.<\/li>\n<li>Trabajar en la elaboraci\u00f3n y discusi\u00f3n de principios \u00e9ticos para Latinoam\u00e9rica y el Caribe, en el marco de una bio\u00e9tica global, que <span style=\"text-decoration: underline;\">impidan el mal uso de las tecnolog\u00edas.<\/span><\/li>\n<li>Crear las bases para una Inteligencia colectiva donde humanos y tecnolog\u00edas se complementan, ante el <span style=\"text-decoration: underline;\">riesgo de una super inteligencia artificial<\/span>, que busque la ampliaci\u00f3n de la inteligencia y la sabidur\u00eda humana, que acepte la diversidad de seres y la armon\u00eda entre todos.<\/li>\n<li>Mantener actualizados los conocimientos sobre las nuevas tecnolog\u00edas para hacer valer los intereses de Am\u00e9rica latina ante el surgimiento de nuevos mercados orientado al cuerpo humano y al actual enfrentamiento biopol\u00edtico<\/li>\n<li>Debatir conceptos, definiciones y t\u00e9rminos para colocarlos en la Wiki (ir creando una enciclopedia sobre riesgos existenciales) as\u00ed como trabajar en la construcci\u00f3n de la definici\u00f3n de un futuro sostenible en la era tecnol\u00f3gica.<\/li>\n<li>Trabajar en la formaci\u00f3n de las nuevas generaciones en una visi\u00f3n social humanista que se oponga a la visi\u00f3n futurista de una singularidad tecnol\u00f3gica donde humanos y tecnolog\u00eda se funden.<\/li>\n<li>Preparar e Impartir un curso virtual sobre las tecnolog\u00edas para un futuro sostenibl<em>e, <\/em>que abarque los temas de la sostenibilidad, los riesgos tecnol\u00f3gicos, la relaci\u00f3n humanos-tecnolog\u00edas, la prospectiva y el impacto de las tecnolog\u00edas convergentes<\/li>\n<\/ul>\n<p><strong>\u00a0Tareas investigativas<\/strong><\/p>\n<p>Para alcanzar los objetivos de esta investigaci\u00f3n interdisciplinaria y verificar la hip\u00f3tesis formulada ser\u00e1 necesario desarrollar las siguientes tareas.<\/p>\n<ul>\n<li>Detecci\u00f3n de la literatura mediante la revisi\u00f3n bibliogr\u00e1fica.<\/li>\n<li>Delimitar los diferentes marcos te\u00f3ricos en la comprensi\u00f3n de las tecnolog\u00edas y su impacto en la sociedad y en el ser humano.<\/li>\n<li>Obtenci\u00f3n (recuperaci\u00f3n) de la literatura interdisciplinaria.<\/li>\n<li>Consulta de la literatura mediante la recopilaci\u00f3n y extracci\u00f3n de la informaci\u00f3n especializada de inter\u00e9s para la tem\u00e1tica. Fichas de contenido que se expresan en el gran n\u00famero de citas de la tesis.<\/li>\n<li>Elaborar un marco te\u00f3rico bioeticista apropiado, derivado de las diferentes perspectivas te\u00f3ricas de la comprensi\u00f3n de la relaci\u00f3n Humanos &#8211; Tecnolog\u00edas en el mundo contempor\u00e1neo.<\/li>\n<li>Elaborar el Proyecto de investigaci\u00f3n.<\/li>\n<li>Elaborar la tesis del doctorado<\/li>\n<\/ul>\n<p><strong>M\u00e9todos<\/strong><\/p>\n<p>Para el desarrollo de las tareas investigativas propuestas empleamos\u00a0 los siguientes m\u00e9todos:<\/p>\n<ul>\n<li>M\u00e9todo de an\u00e1lisis y s\u00edntesis de la informaci\u00f3n interdisciplinaria obtenida. Con el prop\u00f3sito de sistematizar y establecer jerarqu\u00edas entre los puntos de vistas de las diferentes disciplinas que abordan la relaci\u00f3n cada vez m\u00e1s compleja, que est\u00e1 surgiendo entre humanos y tecnolog\u00eda.<\/li>\n<li>M\u00e9todo de comparaci\u00f3n, generalizaci\u00f3n y analog\u00eda; a fin de establecer relaciones entre las diferentes concepciones bio\u00e9ticas sobre el tema.<\/li>\n<li>M\u00e9todo hist\u00f3rico y l\u00f3gico para la comprensi\u00f3n de la evoluci\u00f3n hist\u00f3rica\u00a0 del estudio de las ideas tecnologistas (singularidad tecnol\u00f3gica y transhumanismo) desde los diferentes enfoques te\u00f3ricos que lo abordan y establecer su problem\u00e1tica.<\/li>\n<li>M\u00e9todo de inducci\u00f3n-deducci\u00f3n para la b\u00fasqueda de la informaci\u00f3n especializada.<\/li>\n<\/ul>\n<p>Una descripci\u00f3n detallada de la investigaci\u00f3n propuesta, que no exceda 15 (20 p\u00e1ginas para Centro de Donaciones) p\u00e1ginas de 11 puntos a espacio simple, con una breve declaraci\u00f3n de c\u00f3mo la aplicaci\u00f3n se inscribe en el programa de investigaci\u00f3n actual del solicitante, as\u00ed como una descripci\u00f3n de c\u00f3mo los resultados podr\u00edan ser comunicados a la comunidad cient\u00edfica en general y p\u00fablico en general<\/p>\n<p><strong>Novedad cient\u00edfica<\/strong><\/p>\n<p>Despu\u00e9s de consultar las bases de tesis bibliogr\u00e1ficas disponibles en internet se pudo que no se han desarrollado estudios ni investigaciones que aborden el tratamiento transdisciplinario de la relaci\u00f3n Humano &#8211; Tecnolog\u00eda desde la perspectiva que sugiere el uso de las\u00a0 nuevas tecnolog\u00edas y su impacto el ser humano y sus implicaciones sociales, ambientales, biol\u00f3gicas y espirituales en un mundo globalizado donde la dimensi\u00f3n tecnol\u00f3gica adquiere cada vez m\u00e1s peso en la superviviencia humana.<\/p>\n<p>Esta investigaci\u00f3n puede contribuir a llenar un vac\u00edo te\u00f3rico y a una mejor estructuraci\u00f3n de los contenidos de los programas de las maestr\u00edas en Bio\u00e9tica en general.<\/p>\n<p>La probabilidad de que la apertura de nuevas l\u00edneas de investigaci\u00f3n fruct\u00edferas de la investigaci\u00f3n cient\u00edfica<\/p>\n<p><strong>\u00a0Nivel de aplicaci\u00f3n de la investigaci\u00f3n\u00a0\u00a0\u00a0\u00a0\u00a0\u00a0 <\/strong><\/p>\n<p>En relaci\u00f3n con la investigaci\u00f3n debemos se\u00f1alar que la misma es parte de\u00a0 los estudios realizados en la Maestr\u00eda de Bio\u00e9tica. La convergencia de diversas disciplinas te\u00f3ricas en el an\u00e1lisis cr\u00edtico de todos los cursos recibidos por el autor de esta tesis durante sus estudios de pre y post grado, unido a las investigaciones relacionadas con la realizaci\u00f3n este trabajo, le demostraron\u00a0 la necesidad de un enfoque transdisciplinario m\u00e1s profundos en esta tem\u00e1tica para lograr que puedan asumir los retos de las nuevas tecnolog\u00edas y su impacto, presente y futuro, sobre la sociedad, el medio ambiente y, en especial, sobre el ser humano.<\/p>\n<p>Por otra parte, el trabajo investigativo realizado tiene gran relevancia social, en tanto se podr\u00e1 socializar y generalizar los resultados a la ense\u00f1anza de las disciplinas biol\u00f3gicas y t\u00e9cnicas relacionadas con el destino del hombre.\u00a0 La informaci\u00f3n que se obtenga puede servir para comentar, desarrollar o apoyar las diferentes escuelas te\u00f3ricas de pensamiento Bio\u00e9tico. Incidir\u00e1, en mayor medida, en las capacidades de los profesionales para asumir un papel m\u00e1s activo ante las nuevas promesas, transhumanistas,\u00a0 de un mundo feliz, ignorando los grandes problemas contempor\u00e1neos que impone la actual sociedad de consumo.<\/p>\n<p>Educaci\u00f3n y difusi\u00f3n:<br \/>\nEscuelas de verano \/ invierno en AI y su relaci\u00f3n con la sociedad, dirigido a estudiantes y postdoctorados posgrado AI<br \/>\nNo t\u00e9cnicas mini-escuelas \/ simposios sobre AI dirigidos a periodistas, pol\u00edticos, fil\u00e1ntropos y otros l\u00edderes de opini\u00f3n.<strong><br \/>\n<\/strong><\/p>\n<p><strong>Aportes te\u00f3ricos fundamentales<\/strong><\/p>\n<p>Visi\u00f3n sist\u00e9mica de la relaci\u00f3n humano\u2013 tecnolog\u00eda, as\u00ed como una comprensi\u00f3n\u00a0 de las consecuencias de asumir el progreso tecnol\u00f3gico como determinante del progreso humano.<\/p>\n<p>Sistematizaci\u00f3n de la bibliograf\u00eda actualizada sobre la tem\u00e1tica, de gran actualidad y de dif\u00edcil acceso en nuestro pa\u00eds.<\/p>\n<p>Aplicaci\u00f3n del contenido te\u00f3rico sistematizado a la propuesta de criterios \u00e9ticos que permiten enjuiciar los postulados transhumanistas del uso de las tecnolog\u00edas de mejora\u00a0 y sus consecuencias para el futuro de la humanidad.<\/p>\n<p>Potencial de impactar la comunidad en general, as\u00ed como el p\u00fablico en general a trav\u00e9s de la divulgaci\u00f3n y difusi\u00f3n eficaz de los resultados de la investigaci\u00f3n<\/p>\n<p><strong>\u00a0<\/strong> <strong>CONCLUSIONES<\/strong><\/p>\n<ul>\n<li><strong>\u00a0<\/strong>Los presupuestos tecnol\u00f3gicos transhumanistas, llevaran a una relaci\u00f3n humano-tecnolog\u00edas basados en la competencia y tendr\u00e1 consecuencias negativas para la especie humana al asumir al progreso tecnol\u00f3gico como determinante del progreso humano.<\/li>\n<\/ul>\n<ul>\n<li>\u00a0El futuro mejor que proponen los transhumanstas solo aumentara las diferencias sociales, el deterioro del planeta, la competencia tecnol\u00f3gica y la falta de fe en si mismo, lo que pondr\u00e1 en peligro la supervivencia de la especie humana tal como la conocemos hoy.<\/li>\n<\/ul>\n<ul>\n<li><span style=\"text-decoration: underline;\">\u00a0<\/span>La relaci\u00f3n humano-tecnologia (progreso teno-humano) nos lleva a tomar consciencia de la importancia de asumir una posici\u00f3n bioconservadora en el debate biopol\u00edtico sobre los problemas tecnocient\u00edfico, biom\u00e9dico, psicoreligiosos, socioecon\u00f3mico y ecosostenible que estamos enfrentando y que se agudizaran de no asumirlos en el marco de una bio\u00e9tica global orientada al futuro.<\/li>\n<\/ul>\n<p><span style=\"text-decoration: underline;\">\u00a0<\/span><strong>RECOMENDACIONES<\/strong><\/p>\n<ul>\n<li>\u00a0La relacion humano-tecnolog\u00eda nos lleva a tomar consciencia de la importancia de asumir una posici\u00f3n en el debate entre transhumanistas y bioconservadores desde una actitud progresista que nos prepare para ser capaces de manejarnos con las tecnolog\u00edas del futuro.<\/li>\n<\/ul>\n<p>&nbsp;<\/p>\n<p>&nbsp;<\/p>\n<h3>Articulos publicados en la<a href=\"http:\/\/www.ecured.cu\/index.php\/EcuRed:Enciclopedia_cubana\"> EcuRed<\/a><\/h3>\n<ul>\n<li><a href=\"http:\/\/www.ecured.cu\/index.php\/Sostenibilidad_tecnol%C3%B3gica\">Sostenibilidad tecnol\u00f3gica<\/a><\/li>\n<li><a title=\"Desarrollo sostenible\" href=\"http:\/\/www.ecured.cu\/index.php\/Desarrollo_sostenible\">Desarrollo sostenible<\/a><\/li>\n<li><a title=\"Brecha digital\" href=\"http:\/\/www.ecured.cu\/index.php\/Brecha_digital\">Brecha digital<\/a><\/li>\n<li><a title=\"Bio\u00e9tica\" href=\"http:\/\/www.ecured.cu\/index.php\/Bio%C3%A9tica\">Bio\u00e9tica<\/a><\/li>\n<li><a title=\"Singularidad tecnol\u00f3gica\" href=\"http:\/\/www.ecured.cu\/index.php\/Singularidad_tecnol%C3%B3gica\">Singularidad tecnol\u00f3gica<\/a><\/li>\n<\/ul>\n<p><span style=\"text-decoration: underline;\">Conferencias<\/span><\/p>\n<p>\u2011 XII encuentro de las BTJ \u2011 1987: \u201cSistema para la selecci\u00f3n de soluciones tecnol\u00f3gicas para tratamiento t\u00e9rmico\u201d (premio nacio\u00adnal).<\/p>\n<p>\u2011 Conferencia internacional la computaci\u00f3n en la arquitectura y la ingenier\u00eda \u2011 1989: \u201cSistemas expertos su aplicaci\u00f3n al dise\u00f1o\u201d (conferencista).<\/p>\n<p>\u2011 INFORMATICA \u2011 1990: \u201cTermi: Sistema experto para la asistencia t\u00e9cnica en la selecci\u00f3n de soluciones tecnol\u00f3gicas para trata\u00admiento t\u00e9rmico\u201d (p\u00f3ster).<\/p>\n<p>\u2011 I Reuni\u00f3n t\u00e9cnica de Autocad \u2011 1990 \u201cAplicaci\u00f3n de la Inteli\u00adgencia Artificial a los CAD: perspectivas\u201d (conferencia magis\u00adtral).<\/p>\n<p>\u2011 III Congreso Iberoamericano de Inteligencia Artificial (IBERAMIA) \u2011 1992: \u201cHerramientas en AutoLISP para desarrollar CAD inteligentes (ACADI)\u201d (p\u00f3ster).<\/p>\n<p>\u2011 Feria del libro \u2011 1996 \u201cCultura y cibern\u00e9tica en la antesala del tercer milenio\u201d (Panelista).<\/p>\n<p>&#8211; III Encuentro de realidad virtual \u2013 1997 \u201cLa especulaci\u00f3n en el ciberespacio\u201d (panelista).<\/p>\n<p>&#8211; INFO\u00b497 \u2013 1997 \u201cLas nuevas tecnolog\u00edas y su impacto sobre las organizaciones inteligentes\u201d (Ponencia).<\/p>\n<p>&#8211; Inform\u00e1tica 98 \u2013 1998 \u201cInternet: nuevas posibilidades de desarrollo para los software inteligentes\u201d (Ponencia).<\/p>\n<p>&#8211; Mec\u00e1nica 2001 \u2013 \u201cLos cambios de paradigma tecnol\u00f3gico y la nueva era digital\u201d (Conferencia).<\/p>\n<p>&#8211; Inform\u00e1tica 2005 \u2013 II Taller de Comercio Electr\u00f3nico: \u201cImpacto de los Agentes Inteligentes en el Comercio Electr\u00f3nico\u201d (Ponencia)<\/p>\n<p>&#8211; Ansible 2005 \u2013 II Encuentro te\u00f3rico del g\u00e9nero fant\u00e1stico: \u201c\u00bfY si la Web me entendiera?\u201d (Ponencia)<\/p>\n<p>&#8211; Encuentro de Realidad Virtual 2005 \u2013 Diez a\u00f1os despu\u00e9s: \u201cLa realidad virtual: \u00bfUna realidad alternativa o complementario? (Ponencia)\u201d<\/p>\n<p>&#8211; III Congreso online observatorio para la CiberSociedad 2006 \u2013 Grupo de trabajo E13: \u201cLa relaci\u00f3n hombre-m\u00e1quina y la ideolog\u00eda de una posthumanidad\u201d (Comunicaci\u00f3n).<\/p>\n<p>&#8211; IV Taller de Comercio Electr\u00f3nico (2011): \u201cLas redes sociales y el administrador de comunidades\u201d (P\u00f3ster electr\u00f3nico).<\/p>\n","protected":false},"excerpt":{"rendered":"<p>\u00a0Proyecto de investigaci\u00f3n &nbsp; L\u00edneas de investigaci\u00f3n \u00a01.-Cosmovisi\u00f3n de la complejidad y los diferentes enfoques ante los problemas contempor\u00e1neos. Con especial atenci\u00f3n al enfoque sist\u00e9mico-cibern\u00e9tico. Resultados Libro Cosmovisi\u00f3n de la complejidad, sus enfoques. En proceso de elaboraci\u00f3n. Monograf\u00eda Riesgos tecnol\u00f3gicos y el enfoque sist\u00e9mico-cibern\u00e9tico. En proceso de elaboraci\u00f3n. Art\u00edculos publicados sobre el tema de investigaci\u00f3n: [&hellip;]<\/p>\n","protected":false},"author":109,"featured_media":0,"parent":0,"menu_order":49,"comment_status":"open","ping_status":"open","template":"","meta":[],"_links":{"self":[{"href":"https:\/\/blogs.sld.cu\/cibernetica\/wp-json\/wp\/v2\/pages\/232"}],"collection":[{"href":"https:\/\/blogs.sld.cu\/cibernetica\/wp-json\/wp\/v2\/pages"}],"about":[{"href":"https:\/\/blogs.sld.cu\/cibernetica\/wp-json\/wp\/v2\/types\/page"}],"author":[{"embeddable":true,"href":"https:\/\/blogs.sld.cu\/cibernetica\/wp-json\/wp\/v2\/users\/109"}],"replies":[{"embeddable":true,"href":"https:\/\/blogs.sld.cu\/cibernetica\/wp-json\/wp\/v2\/comments?post=232"}],"version-history":[{"count":20,"href":"https:\/\/blogs.sld.cu\/cibernetica\/wp-json\/wp\/v2\/pages\/232\/revisions"}],"predecessor-version":[{"id":1909,"href":"https:\/\/blogs.sld.cu\/cibernetica\/wp-json\/wp\/v2\/pages\/232\/revisions\/1909"}],"wp:attachment":[{"href":"https:\/\/blogs.sld.cu\/cibernetica\/wp-json\/wp\/v2\/media?parent=232"}],"curies":[{"name":"wp","href":"https:\/\/api.w.org\/{rel}","templated":true}]}}