{"id":234,"date":"2012-12-17T14:34:48","date_gmt":"2012-12-17T14:34:48","guid":{"rendered":"http:\/\/cibernetica.wordpress.com\/?page_id=234"},"modified":"2012-12-17T14:34:48","modified_gmt":"2012-12-17T14:34:48","slug":"contacto-2","status":"publish","type":"page","link":"https:\/\/blogs.sld.cu\/cibernetica\/contacto-2\/","title":{"rendered":"Contacto"},"content":{"rendered":"<p>Alejandro Madruga Gonz\u00e1lez<\/p>\n<p>Licenciado en Cibern\u00e9tica Matem\u00e1tica<\/p>\n<p>Especialista en Ciencias Inform\u00e1tica<\/p>\n<p>Master en Bio\u00e9tica<\/p>\n<p>Diplomado en Comercio Exterior<\/p>\n<p>Profesor de Inteligencia Articial<\/p>\n<p>Trabaja en la inteligencia artificial desde 1985.<\/p>\n<p>Email: alejandro.madruga@yahoo.com<\/p>\n","protected":false},"excerpt":{"rendered":"<p>Alejandro Madruga Gonz\u00e1lez Licenciado en Cibern\u00e9tica Matem\u00e1tica Especialista en Ciencias Inform\u00e1tica Master en Bio\u00e9tica Diplomado en Comercio Exterior Profesor de Inteligencia Articial Trabaja en la inteligencia artificial desde 1985. Email: alejandro.madruga@yahoo.com<\/p>\n","protected":false},"author":109,"featured_media":0,"parent":0,"menu_order":51,"comment_status":"open","ping_status":"open","template":"","meta":[],"_links":{"self":[{"href":"https:\/\/blogs.sld.cu\/cibernetica\/wp-json\/wp\/v2\/pages\/234"}],"collection":[{"href":"https:\/\/blogs.sld.cu\/cibernetica\/wp-json\/wp\/v2\/pages"}],"about":[{"href":"https:\/\/blogs.sld.cu\/cibernetica\/wp-json\/wp\/v2\/types\/page"}],"author":[{"embeddable":true,"href":"https:\/\/blogs.sld.cu\/cibernetica\/wp-json\/wp\/v2\/users\/109"}],"replies":[{"embeddable":true,"href":"https:\/\/blogs.sld.cu\/cibernetica\/wp-json\/wp\/v2\/comments?post=234"}],"version-history":[{"count":0,"href":"https:\/\/blogs.sld.cu\/cibernetica\/wp-json\/wp\/v2\/pages\/234\/revisions"}],"wp:attachment":[{"href":"https:\/\/blogs.sld.cu\/cibernetica\/wp-json\/wp\/v2\/media?parent=234"}],"curies":[{"name":"wp","href":"https:\/\/api.w.org\/{rel}","templated":true}]}}