{"id":697,"date":"2013-10-16T14:58:27","date_gmt":"2013-10-16T14:58:27","guid":{"rendered":"http:\/\/cibernetica.wordpress.com\/?page_id=697"},"modified":"2013-10-16T14:58:27","modified_gmt":"2013-10-16T14:58:27","slug":"inteligencia-artificial-el-futuro-del-hombre","status":"publish","type":"page","link":"https:\/\/blogs.sld.cu\/cibernetica\/ebook\/inteligencia-artificial-el-futuro-del-hombre\/","title":{"rendered":"Inteligencia Artificial, el futuro del hombre"},"content":{"rendered":"<p style=\"text-align:justify\"><strong><br \/>\n<\/strong><\/p>\n<p style=\"text-align:justify\"><a href=\"http:\/\/cibernetica.files.wordpress.com\/2013\/06\/libro-portada-ia_.jpg\"><img loading=\"lazy\" width=\"280\" height=\"280\" class=\"alignnone size-full wp-image-523\" src=\"http:\/\/cibernetica.files.wordpress.com\/2013\/06\/libro-portada-ia_.jpg?w=640\" alt=\"libro-portada-ia_\" align=\"LEFT\" srcset=\"https:\/\/blogs.sld.cu\/cibernetica\/files\/2013\/06\/libro-portada-ia_.jpg 280w, https:\/\/blogs.sld.cu\/cibernetica\/files\/2013\/06\/libro-portada-ia_-150x150.jpg 150w\" sizes=\"(max-width: 280px) 100vw, 280px\" \/><\/a>\u201c\u00bfSer\u00e1 posible llegar a una era poshumana? \u00bfQu\u00e9 tendr\u00e1 que suceder o que est\u00e1 sucediendo ya? El hombre construye m\u00e1quinas \u2013cada vez m\u00e1s potentes\u2013 a una velocidad nunca antes imaginada; y mientras el desarrollo de las m\u00e1quinas parece no tener l\u00edmites, la especie humana da la impresi\u00f3n que haber detenido su proceso evolutivo. Tiene sentido pensar que las m\u00e1quinas le dar\u00e1n alcance e incluso lo rebasar\u00e1n. \u00bfY qu\u00e9 suceder\u00e1 entonces? \u00bfTendr\u00e1 el hombre que someterse al dominio de las m\u00e1quinas o surgir\u00e1 alguna forma de fusi\u00f3n entre hombres y m\u00e1quinas, en la que el hombre pierda su identidad humana y se d\u00e9 inicio a la era poshumana?\u201d<\/p>\n<p>El libro es una propuesta sobre el futuro del hombre y como ser\u00e1 su relaci\u00f3n con una tecnolog\u00eda que cada vez se hace m\u00e1s independiente y m\u00e1s ajena al destino del hombre como ser humano y es un esfuerzo por responder a las preguntas sobre cu\u00e1l ser\u00e1 nuestro futuro ante el acelerado desarrollo de las m\u00e1quinas. Y que opciones tenemos.<\/p>\n<p>De forma amena y sencilla se trata el tema del hombre y la m\u00e1quina. Analiza la simbiosis que se est\u00e1 produciendo (hombre-m\u00e1quina) y se cuestiona si el ser humano como tal perder\u00e1 su identidad producto de esta relaci\u00f3n de equilibrio y complementaci\u00f3n. As\u00ed como la preocupaci\u00f3n en saber si vivimos en una sociedad sana o enferma y se narra lo que suceder\u00eda en una sociedad controlada por una computadora central manipulada por un tirano.<\/p>\n<p>Como tema central el libro gira en torno a una posible poshumanidad y el peligro de la extinci\u00f3n de la especie humana, ante la falta de un sentido \u00e9tico y de un compromiso con un futuro pero sin negar el progreso tecnol\u00f3gico. Se plantea la necesidad de alcanzar una superestructura tecnol\u00f3gica sostenible donde el progreso tecnol\u00f3gico se integra al progreso humano de forma arm\u00f3nica.<\/p>\n<p>No escapa la preocupaci\u00f3n por el advenimiento de una singularidad tecnol\u00f3gica y su viabilidad y da un nuevo enfoque sobre las v\u00edas para alcanzarla as\u00ed como sus riesgos que son analizados desde una comparaci\u00f3n entre los cibern\u00e9ticos que defienden la transformaciones biol\u00f3gicas del ser humano y los que se oponen ya sea por no considerarla viable o por sus consecuencias.<\/p>\n<p>Podemos creer que el mundo siempre ser\u00e1 igual, que podemos seguir creciendo indefinidamente y que el progreso nunca se detendr\u00e1. Pero sabemos que el planeta se est\u00e1 deteriorando que los recursos del planeta se agotan y que el futuro pr\u00f3spero que promet\u00eda modelo capitalista comienza a derrumbarse. \u00bfPueden venir las tecnolog\u00edas a resolver los grandes problemas actuales? Para los defensores del futuro poshumano esta es la \u00fanica soluci\u00f3n.<\/p>\n<p>En el cap\u00edtulo final se discute lo que, sin dudas, es el movimiento m\u00e1s importante de este siglo: el transhumanismo y sus postulados tecnol\u00f3gicos para llegar al enfrentamiento biopol\u00edtico entre las posiciones transhumanistas y las bioconsevadoras. Se exponen las diferentes posiciones ante los desaf\u00edos de este siglo y las alternativas que tenemos.<\/p>\n<p>En todos los cap\u00edtulo, el libro, asume una visi\u00f3n optimista sobre un futuro y la aspiraci\u00f3n de un mundo donde el ser humano, pueda vivir en armon\u00eda con la naturaleza, con las tecnolog\u00edas y consigo mismo; en el que pueda manifestar todo su potencial como ser humano; sin desigualdades sociales, ni el deterioro del planeta y sin negar su propia esencia humana.<\/p>\n<p>Disponible en Amazon<\/p>\n<ul>\n<li>$3.50 &#8211; <a title=\"Kindle Amazon Estados Unidos\" href=\"http:\/\/www.amazon.com\/Inteligencia-Artificial-Spanish-Edition-ebook\/dp\/B00CP89UR4\/ref=sr_1_sc_1?s=digital-text&amp;ie=UTF8&amp;qid=1378132222&amp;sr=1-1-spell&amp;keywords=intelilgencia+artificial%2C+el+futuro+del+hombre\">Estados Unidos<\/a><\/li>\n<li>3,23<span class=\"contienetabla\"><span class=\"latabla historialcaso tablaprecios\"><span class=\"\">\u20ac<\/span><\/span><\/span> &#8211; <a title=\"Kindle Amazon Espa\u00f1a\" href=\"http:\/\/www.amazon.es\/Inteligencia-Artificial-futuro-hombre-ebook\/dp\/B00CP89UR4\/ref=sr_1_1?s=digital-text&amp;ie=UTF8&amp;qid=1378131144&amp;sr=1-1&amp;keywords=inteligencia+artificial%2C+el+futuro+del+hombre\"> Espa\u00f1a<\/a><\/li>\n<li>$44.16(pesos) &#8211; <a title=\"Kindel Amazon M\u00e9xico\" href=\"http:\/\/www.amazon.com.mx\/Inteligencia-Artificial-futuro-hombre-ebook\/dp\/B00CP89UR4\/ref=sr_1_sc_1?s=digital-text&amp;ie=UTF8&amp;qid=1378130680&amp;sr=1-1-spell&amp;keywords=intelilgencia+artificial%2C+futuro+del+hombre\"> M\u00e9xico<\/a><\/li>\n<\/ul>\n<h3><\/h3>\n<h3><strong>Pr\u00f3ximamente: Inteligencia artificial, el comienzo de la era tecnol\u00f3gica<\/strong><\/h3>\n<p><strong>Capitulo 1: Inteligencia artificial fuerte \u2013 Inteligencia artificial general<\/strong><\/p>\n<ul>\n<li class=\"level1\">\n<div class=\"li\">Historia de la IA (estado del arte)<\/div>\n<\/li>\n<li class=\"level1\">\n<div class=\"li\">IA fuerte e IA debil (crisis de la IA)<\/div>\n<\/li>\n<li class=\"level1\">\n<div class=\"li\">Sistemas basados en conocimientos (aplicaciones y tendencias)<\/div>\n<\/li>\n<li class=\"level1\">\n<div class=\"li\">Metafora del computador<\/div>\n<\/li>\n<\/ul>\n<p><strong>Capitulo 2: Superinteligencia artificial<br \/>\n<\/strong><\/p>\n<ul>\n<li class=\"level1\">\n<div class=\"li\">La era de las tecnologias<\/div>\n<\/li>\n<li class=\"level1\">\n<div class=\"li\">Singularidad tecnol\u00f3gica. Inteligencias suprahumanas<\/div>\n<\/li>\n<li class=\"level1\">\n<div class=\"li\">Las 4 superinteligencias (v\u00edas para alcanzar la singularidad)<\/div>\n<\/li>\n<li class=\"level1\">\n<div class=\"li\">Singularidad vs Transhumanismo<\/div>\n<\/li>\n<\/ul>\n<div class=\"level2\">\n<p><strong>Capitulo 3: Superinteligencia colectiva<br \/>\n<\/strong><\/p>\n<ul>\n<li class=\"level1\">\n<div class=\"li\">Como crear una superinteligencia colectiva<\/div>\n<\/li>\n<li class=\"level1\">\n<div class=\"li\">Aumento de la inteligencia y la sabiduria humana<\/div>\n<\/li>\n<li class=\"level1\">\n<div class=\"li\">Cerebro global<\/div>\n<\/li>\n<li class=\"level1\">\n<div class=\"li\">Estructura social colaborativa<\/div>\n<\/li>\n<\/ul>\n<\/div>\n<p><strong>Capitulo 3: IA como amenaza<\/strong><\/p>\n<ul>\n<li class=\"level1\">\n<div class=\"li\">Riesgos existenciales<\/div>\n<\/li>\n<li class=\"level1\">\n<div class=\"li\">Riesgos de una singularidad. La bioetica (porque el futuro no nos necesita)<\/div>\n<\/li>\n<li class=\"level1\">\n<div class=\"li\">Los riesgos de la IA. Propuesta de una IA amistosa. \u00bfPor qu\u00e9 se ignoran los riesgos del transhumanismo?<\/div>\n<\/li>\n<li class=\"level1\">\n<div class=\"li\">Hacia una IA abierta y colaborativa<\/div>\n<\/li>\n<\/ul>\n<p><strong>Capitulo 4: Relacion humanos-tecnologias<\/strong><\/p>\n<ul>\n<li class=\"level1\">\n<div class=\"li\">El impacto de las tecnologias (tecnologias emergentes)<\/div>\n<\/li>\n<li class=\"level1\">\n<div class=\"li\">De la era natural a la era tecnol\u00f3gica (futuro posthumano)<\/div>\n<\/li>\n<li class=\"level1\">\n<div class=\"li\">Relacion simbi\u00f3tica entre humanos y tecnologias. Escenarios futuros (convivencia entre super inteligencias)<\/div>\n<\/li>\n<li class=\"level1\">\n<div class=\"li\">Hacia la cooperaci\u00f3n (mutualismo) entre humanos y tecnologias. Enfoque cibern\u00e9tico.<\/div>\n<\/li>\n<\/ul>\n<div><\/div>\n","protected":false},"excerpt":{"rendered":"<p>\u201c\u00bfSer\u00e1 posible llegar a una era poshumana? \u00bfQu\u00e9 tendr\u00e1 que suceder o que est\u00e1 sucediendo ya? El hombre construye m\u00e1quinas \u2013cada vez m\u00e1s potentes\u2013 a una velocidad nunca antes imaginada; y mientras el desarrollo de las m\u00e1quinas parece no tener l\u00edmites, la especie humana da la impresi\u00f3n que haber detenido su proceso evolutivo. Tiene sentido [&hellip;]<\/p>\n","protected":false},"author":109,"featured_media":0,"parent":702,"menu_order":1,"comment_status":"open","ping_status":"open","template":"","meta":[],"_links":{"self":[{"href":"https:\/\/blogs.sld.cu\/cibernetica\/wp-json\/wp\/v2\/pages\/697"}],"collection":[{"href":"https:\/\/blogs.sld.cu\/cibernetica\/wp-json\/wp\/v2\/pages"}],"about":[{"href":"https:\/\/blogs.sld.cu\/cibernetica\/wp-json\/wp\/v2\/types\/page"}],"author":[{"embeddable":true,"href":"https:\/\/blogs.sld.cu\/cibernetica\/wp-json\/wp\/v2\/users\/109"}],"replies":[{"embeddable":true,"href":"https:\/\/blogs.sld.cu\/cibernetica\/wp-json\/wp\/v2\/comments?post=697"}],"version-history":[{"count":0,"href":"https:\/\/blogs.sld.cu\/cibernetica\/wp-json\/wp\/v2\/pages\/697\/revisions"}],"up":[{"embeddable":true,"href":"https:\/\/blogs.sld.cu\/cibernetica\/wp-json\/wp\/v2\/pages\/702"}],"wp:attachment":[{"href":"https:\/\/blogs.sld.cu\/cibernetica\/wp-json\/wp\/v2\/media?parent=697"}],"curies":[{"name":"wp","href":"https:\/\/api.w.org\/{rel}","templated":true}]}}