{"id":7,"date":"2007-03-02T13:53:55","date_gmt":"2007-03-02T13:53:55","guid":{"rendered":"http:\/\/blogs.sld.cu\/cibernetica\/acerca-de\/"},"modified":"2014-12-01T20:52:36","modified_gmt":"2014-12-01T20:52:36","slug":"acerca-de","status":"publish","type":"page","link":"https:\/\/blogs.sld.cu\/cibernetica\/acerca-de\/","title":{"rendered":"Acerca de"},"content":{"rendered":"<p>Una vez una personalidad en el campo de la Inteligencia Artificial me pregunto: \u00bfQu\u00e9 tu eres? Yo soy cibern\u00e9tico, le respond\u00ed. Entonces me dijo, porque todo el mundo dice, soy mec\u00e1nico, soy m\u00e9dico, soy arquitecto, cuando en realidad se deber\u00eda decir, soy graduado de ingenier\u00eda mec\u00e1nica, de medicina, etc. Yo quede algo confundido, con el tiempo me di cuenta; que uno es, lo que hace, y si ejerces como m\u00e9dico, sin dudas eres un medico, y no es que tu condici\u00f3n humana se reduzca a una profesi\u00f3n sino que esa profesi\u00f3n es la que te caracteriza socialmente y por la que muchas personas acuden a ti. Incluso, tu enfoque de la vida estar\u00e1 matizada por esa profesi\u00f3n. Cuando uno mira un edificio no es lo mismo que cuando lo mira un arquitecto, quien ve m\u00e1s all\u00e1 de la simple fachada. Por eso hoy, si me preguntan que soy (que no es lo mismo que quien soy), sin dudas, \u00a1soy un cibern\u00e9tico!<\/p>\n<p>Alejandro Madruga Gonz\u00e1lez<\/p>\n<p>Graduado de licenciado en Cibern\u00e9tica Matem\u00e1tica en la Universidad de la Habana. Durante a\u00f1os profesor de Inteligencia Artificial, Sistemas Expertos y Programaci\u00f3n en Prolog. Master en Bio\u00e9tica por el Centro \u201cJuan Pablo II\u201d. Actualmente especialista en Ciencias Inform\u00e1tica en Infomed.<\/p>\n<p><a href=\"http:\/\/cibernetica.files.wordpress.com\/2007\/03\/cibernetica1.jpeg\"><img loading=\"lazy\" class=\"size-medium wp-image-669 \" src=\"http:\/\/cibernetica.files.wordpress.com\/2007\/03\/cibernetica1.jpeg?w=300\" alt=\"cibernetica\" width=\"300\" height=\"225\" \/><\/a>Cibern\u00e9tica Matem\u00e1tica, Patio de los Laureles.<\/p>\n<p>\u00bfPor qu\u00e9 la cibern\u00e9tica?<\/p>\n<p>Siempre he dicho que soy cibern\u00e9tico de profesi\u00f3n y humanista de vocaci\u00f3n, por eso siempre me interes\u00f3 unir las ciencias con las humanidades. Me fascinaba la F\u00edsica y la Matem\u00e1tica pero tambi\u00e9n me interesaba la Psicolog\u00eda, la Filosof\u00eda, la \u00c9tica. Por eso cuando en 1975, escuche por primera vez el t\u00e9rmino Cibern\u00e9tica y a lo que se dedicaba, quede convencido que ese era mi futuro. El camino aun era largo y complejo, en mi vida nada ha sido f\u00e1cil, por fin en 1977 comenc\u00e9 mis estudios en Cibern\u00e9tica-Matem\u00e1tica.<\/p>\n<p>Cuando era ni\u00f1o siempre dec\u00eda que iba a ser m\u00e9dico y de alguna forma cualquier cosa que fuese a estudiar ten\u00eda que estar relacionado con el ser humano. La cibern\u00e9tica era un acercamiento tecnol\u00f3gico a la biolog\u00eda (dio lugar a la bi\u00f3nica), a la psicolog\u00eda (psicolog\u00eda cognitiva, terapia sist\u00e9mica), a la ecolog\u00eda (ecosistemas). La lista ser\u00eda bastante larga, el enfoque sist\u00e9mico hoy est\u00e1 presente en muchas \u00e1reas de la vida humana tanto biol\u00f3gica, como psicol\u00f3gica, como social. Si no piensen en el concepto de auto-organizaci\u00f3n que se aplica tambi\u00e9n a los fen\u00f3menos sociales.<\/p>\n<p>Con los a\u00f1os, mi inter\u00e9s por la \u00e9tica se ha ido reforz\u00e1ndome, sobre todo con respecto al futuro de la humanidad y a la relaci\u00f3n entre humanos y tecnolog\u00eda y el tema recurrente, si surgir\u00e1 una inteligencia artificial superior a la humana y a las cuestiones \u00e9ticas de estos y otros problemas contempor\u00e1neos. Lo que me llevo a descubrir la bio\u00e9tica y quede profundamente impresionado por las ideas de Van R. Potter. Su pensamiento hoy sirve de gu\u00eda antes los dilemas que se acrecientan, ante la actitud ego\u00edsta e irresponsable para con el planeta, con las especies y con el propio ser humano que nos est\u00e1 arrastrando a la desaparici\u00f3n de la vida.<\/p>\n<p>El pensamiento de Potter cada vez toma m\u00e1s vigencia y asumo como m\u00eda sus ideas sobre todo en la que dice: \u201cSe necesita de un enfoque cibern\u00e9tico de la b\u00fasqueda constante de la sabidur\u00eda\u201d.<\/p>\n<p><a href=\"http:\/\/www.amazon.com\/Alejandro-Madruga\/e\/B00CPNXMV4\">Pagina en Amazon<\/a><\/p>\n<p><a title=\"CVitae\" href=\"http:\/\/cibernetica.wordpress.com\/curriculum-vitae\/\">Curriculum<\/a><\/p>\n<p>&nbsp;<\/p>\n","protected":false},"excerpt":{"rendered":"<p>Una vez una personalidad en el campo de la Inteligencia Artificial me pregunto: \u00bfQu\u00e9 tu eres? Yo soy cibern\u00e9tico, le respond\u00ed. Entonces me dijo, porque todo el mundo dice, soy mec\u00e1nico, soy m\u00e9dico, soy arquitecto, cuando en realidad se deber\u00eda decir, soy graduado de ingenier\u00eda mec\u00e1nica, de medicina, etc. Yo quede algo confundido, con el [&hellip;]<\/p>\n","protected":false},"author":109,"featured_media":0,"parent":0,"menu_order":0,"comment_status":"open","ping_status":"open","template":"","meta":[],"_links":{"self":[{"href":"https:\/\/blogs.sld.cu\/cibernetica\/wp-json\/wp\/v2\/pages\/7"}],"collection":[{"href":"https:\/\/blogs.sld.cu\/cibernetica\/wp-json\/wp\/v2\/pages"}],"about":[{"href":"https:\/\/blogs.sld.cu\/cibernetica\/wp-json\/wp\/v2\/types\/page"}],"author":[{"embeddable":true,"href":"https:\/\/blogs.sld.cu\/cibernetica\/wp-json\/wp\/v2\/users\/109"}],"replies":[{"embeddable":true,"href":"https:\/\/blogs.sld.cu\/cibernetica\/wp-json\/wp\/v2\/comments?post=7"}],"version-history":[{"count":2,"href":"https:\/\/blogs.sld.cu\/cibernetica\/wp-json\/wp\/v2\/pages\/7\/revisions"}],"predecessor-version":[{"id":1051,"href":"https:\/\/blogs.sld.cu\/cibernetica\/wp-json\/wp\/v2\/pages\/7\/revisions\/1051"}],"wp:attachment":[{"href":"https:\/\/blogs.sld.cu\/cibernetica\/wp-json\/wp\/v2\/media?parent=7"}],"curies":[{"name":"wp","href":"https:\/\/api.w.org\/{rel}","templated":true}]}}