{"id":702,"date":"2013-10-16T15:23:14","date_gmt":"2013-10-16T15:23:14","guid":{"rendered":"http:\/\/cibernetica.wordpress.com\/?page_id=702"},"modified":"2013-10-16T15:23:14","modified_gmt":"2013-10-16T15:23:14","slug":"ebook","status":"publish","type":"page","link":"https:\/\/blogs.sld.cu\/cibernetica\/ebook\/","title":{"rendered":"eBook"},"content":{"rendered":"<h3>\u00daltima publicaci\u00f3n<\/h3>\n<p><a href=\"http:\/\/www.amazon.com\/dp\/B0141GAORW\"><img loading=\"lazy\" class=\"alignleft wp-image-1359\" style=\"border:9px solid #ffffff\" src=\"https:\/\/cibernetica.files.wordpress.com\/2013\/10\/sistemas-expertos.jpg?w=189\" alt=\"Sistemas Expertos\" width=\"130\" height=\"207\" \/><\/a>Los sistemas expertos son en lo esencial sistemas de computaci\u00f3n basados en conocimientos cuyos componentes representan un enfoque cualitativo de la programaci\u00f3n, ya que lo que prima no es la cantidad si no la cualidad del mismo, esta cualidad est\u00e1 dada por la separaci\u00f3n de las reglas que describen el problema (Base de Conocimientos), del programa de control que es quien selecciona las reglas adecuadas (Motor de inferencias).<\/p>\n<ul>\n<li>Dar clip en la imagen<\/li>\n<\/ul>\n<h3><\/h3>\n<h3>Libros publicados<\/h3>\n<h2><a href=\"http:\/\/www.amazon.com\/dp\/B00CP89UR4\"><img loading=\"lazy\" class=\"wp-image-1357 alignleft\" style=\"border:9px solid #ffffff\" src=\"https:\/\/cibernetica.files.wordpress.com\/2013\/10\/ia-futuro-del-hombrejpg.jpg?w=189\" alt=\"IA-Futuro del hombrejpg\" width=\"130\" height=\"207\" \/><\/a><a href=\"http:\/\/www.amazon.com\/dp\/B00EUD44QE\"><img loading=\"lazy\" class=\"wp-image-1355 alignleft\" style=\"border:9px solid #ffffff\" src=\"https:\/\/cibernetica.files.wordpress.com\/2013\/10\/zaida.jpg?w=189\" alt=\"Zaida\" width=\"130\" height=\"207\" \/><\/a><a href=\"http:\/\/www.amazon.com\/dp\/B00FJ3PXFK\"><img loading=\"lazy\" class=\"wp-image-1344 alignleft\" style=\"border:9px solid #ffffff\" src=\"https:\/\/cibernetica.files.wordpress.com\/2013\/10\/cosmovision.jpg?w=189\" alt=\"Cosmovision\" width=\"130\" height=\"207\" \/><\/a><\/h2>\n<p><a href=\"http:\/\/www.amazon.com\/dp\/B00JKMD77W\"><img loading=\"lazy\" class=\"wp-image-1343 alignleft\" style=\"border:9px solid #ffffff\" src=\"https:\/\/cibernetica.files.wordpress.com\/2013\/10\/crisis-siglo-xxijpg.jpg?w=189\" alt=\"Crisis siglo XXIjpg\" width=\"130\" height=\"207\" \/><\/a><\/p>\n<p><a href=\"http:\/\/www.amazon.com\/dp\/B00ZPFE72W\"><img loading=\"lazy\" class=\"alignnone wp-image-1350\" style=\"border:9px solid #ffffff\" src=\"https:\/\/cibernetica.files.wordpress.com\/2013\/10\/desafio-humanidad.jpg?w=189\" alt=\"Desafio humanidad\" width=\"130\" height=\"207\" \/><\/a><\/p>\n<h3>Pr\u00f3ximo Libro<\/h3>\n<h2><a href=\"https:\/\/cibernetica.wordpress.com\/cursos\/ejecute-un-sistema-experto-ya-puede-ser-descargado\/\"><img loading=\"lazy\" class=\"alignnone wp-image-1388\" style=\"border:9px solid #ffffff\" src=\"https:\/\/cibernetica.files.wordpress.com\/2013\/10\/ia-era-tecnologica.jpg?w=189\" alt=\"IA - Era tecnologica\" width=\"130\" height=\"207\" \/><\/a><\/h2>\n","protected":false},"excerpt":{"rendered":"<p>\u00daltima publicaci\u00f3n Los sistemas expertos son en lo esencial sistemas de computaci\u00f3n basados en conocimientos cuyos componentes representan un enfoque cualitativo de la programaci\u00f3n, ya que lo que prima no es la cantidad si no la cualidad del mismo, esta cualidad est\u00e1 dada por la separaci\u00f3n de las reglas que describen el problema (Base de [&hellip;]<\/p>\n","protected":false},"author":109,"featured_media":0,"parent":0,"menu_order":2,"comment_status":"open","ping_status":"open","template":"","meta":[],"_links":{"self":[{"href":"https:\/\/blogs.sld.cu\/cibernetica\/wp-json\/wp\/v2\/pages\/702"}],"collection":[{"href":"https:\/\/blogs.sld.cu\/cibernetica\/wp-json\/wp\/v2\/pages"}],"about":[{"href":"https:\/\/blogs.sld.cu\/cibernetica\/wp-json\/wp\/v2\/types\/page"}],"author":[{"embeddable":true,"href":"https:\/\/blogs.sld.cu\/cibernetica\/wp-json\/wp\/v2\/users\/109"}],"replies":[{"embeddable":true,"href":"https:\/\/blogs.sld.cu\/cibernetica\/wp-json\/wp\/v2\/comments?post=702"}],"version-history":[{"count":0,"href":"https:\/\/blogs.sld.cu\/cibernetica\/wp-json\/wp\/v2\/pages\/702\/revisions"}],"wp:attachment":[{"href":"https:\/\/blogs.sld.cu\/cibernetica\/wp-json\/wp\/v2\/media?parent=702"}],"curies":[{"name":"wp","href":"https:\/\/api.w.org\/{rel}","templated":true}]}}