{"id":710,"date":"2013-10-16T16:06:36","date_gmt":"2013-10-16T16:06:36","guid":{"rendered":"http:\/\/cibernetica.wordpress.com\/?page_id=710"},"modified":"2013-10-16T16:06:36","modified_gmt":"2013-10-16T16:06:36","slug":"zaida-cuentos-de-ciencia-ficcion","status":"publish","type":"page","link":"https:\/\/blogs.sld.cu\/cibernetica\/ebook\/zaida-cuentos-de-ciencia-ficcion\/","title":{"rendered":"Zaida, cuentos de ciencia ficci\u00f3n"},"content":{"rendered":"<p style=\"text-align:justify\"><strong><br \/>\n<\/strong><\/p>\n<p><a href=\"http:\/\/cibernetica.files.wordpress.com\/2013\/09\/portada-zaida-cienciaficcion.jpg\"><img loading=\"lazy\" width=\"280\" height=\"280\" class=\"size-full wp-image-685 alignleft\" src=\"http:\/\/cibernetica.files.wordpress.com\/2013\/09\/portada-zaida-cienciaficcion.jpg?w=640\" alt=\"portada-zaida-cienciaficcion\" srcset=\"https:\/\/blogs.sld.cu\/cibernetica\/files\/2013\/09\/portada-zaida-cienciaficcion.jpg 280w, https:\/\/blogs.sld.cu\/cibernetica\/files\/2013\/09\/portada-zaida-cienciaficcion-150x150.jpg 150w\" sizes=\"(max-width: 280px) 100vw, 280px\" \/><\/a>Zaida es una selecci\u00f3n de cuentos cortos de ciencia ficci\u00f3n donde los temas van desde mundos virtuales, en el que cada personaje busca la felicidad que no encuentra en su vida real, o la desdicha de un paria o la cr\u00edtica a una sociedad de consumo. No escapa a una s\u00e1tira sobre las leyes de la rob\u00f3tica o al humor de contagio, un ser traumatizado lleno de complejos y de odio hacia la humanidad. As\u00ed como la reflexi\u00f3n sobre dos vidas p\u00e1relas que transcurren al mismo tiempo entre dos personas con estatus social totalmente diferente, donde las comodidades de una casa inteligente contrastan con la vida miserable de un ser sin esperanza.<\/p>\n<p>Otros temas tambi\u00e9n son abordados como el amor imposible, la nostalgia y el desgarramiento interior de un mundo que es indiferente al destino del ser humano y a su propia realizaci\u00f3n. Y por supuesto, el an\u00e1lisis de las tecnolog\u00edas inteligentes, las computadoras, la automatizaci\u00f3n y la enajenaci\u00f3n que se produce producto de un mundo en el que lo importante es tener, donde el ser se mezcla con las tecnolog\u00edas en una b\u00fasqueda desesperada por realizar sus sue\u00f1os. Al final el cuento el infierno, es una reflexi\u00f3n sobre el bien y el mal y lo que nos hace verdaderamente humanos.<\/p>\n<p>Disponible en<\/p>\n<ul>\n<li><a href=\"http:\/\/www.amazon.com\/cuentos-ciencia-ficci%C3%B3n-Spanish-ebook\/dp\/B00EUD44QE\/ref=sr_1_1?s=digital-text&amp;ie=UTF8&amp;qid=1378738283&amp;sr=1-1&amp;keywords=Zaida%2C+cuentos+de+ciencia+ficcion\">Estados Unidos<\/a><\/li>\n<li><a title=\"Zaida, cuentos de ciencia ficci\u00f3n\" href=\"http:\/\/www.amazon.es\/ZAIDA-cuentos-ciencia-ficci%C3%B3n-ebook\/dp\/B00EUD44QE\/ref=sr_1_1?s=digital-text&amp;ie=UTF8&amp;qid=1378735219&amp;sr=1-1&amp;keywords=Zaida%2C+cuentos+de+ciencia+ficcion\">Espa\u00f1a<\/a><\/li>\n<li><a title=\"Zaida, cuentos de ciencia ficci\u00f3n\" href=\"http:\/\/www.amazon.com.mx\/ZAIDA-cuentos-ciencia-ficci%C3%B3n-ebook\/dp\/B00EUD44QE\/ref=sr_1_1?s=digital-text&amp;ie=UTF8&amp;qid=1378734283&amp;sr=1-1&amp;keywords=Zaida%2C+cuentos+de+ciencia+ficcion\">M\u00e9xico<\/a><\/li>\n<\/ul>\n","protected":false},"excerpt":{"rendered":"<p>Zaida es una selecci\u00f3n de cuentos cortos de ciencia ficci\u00f3n donde los temas van desde mundos virtuales, en el que cada personaje busca la felicidad que no encuentra en su vida real, o la desdicha de un paria o la cr\u00edtica a una sociedad de consumo. No escapa a una s\u00e1tira sobre las leyes de [&hellip;]<\/p>\n","protected":false},"author":109,"featured_media":0,"parent":702,"menu_order":2,"comment_status":"open","ping_status":"open","template":"","meta":[],"_links":{"self":[{"href":"https:\/\/blogs.sld.cu\/cibernetica\/wp-json\/wp\/v2\/pages\/710"}],"collection":[{"href":"https:\/\/blogs.sld.cu\/cibernetica\/wp-json\/wp\/v2\/pages"}],"about":[{"href":"https:\/\/blogs.sld.cu\/cibernetica\/wp-json\/wp\/v2\/types\/page"}],"author":[{"embeddable":true,"href":"https:\/\/blogs.sld.cu\/cibernetica\/wp-json\/wp\/v2\/users\/109"}],"replies":[{"embeddable":true,"href":"https:\/\/blogs.sld.cu\/cibernetica\/wp-json\/wp\/v2\/comments?post=710"}],"version-history":[{"count":0,"href":"https:\/\/blogs.sld.cu\/cibernetica\/wp-json\/wp\/v2\/pages\/710\/revisions"}],"up":[{"embeddable":true,"href":"https:\/\/blogs.sld.cu\/cibernetica\/wp-json\/wp\/v2\/pages\/702"}],"wp:attachment":[{"href":"https:\/\/blogs.sld.cu\/cibernetica\/wp-json\/wp\/v2\/media?parent=710"}],"curies":[{"name":"wp","href":"https:\/\/api.w.org\/{rel}","templated":true}]}}