{"id":718,"date":"2013-10-16T17:40:15","date_gmt":"2013-10-16T17:40:15","guid":{"rendered":"http:\/\/cibernetica.wordpress.com\/?page_id=718"},"modified":"2013-10-16T17:40:15","modified_gmt":"2013-10-16T17:40:15","slug":"cosmovicion-poetica","status":"publish","type":"page","link":"https:\/\/blogs.sld.cu\/cibernetica\/ebook\/cosmovicion-poetica\/","title":{"rendered":"Cosmovisi\u00f3n po\u00e9tica"},"content":{"rendered":"<p><strong>\u00a0<\/strong><\/p>\n<p><a href=\"http:\/\/cibernetica.files.wordpress.com\/2013\/10\/cosmovision-poetica.jpg\"><img loading=\"lazy\" width=\"300\" height=\"300\" class=\"size-full wp-image-694 alignleft\" src=\"http:\/\/cibernetica.files.wordpress.com\/2013\/10\/cosmovision-poetica.jpg?w=640\" alt=\"Cosmovision-poetica\" srcset=\"https:\/\/blogs.sld.cu\/cibernetica\/files\/2013\/10\/cosmovision-poetica.jpg 300w, https:\/\/blogs.sld.cu\/cibernetica\/files\/2013\/10\/cosmovision-poetica-150x150.jpg 150w\" sizes=\"(max-width: 300px) 100vw, 300px\" \/><\/a>Es una obra donde la melancol\u00eda se funde con el universo, donde las tardes cuentan su historia y la luz brota de un alma solitaria azotada a veces por la lluvia, otras por el fri\u00f3 del olvido o por las sombras que amenazan una existencia agonizante.<br \/>\nSiempre desde la nost\u00e1lgica visi\u00f3n de un mundo que se desconfigura que se vuelve cada vez m\u00e1s ajeno y distante, ante un alma que crea su propia visi\u00f3n y busca abrirse a la naturaleza y compartir su dolor con las estrellas.<br \/>\nUn alma a la que nada consuela y que vaga por el mundo componiendo sue\u00f1os que viajan con el viento que levantan olas y que arrastran desamores, angustia y una infinita tristeza que se pierde m\u00e1s all\u00e1 del crep\u00fasculo.<\/p>\n<p>Disponible en Amazon:<br \/>\n<a id=\"static_txt_preview\" href=\"http:\/\/www.amazon.com\/dp\/B00FJ3PXFK\">Cosmovisi\u00f3n po\u00e9tica<\/a><\/p>\n","protected":false},"excerpt":{"rendered":"<p>\u00a0 Es una obra donde la melancol\u00eda se funde con el universo, donde las tardes cuentan su historia y la luz brota de un alma solitaria azotada a veces por la lluvia, otras por el fri\u00f3 del olvido o por las sombras que amenazan una existencia agonizante. Siempre desde la nost\u00e1lgica visi\u00f3n de un mundo [&hellip;]<\/p>\n","protected":false},"author":109,"featured_media":0,"parent":702,"menu_order":3,"comment_status":"open","ping_status":"open","template":"","meta":[],"_links":{"self":[{"href":"https:\/\/blogs.sld.cu\/cibernetica\/wp-json\/wp\/v2\/pages\/718"}],"collection":[{"href":"https:\/\/blogs.sld.cu\/cibernetica\/wp-json\/wp\/v2\/pages"}],"about":[{"href":"https:\/\/blogs.sld.cu\/cibernetica\/wp-json\/wp\/v2\/types\/page"}],"author":[{"embeddable":true,"href":"https:\/\/blogs.sld.cu\/cibernetica\/wp-json\/wp\/v2\/users\/109"}],"replies":[{"embeddable":true,"href":"https:\/\/blogs.sld.cu\/cibernetica\/wp-json\/wp\/v2\/comments?post=718"}],"version-history":[{"count":0,"href":"https:\/\/blogs.sld.cu\/cibernetica\/wp-json\/wp\/v2\/pages\/718\/revisions"}],"up":[{"embeddable":true,"href":"https:\/\/blogs.sld.cu\/cibernetica\/wp-json\/wp\/v2\/pages\/702"}],"wp:attachment":[{"href":"https:\/\/blogs.sld.cu\/cibernetica\/wp-json\/wp\/v2\/media?parent=718"}],"curies":[{"name":"wp","href":"https:\/\/api.w.org\/{rel}","templated":true}]}}