{"id":739,"date":"2013-10-23T20:54:02","date_gmt":"2013-10-23T20:54:02","guid":{"rendered":"http:\/\/cibernetica.wordpress.com\/?page_id=739"},"modified":"2013-10-23T20:54:02","modified_gmt":"2013-10-23T20:54:02","slug":"curriculum-vitae","status":"publish","type":"page","link":"https:\/\/blogs.sld.cu\/cibernetica\/contacto-2\/curriculum-vitae\/","title":{"rendered":"Curriculum vitae"},"content":{"rendered":"<p>TITULO: Licenciado en Cibern\u00e9tica Matem\u00e1tica.<br \/>\nESPECIALIDAD: Especialista en Ciencias Inform\u00e1ticas<br \/>\nCENTRO DE ESTUDIO: Universidad de la Habana<br \/>\nEXPERIENCIA: Trabajo en la esfera de computaci\u00f3n desde 1977.<\/p>\n<p>ULTIMOS TRABAJOS REALIZADOS<br \/>\n&#8211; Desarrollo del comercio electr\u00f3nico en las empresas del Mincex.<br \/>\n&#8211; Proyecto de estrategia para la implementaci\u00f3n de las tiendas virtuales en las empresas.<br \/>\n&#8211; Desarrollo del sitio para el Comercio Electr\u00f3nico.<br \/>\n&#8211; Estrategia para la seguridad inform\u00e1tica en el Mincex<br \/>\n&#8211; Desarrollo de Intranet para la Direcci\u00f3n de Inform\u00e1tica (DIC WEB)<br \/>\n&#8211; Desarrollo de Intranet para el centro de la promoci\u00f3n de las exportaciones (CEPEC)<br \/>\n&#8211; Administraci\u00f3n del sitio Web CEPEC<br \/>\n&#8211; Mejoras en el posicionamiento del sitio Web<br \/>\n&#8211; Asesor\u00eda a empresas y especialista sobre como promoverse por Internet<br \/>\n&#8211; Administrador del grupo DIGITendencias (tendencias en la era digital) y editor del bolet\u00edn del mismo nombre. Hasta la fecha se han publicado 30 art\u00edculos.<br \/>\n&#8211; Administraci\u00f3n del grupo Promoci\u00f3n-Comercio para los productos de la Salud.<br \/>\n&#8211; Proyecto de red social sobre Bio\u00e9tica y Sostenibilidad<br \/>\n&#8211; B\u00fasqueda de informaci\u00f3n sobre las publicaciones electr\u00f3nicas (ePub) y analizar las condiciones para su posible aplicaci\u00f3n.<br \/>\n&#8211; Responsable para la Enciclopedia Cubana (EcuRed) en el Mincex.<br \/>\n&#8211; Adiestramiento de los profesores del Instituto (INCOMEX) como colaboradores de la EcuRed.<br \/>\n&#8211; Colaboraciones enviadas a la EcuRed: Brecha digital, Desarrollo sostenible, Bio\u00e9tica, Sostenibilidad tecnol\u00f3gica y Singularidad tecnol\u00f3gica.<\/p>\n<p>PRINCIPALES TRABAJOS DESARROLLADOS<br \/>\nSistema para el c\u00e1lculo de alumbrado exterior.<br \/>\nSistema para el c\u00e1lculo de ca\u00edda de voltaje.<br \/>\nSistema para costo de proyectos.<br \/>\nPrograma para c\u00e1mara de secado.<br \/>\nSistema unificado para estructuras reticulares por el m\u00e9todo de elementos finitos (SUPERMEF).<br \/>\nSistema experto para la selecci\u00f3n de soluciones tecnol\u00f3gicas para tratamiento t\u00e9rmico (TERMI).<br \/>\nSistema para la ayuda al dise\u00f1o de proyectos para cuadros de carpinter\u00eda y herrajes.<br \/>\n&#8211; Sistema para el dise\u00f1o de cocinas comedores (COCINAS).<br \/>\n&#8211; Elaboraci\u00f3n de la estrategia inform\u00e1tica de Emprosime<br \/>\n&#8211; Creaci\u00f3n y organizaci\u00f3n de la direcci\u00f3n de I+D de Emprosime<br \/>\n&#8211; Organizaci\u00f3n e implantaci\u00f3n de Internet y la Intranet de Emprosime<br \/>\n&#8211; Responsable del perfeccionamiento y la estrategia empresarial en Emprosime.<br \/>\n&#8211; Organizaci\u00f3n del CAD en la direcci\u00f3n de Ingenier\u00eda as\u00ed como la creaci\u00f3n de un sistema organizativo en funci\u00f3n de la ISO y la direcci\u00f3n integrada de proyectos.<br \/>\nHerramientas con t\u00e9cnicas de Inteligencia Artificial de ayuda al AutoCAD (ACADI).<br \/>\n&#8211; Concepci\u00f3n de un sistema para la gesti\u00f3n automatizada del dise\u00f1o (SisGAD)<\/p>\n<p>OTROS TRABAJOS REALIZADOS:<br \/>\nBibliotecas Matem\u00e1ticas (ordenamiento, ajuste de curvas, simplex modificado, tratamiento de matrices etc.)<br \/>\nAplicaciones de los comandos del plus 80 al CP\/M 86 y un HELP en espa\u00f1ol.<br \/>\nRepresentaci\u00f3n de vectores y matrices por reescritura a trav\u00e9s de listas para optimizar el uso de la memoria.<br \/>\nSistema computacional para la soluci\u00f3n de ecuaciones por los m\u00e9todos de Gauss y de Cholesky en las matrices sim\u00e9tricas.<br \/>\nModulo consultante para el dise\u00f1o de Vigas Carrileras.<br \/>\nModulo de programas para el tratamiento de entidades en forma de FRAMES para el sistema de carpinter\u00eda y herrajes (CARPIN).<br \/>\nM\u00f3dulo generador de soluciones para el sistema experto TERMI.<br \/>\nModificaci\u00f3n a sistema experto para clasificaci\u00f3n y consultas.<br \/>\nM\u00f3dulos de programas para la elaboraci\u00f3n de planes.<br \/>\nModelo para la representaci\u00f3n de conocimientos basados en casos.<\/p>\n<p>CURSOS RECIBIDOS:<br \/>\nT\u00e9cnicas avanzadas de programaci\u00f3n (CAC 1985)<br \/>\nT\u00e9cnicas optimizadas de sistemas (CAC 1986)<br \/>\nSistemas expertos en la pr\u00e1ctica (CAC 1988)<br \/>\nIngles curso de lectura (Esc. Idioma 1989).<br \/>\nRedes locales (CECE 1991)<br \/>\nPlanificaci\u00f3n cl\u00e1sica y multiagente (UH 1992).<br \/>\n&#8211; Multimedia (CEDISAC 1996)<br \/>\n&#8211; Gesti\u00f3n tecnol\u00f3gica (GESTA \u2013 1998)<br \/>\n&#8211; Dise\u00f1o de paginas Web (CENSAI \u2013 1999)<br \/>\n&#8211; Gesti\u00f3n de la calidad (GESTA \u2013 2000)<br \/>\n&#8211; Habilidades directivas (CETA \u2013 2000)<br \/>\n&#8211; T\u00e9cnicas de direcci\u00f3n (EMPROSIME &#8211; 2000)<br \/>\n&#8211; Gerencia de procesos (GESTA \u2013 2001)<br \/>\n&#8211; Comercio Electr\u00f3nico (CITMATEL \u2013 2005)<br \/>\n&#8211; Exact Global 2003 (MADRID &#8211; 2006)<br \/>\n&#8211; Diplomado Comercio Exterior (Instituto Comercio Exterior \u2013 2006). Tesis: \u201cDesarrollo del Comercio Electr\u00f3nico en el Mincex.<br \/>\n&#8211; Maestr\u00eda en Bio\u00e9tica (Centro de Bio\u00e9tica \u201cJuan Pablo II\u201d \u2013 2011 al 2012). Tesis: \u201cDesaf\u00edos \u00e9ticos que las tecnolog\u00edas convergentes plantean al ser humano\u201d<\/p>\n<p>CURSOS IMPARTIDOS:<br \/>\nIntroducci\u00f3n a la computaci\u00f3n (EMPROSIME 1985).<br \/>\nSistema Operativo CP\/M 86 (CECE 1985).<br \/>\nM\u00e9todos de B\u00fasqueda y Programaci\u00f3n L\u00f3gica (CECE 1986).<br \/>\nLenguaje PROLOG (EDISIME 1988)<br \/>\nProgramaci\u00f3n en PROLOG (CECE 1988, 1989 y 1990).<br \/>\n&#8211; Sistemas Expertos (CECE &#8211; 1991, 1992 y 1993).<br \/>\n&#8211; Inteligencia Artificial y Rob\u00f3tica (Red21 \u20132003).<br \/>\n&#8211; Tendencias y Nuevas Tecnolog\u00edas (DigiTendencias \u2013 2009)<\/p>\n<p>PUBLICACIONES CIENTIFICAS:<br \/>\nProgramaci\u00f3n Estructurada (bolet\u00edn de computaci\u00f3n 1986).<br \/>\nProgramaci\u00f3n L\u00f3gica (bolet\u00edn de computaci\u00f3n 1987).<br \/>\nIntroducci\u00f3n a los Sistemas Expertos (bolet\u00edn de computaci\u00f3n 1989).<br \/>\nTERMI: Sistema para la asistencia t\u00e9cnica en la selecci\u00f3n de soluciones tecnol\u00f3gicas para tratamiento t\u00e9rmico (bolet\u00edn de computaci\u00f3n 1990).<br \/>\nHablemos de Cibern\u00e9tica (Juventud T\u00e9cnica 1996, No. 274).<br \/>\n\u00bfSer\u00e1n nuestros nietos robots? (Juventud T\u00e9cnica 1996, No. 275).<br \/>\nSistema CONCREX: utilizaci\u00f3n de la inteligencia artificial en el hormigonado &#8220;in situ&#8221; (Cemento Hormig\u00f3n 1996, No. 757 Espa\u00f1a).<br \/>\n&#8211; \u201cPosthumanidad o posthumanismo\u201d (Colecci\u00f3n Pensar en Cuba de la editorial Ciencias Sociales &#8211; 1996).<br \/>\n&#8211; El sendero de la Inteligencia Artificial (Revista GIGA \u2013 1998)<br \/>\n&#8211; Internet como herramienta de promoci\u00f3n a nuestras empresas (Revista B~T SIME \u2013 1999)<br \/>\n&#8211; La Inteligencia Artificial y los retos de Microsoft (Punto cu &#8211; 2004)<br \/>\n&#8211; La I guerra en Internet: los navegadores (Punto cu \u2013 2006)<br \/>\n&#8211; La II guerra en Internet: Los buscadores (Mercado No.44 \u2013 2007)<br \/>\n&#8211; Sostenibilidad tecnol\u00f3gica: un enfoque tecnohumanista de la sostenibilidad (Cuadernos Bio\u00e9tica \u2013 marzo\/abril 2010)<br \/>\n&#8211; \u00c9tica y tecnolog\u00eda (Revista Bio\u00e9tica \u2013 enero\/abril 2010)<br \/>\n(No se incluyen las publicaciones electr\u00f3nicas)<\/p>\n<p>EVENTOS:<br \/>\nExposici\u00f3n logros forjadores del futuro 1985: &#8220;Algunas apli\u00accaciones de los comandos del PLUS 80&#8221; (menci\u00f3n).<br \/>\nXII encuentro de las BTJ 1987: &#8220;Sistema para la selecci\u00f3n de soluciones tecnol\u00f3gicas para tratamiento t\u00e9rmico&#8221; (premio nacio\u00acnal).<br \/>\nConferencia internacional la computaci\u00f3n en la arquitectura y la ingenier\u00eda 1989: &#8220;Sistemas expertos su aplicaci\u00f3n al dise\u00f1o&#8221; (conferencista).<br \/>\nInformatica 1990: &#8220;Termi: Sistema experto para la asistencia t\u00e9cnica en la selecci\u00f3n de soluciones tecnol\u00f3gicas para trata\u00acmiento t\u00e9rmico&#8221; (p\u00f3ster).<br \/>\nI Reuni\u00f3n t\u00e9cnica de Autocad 1990 &#8220;Aplicaci\u00f3n de la Inteli\u00acgencia Artificial a los CAD: perspectivas&#8221; (conferencia magis\u00actral).<br \/>\n&#8211; III Congreso Iberoamericano de Inteligencia Artificial (IBERAMIA) 1992: &#8220;Herramientas en AutoLISP para desarrollar CAD inteligentes (ACADI)&#8221; (p\u00f3ster).<br \/>\nJoven Club. Palacio de computaci\u00f3n 1993: &#8220;Las computadoras de la ficci\u00f3n a la ciencia&#8221; (conferencia).<br \/>\nFeria del libro 1996 &#8220;Cultura y cibern\u00e9tica en la antesala del tercer milenio&#8221; (Panelista).<br \/>\n&#8211; III Encuentro de realidad virtual \u2013 1997 \u201cLa especulaci\u00f3n en el ciberespacio\u201d (panelista).<br \/>\n&#8211; INFO\u00b497 \u2013 1997 \u201cLas nuevas tecnolog\u00edas y su impacto sobre las organizaciones inteligentes\u201d (Ponencia).<br \/>\n&#8211; Inform\u00e1tica 98 \u2013 1998 \u201cInternet: nuevas posibilidades de desarrollo para los software inteligentes\u201d (Ponencia).<br \/>\n&#8211; Met\u00e1nica 2000 \u2013 \u201cLa gerencia del conocimiento y la necesidad de una visi\u00f3n de futuro (Ponencia)<br \/>\n&#8211; Met\u00e1nica 2001 \u2013 \u201cLos cambios de paradigma tecnol\u00f3gico y la nueva era digital\u201d (Conferencia).<br \/>\n&#8211; Met\u00e1nica 2002 \u2013 \u201cLa Intranet como sistema de gesti\u00f3n empresarial y organizaci\u00f3n del conocimiento\u201d (Ponencia).<br \/>\n&#8211; Metanica 2003 &#8211; \u201cAutomatizaci\u00f3n de la gesti\u00f3n del dise\u00f1o\u201d (Panelista).<br \/>\n&#8211; Inform\u00e1tica 2005 &#8211; II Taller de Comercio Electr\u00f3nico: \u201cImpacto de los Agentes Inteligentes en el Comercio Electr\u00f3nico\u201d (Ponencia)<br \/>\n&#8211; Ansible 2005 \u2013 II Encuentro te\u00f3rico del g\u00e9nero fant\u00e1stico: \u201c\u00bfY si la Web me entendiera?\u201d (Ponencia)<br \/>\n&#8211; Encuentro de Realidad Virtual 2005 &#8211; Diez a\u00f1os despu\u00e9s: \u201cLa realidad virtual: \u00bfUna realidad alternativa o complementario? (Ponencia)\u201d<br \/>\n&#8211; III Congreso online observatorio para la CiberSociedad 2006 \u2013 Grupo de trabajo E13: \u201cLa relaci\u00f3n hombre-m\u00e1quina y la ideolog\u00eda de una posthumanidad\u201d (Comunicaci\u00f3n).<br \/>\n&#8211; Inform\u00e1tica 2009 &#8211; III Taller de Comercio Electr\u00f3nico: \u201cAnteproyecto para el desarrollo del Comercio Electr\u00f3nico\u201d (Ponencia).<br \/>\n&#8211; IV Taller de Comercio Electr\u00f3nico (2011): \u201cLas redes sociales y el administrador de comunidades\u201d (P\u00f3ster electr\u00f3nico).<br \/>\n&#8211; X Jornada de Bio\u00e9tica (2011). Participante<\/p>\n<p>MIEMBRO DE TRIBUNALES, COMISIONES, SOCIEDADES, OTROS:<br \/>\nParticipaci\u00f3n en tareas de SAPRO internacional.<br \/>\nMiembro del tribunal para seleccionar los trabajos para INFORMATICA 90 y 92. &#8220;La computaci\u00f3n en la Arquitectura y la Ingenier\u00eda&#8221;.<br \/>\nMiembro del tribunal para seleccionar los trabajos en la tem\u00e1tica de Inteligencia Artificial para la Convenci\u00f3n de la Uni\u00f3n Panamericana de Asociaciones de Ingenieros (UPADI 90).<br \/>\nProfesor de computaci\u00f3n del Frente de Proyectos.<br \/>\nResponsable de la Inteligencia Artificial para el Frente de Proyectos.<br \/>\n&#8211; Responsable de la comisi\u00f3n de computaci\u00f3n del Frente de Proyectos.<br \/>\n&#8211; Cuadro destacado del SIME en 1999.<br \/>\n&#8211; IV Congreso online observatorio para la CiberSociedad 2010 \u2013 Miembro del Comit\u00e9 Organizador.<br \/>\n&#8211; Participaci\u00f3n como experto para el tema \u201cLatinoam\u00e9rica 2010 \u2013 2030: Cuestionario Delphi Internacional y Escenarios\u201d del Proyecto Milenio<br \/>\n&#8211; Coordinador virtual para los eventos de Inform\u00e1tica 2009 y 2011<\/p>\n","protected":false},"excerpt":{"rendered":"<p>TITULO: Licenciado en Cibern\u00e9tica Matem\u00e1tica. ESPECIALIDAD: Especialista en Ciencias Inform\u00e1ticas CENTRO DE ESTUDIO: Universidad de la Habana EXPERIENCIA: Trabajo en la esfera de computaci\u00f3n desde 1977. ULTIMOS TRABAJOS REALIZADOS &#8211; Desarrollo del comercio electr\u00f3nico en las empresas del Mincex. &#8211; Proyecto de estrategia para la implementaci\u00f3n de las tiendas virtuales en las empresas. &#8211; Desarrollo [&hellip;]<\/p>\n","protected":false},"author":109,"featured_media":0,"parent":234,"menu_order":0,"comment_status":"open","ping_status":"open","template":"","meta":[],"_links":{"self":[{"href":"https:\/\/blogs.sld.cu\/cibernetica\/wp-json\/wp\/v2\/pages\/739"}],"collection":[{"href":"https:\/\/blogs.sld.cu\/cibernetica\/wp-json\/wp\/v2\/pages"}],"about":[{"href":"https:\/\/blogs.sld.cu\/cibernetica\/wp-json\/wp\/v2\/types\/page"}],"author":[{"embeddable":true,"href":"https:\/\/blogs.sld.cu\/cibernetica\/wp-json\/wp\/v2\/users\/109"}],"replies":[{"embeddable":true,"href":"https:\/\/blogs.sld.cu\/cibernetica\/wp-json\/wp\/v2\/comments?post=739"}],"version-history":[{"count":0,"href":"https:\/\/blogs.sld.cu\/cibernetica\/wp-json\/wp\/v2\/pages\/739\/revisions"}],"up":[{"embeddable":true,"href":"https:\/\/blogs.sld.cu\/cibernetica\/wp-json\/wp\/v2\/pages\/234"}],"wp:attachment":[{"href":"https:\/\/blogs.sld.cu\/cibernetica\/wp-json\/wp\/v2\/media?parent=739"}],"curies":[{"name":"wp","href":"https:\/\/api.w.org\/{rel}","templated":true}]}}