{"id":822,"date":"2014-04-15T20:34:16","date_gmt":"2014-04-15T20:34:16","guid":{"rendered":"http:\/\/cibernetica.wordpress.com\/?page_id=822"},"modified":"2014-04-15T20:34:16","modified_gmt":"2014-04-15T20:34:16","slug":"crisis-en-el-siglo-xxi","status":"publish","type":"page","link":"https:\/\/blogs.sld.cu\/cibernetica\/ebook\/crisis-en-el-siglo-xxi\/","title":{"rendered":"Crisis en el siglo XXI"},"content":{"rendered":"<p><a href=\"http:\/\/cibernetica.files.wordpress.com\/2014\/04\/crisis-en-el-siglo-xxi_.jpg\"><img loading=\"lazy\" class=\"alignleft wp-image-833 size-full\" src=\"http:\/\/cibernetica.files.wordpress.com\/2014\/04\/crisis-en-el-siglo-xxi_.jpg\" alt=\"Crisis-en-el-siglo-XXI_\" width=\"280\" height=\"280\" srcset=\"https:\/\/blogs.sld.cu\/cibernetica\/files\/2014\/04\/crisis-en-el-siglo-xxi_.jpg 280w, https:\/\/blogs.sld.cu\/cibernetica\/files\/2014\/04\/crisis-en-el-siglo-xxi_-150x150.jpg 150w\" sizes=\"(max-width: 280px) 100vw, 280px\" \/><\/a>Una de las mayores amenazas que enfrenta la humanidad consiste en la degradaci\u00f3n del planeta y los efectos que se est\u00e1n produciendo por las acciones humanas dada su actitud irresponsable con la naturaleza. El libro comienza con el cuestionamiento realizado por Bucky Fuller: \u201cEl desaf\u00edo: Si el \u00e9xito o el fracaso del planeta y de los seres humanos depende de c\u00f3mo soy y lo que hago\u2026 \u00bfC\u00f3mo ser\u00eda yo? \u00bfQu\u00e9 har\u00eda yo?\u201d.<\/p>\n<p>A lo largo del libro en sus cuatro capitulo se reflexiona sobre los desaf\u00edos que enfrentamos y las crisis que se han producido y que se tornar\u00e1n cada vez m\u00e1s compleja durante el siglo XXI.<\/p>\n<p>En el cap\u00edtulo I, se describe el desarrollo sostenible y sus acciones ante los efectos que estamos sufriendo desde un enfoque preactivo subestimando el papel de las tecnolog\u00edas en los nuevos escenarios que se avecinan.<\/p>\n<p>Precisamente en el cap\u00edtulo II se toca el tema de las tecnolog\u00edas y del conflicto que se establece entre el hombre y las m\u00e1quinas y se retoma la vieja pregunta de si las m\u00e1quinas superaran a los humanos y los riesgos que representa, para ello se adentra en el pensamiento de cuatro de los m\u00e1s significativos representantes del pensamiento tecnologista: Moravec, Kurzweil, Bostron y Warwick y sus planteamientos futuristas y el impacto que est\u00e1 teniendo la ideolog\u00eda transhumanista sobre la humanidad.<\/p>\n<p>En el cap\u00edtulo III se destaca la posibilidad de las tecnolog\u00edas y su car\u00e1cter emergente y la sinergia que est\u00e1 produciendo entre la nanotecnolog\u00eda, biotecnolog\u00eda, infotecnolog\u00eda y cognotecnolog\u00eda (NBIC), lo cual llevara a una aceleraci\u00f3n de las tecnolog\u00edas y al temor de que las tecnolog\u00edas crezcan fuera de control lo cual lleva a la necesidad de aprender desde el presente a manejarse con las nuevas tecnolog\u00edas y a establecer la base de c\u00f3mo ser\u00e1 la relaci\u00f3n entre humanos y tecnolog\u00edas.<\/p>\n<p>El \u00faltimo se enfoca hacia lo que deber\u00eda ser la mayor preocupaci\u00f3n de nuestro tiempo: la crisis espiritual, como la semilla de todas las crisis. Se plantea la necesidad de una \u00e9tica global y de principios \u00e9ticos universales y la necesidad de una visi\u00f3n del futuro compartida y la b\u00fasqueda del crecimiento espiritual.<br \/>\nEste libro es el primero de una colecci\u00f3n bajo el titulo: \u201cDesaf\u00edos contempor\u00e1neos\u201d, a este seguir\u00e1n otros libros que ir\u00e1n tocando los diferentes desaf\u00edos que estaremos enfrentando a lo largo del siglo XXI.<\/p>\n<p>Disponible en<\/p>\n<ul>\n<li><a title=\"Crisis Siglo XXI\" href=\"http:\/\/www.amazon.com\/dp\/B00JKMD77W\" target=\"_blank\"> Estados Unidos<\/a><\/li>\n<li><a title=\"Crisis Siglo XXI\" href=\"http:\/\/www.amazon.es\/Crisis-siglo-XXI-Desaf%C3%ADos-contempor%C3%A1neos-ebook\/dp\/B00JKMD77W\/ref=sr_1_1?s=digital-text&amp;ie=UTF8&amp;qid=1397655433&amp;sr=1-1&amp;keywords=Alejandro+Madruga\">Espa\u00f1a<\/a><\/li>\n<\/ul>\n","protected":false},"excerpt":{"rendered":"<p>Una de las mayores amenazas que enfrenta la humanidad consiste en la degradaci\u00f3n del planeta y los efectos que se est\u00e1n produciendo por las acciones humanas dada su actitud irresponsable con la naturaleza. El libro comienza con el cuestionamiento realizado por Bucky Fuller: \u201cEl desaf\u00edo: Si el \u00e9xito o el fracaso del planeta y de [&hellip;]<\/p>\n","protected":false},"author":109,"featured_media":0,"parent":702,"menu_order":4,"comment_status":"open","ping_status":"open","template":"","meta":[],"_links":{"self":[{"href":"https:\/\/blogs.sld.cu\/cibernetica\/wp-json\/wp\/v2\/pages\/822"}],"collection":[{"href":"https:\/\/blogs.sld.cu\/cibernetica\/wp-json\/wp\/v2\/pages"}],"about":[{"href":"https:\/\/blogs.sld.cu\/cibernetica\/wp-json\/wp\/v2\/types\/page"}],"author":[{"embeddable":true,"href":"https:\/\/blogs.sld.cu\/cibernetica\/wp-json\/wp\/v2\/users\/109"}],"replies":[{"embeddable":true,"href":"https:\/\/blogs.sld.cu\/cibernetica\/wp-json\/wp\/v2\/comments?post=822"}],"version-history":[{"count":0,"href":"https:\/\/blogs.sld.cu\/cibernetica\/wp-json\/wp\/v2\/pages\/822\/revisions"}],"up":[{"embeddable":true,"href":"https:\/\/blogs.sld.cu\/cibernetica\/wp-json\/wp\/v2\/pages\/702"}],"wp:attachment":[{"href":"https:\/\/blogs.sld.cu\/cibernetica\/wp-json\/wp\/v2\/media?parent=822"}],"curies":[{"name":"wp","href":"https:\/\/api.w.org\/{rel}","templated":true}]}}