{"id":859,"date":"2014-06-13T20:30:05","date_gmt":"2014-06-13T20:30:05","guid":{"rendered":"http:\/\/cibernetica.wordpress.com\/?page_id=859"},"modified":"2015-08-22T14:46:17","modified_gmt":"2015-08-22T14:46:17","slug":"proyecto-milenio","status":"publish","type":"page","link":"https:\/\/blogs.sld.cu\/cibernetica\/proyecto-milenio\/","title":{"rendered":"Cursos"},"content":{"rendered":"<h1 id=\"yui_3_17_2_3_1440194850843_324\">Cursos red INFOMED<\/h1>\n<h2>Cursos disponibles<\/h2>\n<h3><a href=\"http:\/\/cursos.red.sld.cu\/course\/view.php?id=2\">Curso Basico de Redes y Servicios para la red de Infomed<\/a><\/h3>\n<p>En este curso se abordar\u00e1 conceptos b\u00e1sicos e importantes para la administraci\u00f3n de redes, se expondr\u00e1n ejemplos de configuraciones,tanto de equipos de red (switch y router), como de los principales servicios usados por los admin de la red (proxy, correo). Se manejar\u00e1 informaci\u00f3n importante de la Red para un mejor uso y aprovechamiento de los recursos disponibles. Se recomendaran herramientas de gesti\u00f3n y monitoreo para que la detenci\u00f3n de los problemas sea mas proactiva que reactiva. Finalizado este curso cualquier administrador de la Red de Salud tendr\u00e1 un mejor conocimiento de la mismay garantizar\u00e1 un mejor funcionamiento dentro de su centro. Este curso termina con una prueba para verificar los conocimientos adquiridos en el mismo.<\/p>\n<h3><a href=\"http:\/\/cursos.red.sld.cu\/course\/view.php?id=8\">Moodle para Administradores<\/a><\/h3>\n<p>Laboratorio para realizar las pruebas sobre Moodle<\/p>\n<ul>\n<li>Profesor: <a href=\"http:\/\/cursos.red.sld.cu\/user\/view.php?id=4&amp;course=1\">Alejandro Madruga Gonzalez<\/a><\/li>\n<\/ul>\n<h3><a href=\"http:\/\/cursos.red.sld.cu\/course\/view.php?id=7\">Drupal para desarrolladores web<\/a><\/h3>\n<p>Curso de drupal para los desarrolladores del web<\/p>\n<ul>\n<li>Profesor: <a href=\"http:\/\/cursos.red.sld.cu\/user\/view.php?id=6&amp;course=1\">Aylin Alvarez Martinez <\/a><\/li>\n<li>Profesor: <a href=\"http:\/\/cursos.red.sld.cu\/user\/view.php?id=4&amp;course=1\">Alejandro Madruga Gonzalez<\/a><\/li>\n<li>Profesor: <a href=\"http:\/\/cursos.red.sld.cu\/user\/view.php?id=7&amp;course=1\">Victor Ricardo D\u00edaz<\/a><\/li>\n<\/ul>\n<h3><a href=\"http:\/\/cursos.red.sld.cu\/course\/view.php?id=5\">WordPress para editores de sitios<\/a><\/h3>\n<p>WordPress es un sistema de gesti\u00f3n de contenido (o CMS, del ingl\u00e9s Content Management System) enfocado a la creaci\u00f3n de web blogs (sitios web peri\u00f3dicamente actualizados). Desarrollado en PHP y MySQL, bajo licencia GPL y c\u00f3digo modificable, tiene como fundador a Matt Mullenweg. WordPress fue creado a partir del desaparecido b2\/cafelog y se ha convertido junto a Movable Type en el CMS m\u00e1s popular de la blogosfera y en el m\u00e1s popular con respecto a cualquier otro CMS de aplicaci\u00f3n general.2 3 Las causas de su enorme crecimiento son, entre otras, su licencia, su facilidad de uso y sus caracter\u00edsticas como gestor de contenidos.<\/p>\n<p>WordPress es el CMS (Content Manager System \/ Gestor de Contenidos) por excelencia, un producto que puede acelerar de manera notable el desarrollo de una web, a la vez que dota a los proyectos de una herramienta sencilla para la edici\u00f3n de contenidos. Se trata de uno de los CMS m\u00e1s populares, gracias a su sencillez y la capacidad de adaptarse a todas las necesidades.<\/p>\n<ul>\n<li>Profesor: <a href=\"http:\/\/cursos.red.sld.cu\/user\/view.php?id=5&amp;course=1\">Tania Izquierdo Pamias<\/a><\/li>\n<\/ul>\n<h3><a href=\"http:\/\/cursos.red.sld.cu\/course\/view.php?id=4\">Moodle para Profesores Web<\/a><\/h3>\n<p>Introducir a los estudiantes en el uso de la plataforma moodle para la integraci\u00f3n de contenidos en entornos virtuales de aprendizaje como apoyo al desarrollo del aprendizaje de los estudiantes en las tres modalidades de estudio, permitiendo aplicar los conocimientos adquiridos en la actividad cient\u00edfico-profesional en el contexto contempor\u00e1neo y en la formaci\u00f3n de las nuevas generaciones.<\/p>\n<ul>\n<li>Profesor: <a href=\"http:\/\/cursos.red.sld.cu\/user\/view.php?id=14&amp;course=1\">Suiberto Hechevarria Toledo<\/a><\/li>\n<li>Profesor: <a href=\"http:\/\/cursos.red.sld.cu\/user\/view.php?id=4&amp;course=1\">Alejandro Madruga Gonzalez<\/a><\/li>\n<\/ul>\n<h3><a href=\"http:\/\/cursos.red.sld.cu\/course\/view.php?id=9\">Curso tendencias y nuevas tecnolog\u00edas<\/a><\/h3>\n<ul>\n<li>Profesor: <a href=\"http:\/\/cursos.red.sld.cu\/user\/view.php?id=4&amp;course=1\">Alejandro Madruga Gonzalez<\/a><\/li>\n<\/ul>\n<h3><a href=\"http:\/\/cursos.red.sld.cu\/course\/view.php?id=6\">Curso Sistemas Basados en Conocimientos<\/a><\/h3>\n<p>Sistemas Expertos<\/p>\n<ul>\n<li>Que comprendan la importancia de los sistemas expertos y que sean capaces de desarrollar bases de conocimientos para aplicaciones en su \u00e1rea y\/o elaborar sistemas expertos simples que interactuen con otros sistemas como h\u00edbridos.<\/li>\n<\/ul>\n<ol>\n<li>Sistemas de producci\u00f3n.<\/li>\n<li>Estrategia de b\u00fasqueda.<\/li>\n<li>Representaci\u00f3n del conocimiento.<\/li>\n<li>Razonamiento con incertidumbre.<\/li>\n<li>Caracter\u00edstica de los SE: Ejemplos y aplicaciones<\/li>\n<\/ol>\n<h2>Descargar\u00a0 Programa: Construya un sistema experto<\/h2>\n<h3><a href=\"http:\/\/blogs.sld.cu\/cibernetica\/files\/2014\/11\/Tinas.rar\">Tinas<\/a><\/h3>\n<h3><\/h3>\n<p><strong>LA FACULTAD MANUEL FAJARDO DE LA UNIVERSIDAD DE CIENCIAS M\u00c9DICAS DE LA HABANA<\/strong><strong>CONVOCA AL CURSO DE POSTGRADO<\/strong><\/p>\n<p>\u201cCREACI\u00d3N DE CURSOS VIRTUALES EN LA PLATAFORMA MOODLE 2.5\u201d. Tercera Edici\u00f3n.<\/p>\n<p><strong>\u00a0Objetivo general:<\/strong> Los participantes estar\u00e1n en capacidad de desarrollar cursos virtuales mediante el dise\u00f1o y gesti\u00f3n desde la plataforma Moodle 2x\u00a0 y basados en el modelo de educaci\u00f3n en Red para las Ciencias de la Salud.<\/p>\n<p><strong>Dirigido a:<\/strong> profesores\u00a0 de Ciencias M\u00e9dicas interesados en realizar actividades de educaci\u00f3n en red utilizando la plataforma Moodle en su \u00faltima versi\u00f3n disponible en Cuba (Moodle 2.5)<\/p>\n<p><strong>Duraci\u00f3n<\/strong>: <span style=\"text-decoration: underline;\">4 semanas<\/span>\u00a0\u00a0\u00a0\u00a0\u00a0\u00a0\u00a0\u00a0 <strong>Cr\u00e9ditos: <span style=\"text-decoration: underline;\">3<\/span><\/strong>\u00a0\u00a0\u00a0\u00a0\u00a0\u00a0\u00a0\u00a0\u00a0<strong>Total de horas<\/strong>: <span style=\"text-decoration: underline;\">144<\/span><\/p>\n<p><strong>Fecha de inicio:<\/strong> Jueves 12 de febrero 2015.\u00a0 2 pm.<\/p>\n<p><strong>Duraci\u00f3n:<\/strong> 4 semanas (encuentros presenciales los Jueves de 2 a 4.30 pm) hasta el 5 de marzo de 2015.<\/p>\n<p><strong>Sede:<\/strong> Biblioteca M\u00e9dica Nacional. Direcci\u00f3n: Calle 23, esq N. Vedado.<\/p>\n<p><strong>Forma de matricular:<\/strong><\/p>\n<ul>\n<li><strong>Primer Paso: <\/strong>solicitar matr\u00edcula al\u00a0 profesor: Suiberto Hechavarr\u00eda Toledo (<a href=\"mailto:suiberto@infomed.sld.cu\">suiberto@infomed.sld.cu<\/a>). Luego se le dar\u00e1 respuesta de aceptaci\u00f3n.<\/li>\n<li><strong>Segundo paso:<\/strong> matricular en el Aula Virtual de Moodle de Infomed, disponible en: <a href=\"http:\/\/aulavirtual.sld.cu\/\">http:\/\/aulavirtual.sld.cu\/<\/a> . Para ello debe entrar en \u201cComience ahora creando una cuenta\u201d si no est\u00e1 inscrito en el Aula Virtual; de lo contrario entre con su nombre y contrase\u00f1a.<\/li>\n<li><strong>Tercer paso:<\/strong> informar al profesor que ya se encuentra matriculado en <a href=\"http:\/\/aulavirtual.sld.cu\/\">http:\/\/aulavirtual.sld.cu\/<\/a>\u00a0 para permitirle aentrada al espacio <a href=\"http:\/\/aulavirtual.sld.cu\/course\/view.php?id=72\">http:\/\/aulavirtual.sld.cu\/course\/view.php?id=72<\/a><\/li>\n<\/ul>\n<p><strong>Estrategia:<\/strong> El cursos se realizar\u00e1 en la modalidad mixta con cuatro actividades presenciales y tareas a distancia utilizando el Aula Virtual de Infomed. Contar\u00e1 con un \u00e1rea de pr\u00e1cticas para que los participantes comiencen a crear su propios cursos, lo que luego podr\u00e1 hacer visibles.<\/p>\n<p>&nbsp;<\/p>\n<h2><a href=\"http:\/\/cursad.jovenclub.cu\/\"><strong>CURSOS JOVEN CLUB<\/strong><\/a><\/h2>\n<h2><a href=\"http:\/\/cursad.jovenclub.cu\/course\/category.php?id=11\">Sistemas de gesti\u00f3n de aprendizaje<\/a><\/h2>\n<ul>\n<li><a href=\"http:\/\/cursad.jovenclub.cu\/course\/view.php?id=174\">Moodle para profesores<\/a><\/li>\n<li><a href=\"http:\/\/cursad.jovenclub.cu\/course\/view.php?id=173\">Moodle para administradores<\/a><\/li>\n<li><a href=\"http:\/\/cursad.jovenclub.cu\/course\/view.php?id=172\">Introducci\u00f3n a las plataformas virtuales<\/a><\/li>\n<\/ul>\n<p>&nbsp;<\/p>\n","protected":false},"excerpt":{"rendered":"<p>Cursos red INFOMED Cursos disponibles Curso Basico de Redes y Servicios para la red de Infomed En este curso se abordar\u00e1 conceptos b\u00e1sicos e importantes para la administraci\u00f3n de redes, se expondr\u00e1n ejemplos de configuraciones,tanto de equipos de red (switch y router), como de los principales servicios usados por los admin de la red (proxy, [&hellip;]<\/p>\n","protected":false},"author":109,"featured_media":0,"parent":0,"menu_order":30,"comment_status":"open","ping_status":"open","template":"","meta":[],"_links":{"self":[{"href":"https:\/\/blogs.sld.cu\/cibernetica\/wp-json\/wp\/v2\/pages\/859"}],"collection":[{"href":"https:\/\/blogs.sld.cu\/cibernetica\/wp-json\/wp\/v2\/pages"}],"about":[{"href":"https:\/\/blogs.sld.cu\/cibernetica\/wp-json\/wp\/v2\/types\/page"}],"author":[{"embeddable":true,"href":"https:\/\/blogs.sld.cu\/cibernetica\/wp-json\/wp\/v2\/users\/109"}],"replies":[{"embeddable":true,"href":"https:\/\/blogs.sld.cu\/cibernetica\/wp-json\/wp\/v2\/comments?post=859"}],"version-history":[{"count":7,"href":"https:\/\/blogs.sld.cu\/cibernetica\/wp-json\/wp\/v2\/pages\/859\/revisions"}],"predecessor-version":[{"id":1196,"href":"https:\/\/blogs.sld.cu\/cibernetica\/wp-json\/wp\/v2\/pages\/859\/revisions\/1196"}],"wp:attachment":[{"href":"https:\/\/blogs.sld.cu\/cibernetica\/wp-json\/wp\/v2\/media?parent=859"}],"curies":[{"name":"wp","href":"https:\/\/api.w.org\/{rel}","templated":true}]}}