{"id":11,"date":"2020-12-21T00:41:04","date_gmt":"2020-12-21T00:41:04","guid":{"rendered":"http:\/\/blogs.sld.cu\/colera\/?page_id=11"},"modified":"2021-02-19T17:22:10","modified_gmt":"2021-02-19T17:22:10","slug":"acerca-de","status":"publish","type":"page","link":"https:\/\/blogs.sld.cu\/colera\/acerca-de\/","title":{"rendered":"Acerca de"},"content":{"rendered":"<p style=\"background: white;margin: 7.5pt 0cm 7.5pt 0cm\"><span style=\"font-family: verdana, geneva;color: #707070;font-size: 12pt\">Una enfermedad similar al c\u00f3lera, fue descrita en la \u00e9poca de Hip\u00f3crates (460-377 a. C.), y tambi\u00e9n de Galeno (129-216 d.C.). En la historia de la India antigua, existen escritos que describen la enfermedad en las poblaciones asentadas en las orillas del r\u00edo Ganges.\u200b Sin embargo, la primera referencia de la existencia del c\u00f3lera en la India, se encuentra poco despu\u00e9s de la llegada de Vasco de Gama a<strong>\u00a0Calicut<\/strong>\u00a0en el a\u00f1o 1498 (tambi\u00e9n llamada Kozhikode, es una ciudad de la India, que se encuentra en el sur, en la zona de Kerala). Pero no es hasta el a\u00f1o 1503 cuando se describe una epidemia de c\u00f3lera asi\u00e1tica en el ej\u00e9rcito del soberano de Calicut; y posteriormente en el a\u00f1o 1543 en la poblaci\u00f3n de la ciudad.\u200b<\/span><\/p>\n<p style=\"background: white;margin: 7.5pt 0cm 7.5pt 0cm\"><span style=\"font-family: verdana, geneva;color: #707070;font-size: 12pt\">La primera referencia documentada de un brote de c\u00f3lera fuera de la India es del a\u00f1o 1629, y ocurri\u00f3 en la isla de Java.<\/span><\/p>\n<p style=\"background: white;margin: 7.5pt 0cm 7.5pt 0cm\"><span style=\"font-family: verdana, geneva;color: #707070;font-size: 12pt\">El\u00a0<strong>bacilo del c\u00f3lera<\/strong>\u00a0(<em>Vibrio cholerae)\u00a0<\/em>es una bacteria Gram negativa con forma de bast\u00f3n, es una proteobacteria, posee un flagelo en un extremo, que le da movilidad m\u00e1xima. Las formas epid\u00e9micas se presentan en dos varianes O1 (llamado El Tor) y el O139.<\/span><\/p>\n","protected":false},"excerpt":{"rendered":"<p>Una enfermedad similar al c\u00f3lera, fue descrita en la \u00e9poca de Hip\u00f3crates (460-377 a. C.), y tambi\u00e9n de Galeno (129-216 d.C.). En la historia de la India antigua, existen escritos que describen la enfermedad en las poblaciones asentadas en las orillas del r\u00edo Ganges.\u200b Sin embargo, la primera referencia de la existencia del c\u00f3lera en [&hellip;]<\/p>\n","protected":false},"author":208,"featured_media":0,"parent":0,"menu_order":0,"comment_status":"closed","ping_status":"closed","template":"","meta":[],"_links":{"self":[{"href":"https:\/\/blogs.sld.cu\/colera\/wp-json\/wp\/v2\/pages\/11"}],"collection":[{"href":"https:\/\/blogs.sld.cu\/colera\/wp-json\/wp\/v2\/pages"}],"about":[{"href":"https:\/\/blogs.sld.cu\/colera\/wp-json\/wp\/v2\/types\/page"}],"author":[{"embeddable":true,"href":"https:\/\/blogs.sld.cu\/colera\/wp-json\/wp\/v2\/users\/208"}],"replies":[{"embeddable":true,"href":"https:\/\/blogs.sld.cu\/colera\/wp-json\/wp\/v2\/comments?post=11"}],"version-history":[{"count":6,"href":"https:\/\/blogs.sld.cu\/colera\/wp-json\/wp\/v2\/pages\/11\/revisions"}],"predecessor-version":[{"id":76,"href":"https:\/\/blogs.sld.cu\/colera\/wp-json\/wp\/v2\/pages\/11\/revisions\/76"}],"wp:attachment":[{"href":"https:\/\/blogs.sld.cu\/colera\/wp-json\/wp\/v2\/media?parent=11"}],"curies":[{"name":"wp","href":"https:\/\/api.w.org\/{rel}","templated":true}]}}