{"id":18,"date":"2020-12-21T00:42:31","date_gmt":"2020-12-21T00:42:31","guid":{"rendered":"http:\/\/blogs.sld.cu\/colera\/?page_id=18"},"modified":"2021-02-19T17:27:17","modified_gmt":"2021-02-19T17:27:17","slug":"sintomas","status":"publish","type":"page","link":"https:\/\/blogs.sld.cu\/colera\/sintomas\/","title":{"rendered":"S\u00edntomas"},"content":{"rendered":"<p style=\"background: white;margin: 7.5pt 0cm 7.5pt 0cm\"><span style=\"font-family: verdana, geneva;color: #707070;font-size: 12pt\">El\u00a0<em><b>c\u00f3lera<\/b><\/em>\u00a0es una enfermedad muy virulenta que afecta a ni\u00f1os y adultos y puede ser mortal en cuesti\u00f3n de horas, si no se trata a tiempo, ya que la p\u00e9rdida de agua y electrolitos\u00a0en el cuerpo es muy grande. Cuando existe en la regi\u00f3n en que se encuentre, brotes de la enfermedad, o se est\u00e1 en una zona de c\u00f3lera end\u00e9mica, no debe esperarse y acudir al m\u00e9dico a la primera diarrea.<\/span><\/p>\n<p style=\"background: white;margin: 7.5pt 0cm 7.5pt 0cm\"><span style=\"font-family: verdana, geneva;color: #707070;font-size: 12pt\">Los\u00a0<strong>s\u00edntomas<\/strong>\u00a0son los siguientes:<\/span><\/p>\n<p style=\"background: white;margin: 7.5pt 0cm 7.5pt 0cm\"><span style=\"font-family: verdana, geneva;color: #707070;font-size: 12pt\">Inicio repentino de la diarrea acuosa, hasta 1 litro\u00a0por hora. Sequedad en la boca y mucha sed. Dolor abdominal por irritaci\u00f3n de la mucosa. Deshidrataci\u00f3n. Calambres en las piernas. N\u00e1useas. Hipotensi\u00f3n por la p\u00e9rdida de l\u00edquidos y electrolitos.\u00a0<\/span><\/p>\n","protected":false},"excerpt":{"rendered":"<p>El\u00a0c\u00f3lera\u00a0es una enfermedad muy virulenta que afecta a ni\u00f1os y adultos y puede ser mortal en cuesti\u00f3n de horas, si no se trata a tiempo, ya que la p\u00e9rdida de agua y electrolitos\u00a0en el cuerpo es muy grande. Cuando existe en la regi\u00f3n en que se encuentre, brotes de la enfermedad, o se est\u00e1 en [&hellip;]<\/p>\n","protected":false},"author":208,"featured_media":0,"parent":0,"menu_order":0,"comment_status":"closed","ping_status":"closed","template":"","meta":[],"_links":{"self":[{"href":"https:\/\/blogs.sld.cu\/colera\/wp-json\/wp\/v2\/pages\/18"}],"collection":[{"href":"https:\/\/blogs.sld.cu\/colera\/wp-json\/wp\/v2\/pages"}],"about":[{"href":"https:\/\/blogs.sld.cu\/colera\/wp-json\/wp\/v2\/types\/page"}],"author":[{"embeddable":true,"href":"https:\/\/blogs.sld.cu\/colera\/wp-json\/wp\/v2\/users\/208"}],"replies":[{"embeddable":true,"href":"https:\/\/blogs.sld.cu\/colera\/wp-json\/wp\/v2\/comments?post=18"}],"version-history":[{"count":6,"href":"https:\/\/blogs.sld.cu\/colera\/wp-json\/wp\/v2\/pages\/18\/revisions"}],"predecessor-version":[{"id":78,"href":"https:\/\/blogs.sld.cu\/colera\/wp-json\/wp\/v2\/pages\/18\/revisions\/78"}],"wp:attachment":[{"href":"https:\/\/blogs.sld.cu\/colera\/wp-json\/wp\/v2\/media?parent=18"}],"curies":[{"name":"wp","href":"https:\/\/api.w.org\/{rel}","templated":true}]}}