{"id":20,"date":"2020-12-21T00:43:18","date_gmt":"2020-12-21T00:43:18","guid":{"rendered":"http:\/\/blogs.sld.cu\/colera\/?page_id=20"},"modified":"2021-02-19T17:30:29","modified_gmt":"2021-02-19T17:30:29","slug":"diagnosticotratamiento","status":"publish","type":"page","link":"https:\/\/blogs.sld.cu\/colera\/diagnosticotratamiento\/","title":{"rendered":"Diagn\u00f3stico\/Tratamiento"},"content":{"rendered":"<p><span style=\"font-family: verdana, geneva;font-size: 12pt\">El c\u00f3lera es una enfermedad que se trata f\u00e1cilmente.<\/span><\/p>\n<p><span style=\"font-family: verdana, geneva;font-size: 12pt\">Hasta el 80 % de los casos puede tratarse satisfactoriamente mediante la pronta administraci\u00f3n de sales de rehidrataci\u00f3n oral (SRO).<\/span><\/p>\n<p><span style=\"font-family: verdana, geneva;font-size: 12pt\">A los enfermos gravemente deshidratados hay que administrarles l\u00edquidos intravenosos; tambi\u00e9n hay que darles antibi\u00f3ticos apropiados para acortar la duraci\u00f3n de la diarrea, reducir el volumen de l\u00edquidos de hidrataci\u00f3n necesarios y abreviar el tiempo en que se excreta el\u00a0<em>Vibrio cholerae<\/em>.<\/span><\/p>\n<p><span style=\"font-family: verdana, geneva;font-size: 12pt\">Si se valora la presencia de c\u00f3lera en un paciente, no esperar por los resultados de laboratorio para comenzar el tratamiento.<\/span><\/p>\n<p><span style=\"font-family: verdana, geneva;font-size: 12pt\">La importancia del tratamiento radica en el diagn\u00f3stico r\u00e1pido y oportuno, siendo de vital importancia el garantizar la reposici\u00f3n de l\u00edquidos y electrolitos que se han perdido en este cuadro diarreico agudo.<\/span><\/p>\n<p><span style=\"font-family: verdana, geneva;font-size: 12pt\">La Organizaci\u00f3n Mundial de la Salud (OMS) ha desarrollado una soluci\u00f3n de sales de rehidrataci\u00f3n oral con la que pueden tratarse la \u00a0mayor\u00eda de los casos (sobre est\u00e1ndar de SRO de la OMS \/ UNICEF), que se est\u00e1 utilizando ahora a nivel internacional, lo que favorece la atenci\u00f3n m\u00e9dica de los pacientes afectados y es mucho menos costosa y\u00a0de f\u00e1cil administraci\u00f3n\u00a0que los preparados de utilizaci\u00f3n endovenosa.<\/span><\/p>\n<p><span style=\"font-family: verdana, geneva;font-size: 12pt\">\u00a0<\/span><\/p>\n<p><span style=\"font-family: verdana, geneva;font-size: 12pt\">\u00a0<\/span><\/p>\n","protected":false},"excerpt":{"rendered":"<p>El c\u00f3lera es una enfermedad que se trata f\u00e1cilmente. Hasta el 80 % de los casos puede tratarse satisfactoriamente mediante la pronta administraci\u00f3n de sales de rehidrataci\u00f3n oral (SRO). A los enfermos gravemente deshidratados hay que administrarles l\u00edquidos intravenosos; tambi\u00e9n hay que darles antibi\u00f3ticos apropiados para acortar la duraci\u00f3n de la diarrea, reducir el volumen [&hellip;]<\/p>\n","protected":false},"author":208,"featured_media":0,"parent":0,"menu_order":0,"comment_status":"closed","ping_status":"closed","template":"","meta":[],"_links":{"self":[{"href":"https:\/\/blogs.sld.cu\/colera\/wp-json\/wp\/v2\/pages\/20"}],"collection":[{"href":"https:\/\/blogs.sld.cu\/colera\/wp-json\/wp\/v2\/pages"}],"about":[{"href":"https:\/\/blogs.sld.cu\/colera\/wp-json\/wp\/v2\/types\/page"}],"author":[{"embeddable":true,"href":"https:\/\/blogs.sld.cu\/colera\/wp-json\/wp\/v2\/users\/208"}],"replies":[{"embeddable":true,"href":"https:\/\/blogs.sld.cu\/colera\/wp-json\/wp\/v2\/comments?post=20"}],"version-history":[{"count":6,"href":"https:\/\/blogs.sld.cu\/colera\/wp-json\/wp\/v2\/pages\/20\/revisions"}],"predecessor-version":[{"id":80,"href":"https:\/\/blogs.sld.cu\/colera\/wp-json\/wp\/v2\/pages\/20\/revisions\/80"}],"wp:attachment":[{"href":"https:\/\/blogs.sld.cu\/colera\/wp-json\/wp\/v2\/media?parent=20"}],"curies":[{"name":"wp","href":"https:\/\/api.w.org\/{rel}","templated":true}]}}