{"id":24,"date":"2020-12-21T00:45:45","date_gmt":"2020-12-21T00:45:45","guid":{"rendered":"http:\/\/blogs.sld.cu\/colera\/?page_id=24"},"modified":"2021-02-19T18:10:55","modified_gmt":"2021-02-19T18:10:55","slug":"recursos","status":"publish","type":"page","link":"https:\/\/blogs.sld.cu\/colera\/recursos\/","title":{"rendered":"Recursos"},"content":{"rendered":"<p><span style=\"font-family: verdana, geneva;font-size: 12pt\"><a href=\"temas.sld.cu\/colera\" target=\"_blank\"><strong>C\u00f3lera. Infomed<\/strong><br \/>\n<\/a><\/span><\/p>\n<p><span style=\"font-size: 12pt;font-family: verdana, geneva\"><strong><span style=\"text-decoration: underline\"><a href=\"https:\/\/www.who.int\/es\/news-room\/fact-sheets\/detail\/cholera\" target=\"_blank\">C\u00f3lera &#8211; World Health Organization<\/a><\/span><\/strong><\/span><\/p>\n<p><span style=\"font-size: 12pt;font-family: verdana, geneva\"><strong><span style=\"text-decoration: underline\"><a href=\"http:\/\/scielo.sld.cu\/scielo.php?script=sci_arttext&amp;pid=S1561-31942011000400025\" target=\"_blank\">C\u00f3lera: historia y actualidad &#8211; SciELO Cuba &#8211; Infomed<\/a><\/span><\/strong><\/span><\/p>\n<p><span style=\"font-size: 12pt;font-family: verdana, geneva\"><strong><span style=\"text-decoration: underline\"><a href=\"https:\/\/www.mayoclinic.org\/es-es\/diseases-conditions\/cholera\/symptoms-causes\/syc-20355287\" target=\"_blank\">C\u00f3lera &#8211; S\u00edntomas y causas &#8211; Mayo Clini<\/a><\/span><\/strong><\/span><\/p>\n<p><span style=\"font-size: 12pt;font-family: verdana, geneva\"><strong><span style=\"text-decoration: underline\"><a href=\"https:\/\/medlineplus.gov\/spanish\/ency\/article\/000303.htm\" target=\"_blank\">C\u00f3lera: MedlinePlus enciclopedia m\u00e9dica<\/a><\/span><\/strong><\/span><\/p>\n<p><span style=\"font-size: 12pt;font-family: verdana, geneva\"><strong><span style=\"text-decoration: underline\"><a href=\"https:\/\/www.paho.org\/es\/temas\/colera\" target=\"_blank\">C\u00f3lera &#8211; OPS\/OMS | Organizaci\u00f3n Panamericana de la Salud<\/a><\/span><\/strong><\/span><\/p>\n<p><span style=\"font-size: 12pt;font-family: verdana, geneva\"><strong><span style=\"text-decoration: underline\"><a href=\"https:\/\/www.paho.org\/coleracoalicion\/the-disease\/?lang=es\" target=\"_blank\">Acerca del c\u00f3lera \u2013 Un equipo contra el c\u00f3lera<\/a><\/span><\/strong><\/span><\/p>\n<p><span style=\"font-size: 12pt;font-family: verdana, geneva\"><strong><span style=\"text-decoration: underline\"><a href=\"https:\/\/kidshealth.org\/es\/parents\/cholera-esp.html\" target=\"_blank\">C\u00f3lera (para Padres) &#8211; Nemours KidsHealth<\/a><\/span><\/strong><\/span><\/p>\n<p><span style=\"font-size: 12pt;font-family: verdana, geneva\"><strong><span style=\"text-decoration: underline\"><a href=\"https:\/\/www.google.com.cu\/url?sa=t&amp;rct=j&amp;q=&amp;esrc=s&amp;source=web&amp;cd=&amp;cad=rja&amp;uact=8&amp;ved=2ahUKEwiK9KWlhM_tAhVPrFkKHR6wCacQFjAVegQIJhAC&amp;url=https%3A%2F%2Fcuidateplus.marca.com%2Fenfermedades%2Fviajero%2Fcolera.html&amp;usg=AOvVaw3yEKqx-3_BXVChSaIW5AuK\" target=\"_blank\">C\u00f3lera tratamientos, s\u00edntomas e informaci\u00f3n en CuidatePlus<\/a><\/span><\/strong><\/span><\/p>\n<p><span style=\"font-family: verdana, geneva;font-size: 12pt\">\u00a0<strong><span style=\"text-decoration: underline\"><a href=\"https:\/\/www.msf.es\/nuestra-accion\/colera\" target=\"_blank\">C\u00f3lera | M\u00e9dicos Sin Fronteras<\/a><\/span><\/strong><\/span><\/p>\n<p><span style=\"font-family: verdana, geneva;font-size: 12pt\">\u00a0<strong><span style=\"text-decoration: underline\"><a href=\"https:\/\/www.msdmanuals.com\/es\/hogar\/infecciones\/infecciones-bacterianas-bacterias-gramnegativas\/c%C3%B3lera\" target=\"_blank\">C\u00f3lera &#8211; Infecciones &#8211; Manual MSD versi\u00f3n para p\u00fablico general<\/a><\/span><\/strong><\/span><\/p>\n<p><span style=\"font-family: verdana, geneva;font-size: 12pt\">\u00a0<strong><span style=\"text-decoration: underline\"><a href=\"https:\/\/www.minsal.cl\/colera\/\" target=\"_blank\">C\u00d3LERA &#8211; Ministerio de Salud &#8211; Gobierno de Chile<\/a><\/span><\/strong><\/span><\/p>\n<p><span style=\"font-family: verdana, geneva;font-size: 12pt\">\u00a0<strong><span style=\"text-decoration: underline\"><a href=\"https:\/\/www.youtube.com\/watch?v=tVcmFSF9N6E\" target=\"_blank\">EXPLICAMOS\u2122 El C\u00f3lera enfermedad (by Global &#8230; &#8211; YouTube<\/a><\/span><\/strong><\/span><\/p>\n<p><span style=\"font-family: verdana, geneva;font-size: 12pt\">\u00a0<strong><span style=\"text-decoration: underline\"><a href=\"http:\/\/www.health.ny.gov\/es\/disease\/communicable\/colera.htm\" target=\"_blank\">C\u00f3lera &#8211; New York State Department of Health<\/a><\/span><\/strong><\/span><\/p>\n<p><span style=\"font-family: verdana, geneva;font-size: 12pt\">\u00a0<strong><span style=\"text-decoration: underline\"><a href=\"https:\/\/www.bbc.com\/mundo\/noticias-53328313\" target=\"_blank\">El m\u00e9dico que descubri\u00f3 c\u00f3mo se propaga el c\u00f3lera (y evit\u00f3 &#8230;<\/a><\/span><\/strong><\/span><\/p>\n<p><span style=\"font-family: verdana, geneva;font-size: 12pt\">\u00a0<strong><span style=\"text-decoration: underline\"><a href=\"https:\/\/www.clikisalud.net\/todo-sobre-el-colera\/\" target=\"_blank\">Todo sobre el C\u00f3lera &#8211; ClikiSalud.net | Fundaci\u00f3n Carlos Slim<\/a><\/span><\/strong><\/span><\/p>\n<p><span style=\"font-family: verdana, geneva;font-size: 12pt\">\u00a0<strong><span style=\"text-decoration: underline\"><a href=\"https:\/\/elpais.com\/noticias\/colera\/\" target=\"_blank\">C\u00f3lera en EL PA\u00cdS<\/a><\/span><\/strong><\/span><\/p>\n<p><span style=\"font-size: 12pt;font-family: verdana, geneva\"><strong><span style=\"text-decoration: underline\"><a href=\"https:\/\/fundacionio.com\/salud-io\/enfermedades\/bacterias\/colera\/\" target=\"_blank\">C\u00f3lera &#8211; Fundaci\u00f3n iO<\/a><\/span><\/strong><\/span><\/p>\n<p>&nbsp;<\/p>\n<p>&nbsp;<\/p>\n<p><span style=\"font-size: 12pt\">\u00a0<\/span><\/p>\n","protected":false},"excerpt":{"rendered":"<p>C\u00f3lera. Infomed C\u00f3lera &#8211; World Health Organization C\u00f3lera: historia y actualidad &#8211; SciELO Cuba &#8211; Infomed C\u00f3lera &#8211; S\u00edntomas y causas &#8211; Mayo Clini C\u00f3lera: MedlinePlus enciclopedia m\u00e9dica C\u00f3lera &#8211; OPS\/OMS | Organizaci\u00f3n Panamericana de la Salud Acerca del c\u00f3lera \u2013 Un equipo contra el c\u00f3lera C\u00f3lera (para Padres) &#8211; Nemours KidsHealth C\u00f3lera tratamientos, s\u00edntomas [&hellip;]<\/p>\n","protected":false},"author":208,"featured_media":0,"parent":0,"menu_order":0,"comment_status":"closed","ping_status":"closed","template":"","meta":[],"_links":{"self":[{"href":"https:\/\/blogs.sld.cu\/colera\/wp-json\/wp\/v2\/pages\/24"}],"collection":[{"href":"https:\/\/blogs.sld.cu\/colera\/wp-json\/wp\/v2\/pages"}],"about":[{"href":"https:\/\/blogs.sld.cu\/colera\/wp-json\/wp\/v2\/types\/page"}],"author":[{"embeddable":true,"href":"https:\/\/blogs.sld.cu\/colera\/wp-json\/wp\/v2\/users\/208"}],"replies":[{"embeddable":true,"href":"https:\/\/blogs.sld.cu\/colera\/wp-json\/wp\/v2\/comments?post=24"}],"version-history":[{"count":6,"href":"https:\/\/blogs.sld.cu\/colera\/wp-json\/wp\/v2\/pages\/24\/revisions"}],"predecessor-version":[{"id":86,"href":"https:\/\/blogs.sld.cu\/colera\/wp-json\/wp\/v2\/pages\/24\/revisions\/86"}],"wp:attachment":[{"href":"https:\/\/blogs.sld.cu\/colera\/wp-json\/wp\/v2\/media?parent=24"}],"curies":[{"name":"wp","href":"https:\/\/api.w.org\/{rel}","templated":true}]}}