{"id":26,"date":"2020-12-21T00:46:21","date_gmt":"2020-12-21T00:46:21","guid":{"rendered":"http:\/\/blogs.sld.cu\/colera\/?page_id=26"},"modified":"2021-02-19T17:38:20","modified_gmt":"2021-02-19T17:38:20","slug":"preguntas-frecuentes","status":"publish","type":"page","link":"https:\/\/blogs.sld.cu\/colera\/preguntas-frecuentes\/","title":{"rendered":"Preguntas frecuentes"},"content":{"rendered":"<p><strong><span style=\"font-family: verdana, geneva;font-size: 12pt\">Sobre el c\u00f3lera<\/span><\/strong><\/p>\n<p><span style=\"font-family: verdana, geneva;font-size: 12pt\"><strong>\u00bfQu\u00e9 \u00f3rgano es afectado por el c\u00f3lera?<\/strong><\/span><\/p>\n<p><span style=\"font-family: verdana, geneva;font-size: 12pt\">El c\u00f3lera es una enfermedad bacteriana que afecta el tracto intestinal. Lo produce un g\u00e9rmen llamado <em>Vibrio cholerae<\/em>. Si bien solo unos pocos casos son detectados al a\u00f1o en los Estados Unidos, hay informes de niveles epid\u00e9micos de c\u00f3lera en algunos sitios de Am\u00e9rica Central y del Sur.<\/span><\/p>\n<p><span style=\"font-family: verdana, geneva;font-size: 12pt\"><strong>\u00bfSe puede prevenir el c\u00f3lera?\u00a0<\/strong><\/span><\/p>\n<p><span style=\"font-family: verdana, geneva;font-size: 12pt\">El c\u00f3lera es una enfermedad diarreica causada por la infecci\u00f3n del intestino por la bacteria <em>Vibrio cholerae<\/em>. Se puede prevenir si no se toma agua o alimentos contaminada y se mantienen las medidas higi\u00e9nicas adecuadas en la manipulaci\u00f3n de los alimentos y en el interior de los locales donde se preparan alimentos.<\/span><\/p>\n<p><span style=\"font-family: verdana, geneva;font-size: 12pt\">\u200e<strong>\u00bfQu\u00e9 \u00f3rgano es afectado por el c\u00f3lera?<\/strong><\/span><\/p>\n<p><span style=\"font-family: verdana, geneva;font-size: 12pt\">El c\u00f3lera es una enfermedad bacteriana que afecta el tracto intestinal.<\/span><\/p>\n<p><span style=\"font-family: verdana, geneva;font-size: 12pt\"><strong>\u00bfC\u00f3mo se puede contraer el c\u00f3lera?<\/strong><\/span><\/p>\n<p><span style=\"font-family: verdana, geneva;font-size: 12pt\">El germen del c\u00f3lera se transmite a trav\u00e9s de la materia fecal. Se contrae al consumir alimentos o beber agua contaminados por la materia fecal de una persona infectada.<\/span><\/p>\n<p><span style=\"font-family: verdana, geneva;font-size: 12pt\"><strong>\u00bfCu\u00e1ntas personas han muerto por el c\u00f3lera?<\/strong><\/span><\/p>\n<p><span style=\"font-family: verdana, geneva;font-size: 12pt\">Se estima que murieron unos 10 millones de personas. Aunque la epidemia m\u00e1s caracter\u00edstica del c\u00f3lera surgi\u00f3 en la antigua Grecia, durante los siglos XIX y XX.<\/span><\/p>\n<p><span style=\"font-family: verdana, geneva;font-size: 12pt\"><strong>\u00bfQu\u00e9 es el <em>vibrio cholerae<\/em>?<\/strong><\/span><\/p>\n<p><span style=\"font-family: verdana, geneva;font-size: 12pt\">Es una bacteria de forma alargada con los extremos redondeados y posee un flagelo que le da movilidad<\/span><\/p>\n<p><span style=\"font-family: verdana, geneva;font-size: 12pt\"><strong>\u00bfCu\u00e1l es la forma de prevenir el c\u00f3lera?<\/strong><\/span><\/p>\n<p><span style=\"font-family: verdana, geneva;font-size: 12pt\">Para prevenir el c\u00f3lera es necesario tomar siempre agua hervida o purificada; lavar y desinfectar frutas y verduras; cocer o fre\u00edr adecuadamente los alimentos, sobre todo pescados y mariscos; lavarse las manos antes de comer, cocinar y despu\u00e9s de ir al ba\u00f1o y comer en lugares limpios y establecidos.<\/span><\/p>\n<p><span style=\"font-family: verdana, geneva;font-size: 12pt\"><strong>\u00bfD\u00f3nde se inici\u00f3 el c\u00f3lera?<\/strong><\/span><\/p>\n<p><span style=\"font-family: verdana, geneva;font-size: 12pt\">Tiene su origen en los deltas pantanosos y densamente poblados de los r\u00edos indios Ganges y Brahmaputra. Desde all\u00ed, hace tiempo que se extendi\u00f3 a Asia y \u00c1frica<\/span><\/p>\n<p><span style=\"font-family: verdana, geneva;font-size: 12pt\"><strong>\u00bfCu\u00e1ndo ocurri\u00f3 la pandemia del c\u00f3lera?<\/strong><\/span><\/p>\n<p><span style=\"font-family: verdana, geneva;font-size: 12pt\">La actual pandemia (la s\u00e9ptima) comenz\u00f3 en el sur de Asia en 1961 y lleg\u00f3 a \u00c1frica en 1971 y a Am\u00e9rica en 1991. En la actualidad, el c\u00f3lera es end\u00e9mico en muchos pa\u00edses.(actualizado 17 ene 2019)<\/span><\/p>\n<p><span style=\"font-family: verdana, geneva;font-size: 12pt\"><strong>\u00bfCu\u00e1l es el vector del c\u00f3lera?<\/strong><\/span><\/p>\n<p><span style=\"font-family: verdana, geneva;font-size: 12pt\">El reservorio habitual es el hombre y la transmisi\u00f3n ocurre fundamentalmente por ingesti\u00f3n de agua o por alimentos contaminados con heces y\/o v\u00f3mitos de personas enfermas o portadoras del vibri\u00f3n.<\/span><\/p>\n<p><span style=\"font-family: verdana, geneva;font-size: 12pt\"><strong>\u00bfQu\u00e9 antibi\u00f3tico sirve para el c\u00f3lera?<\/strong><\/span><\/p>\n<p><span style=\"font-family: verdana, geneva;font-size: 12pt\">En el tratamiento del c\u00f3lera, los antimicrobianos dan lugar a mejoras significativas en los resultados cl\u00ednicos y microbiol\u00f3gicos, con efectos similares observados en los pacientes con enfermedad grave y no grave. La azitromicina y la tetraciclina pueden tener algunas ventajas sobre otros antibi\u00f3ticos<\/span><\/p>\n<p><span style=\"font-family: verdana, geneva;font-size: 12pt\"><strong>\u00bfQu\u00e9 es la toxina del c\u00f3lera?<\/strong><\/span><\/p>\n<p><span style=\"font-family: verdana, geneva;font-size: 12pt\">Estas bacterias secretan una toxina que causa un aumento de la cantidad de agua que liberan las c\u00e9lulas que recubren los intestinos. Este aumento del agua produce diarrea intensa.<\/span><\/p>\n<p>&nbsp;<\/p>\n","protected":false},"excerpt":{"rendered":"<p>Sobre el c\u00f3lera \u00bfQu\u00e9 \u00f3rgano es afectado por el c\u00f3lera? El c\u00f3lera es una enfermedad bacteriana que afecta el tracto intestinal. Lo produce un g\u00e9rmen llamado Vibrio cholerae. Si bien solo unos pocos casos son detectados al a\u00f1o en los Estados Unidos, hay informes de niveles epid\u00e9micos de c\u00f3lera en algunos sitios de Am\u00e9rica Central [&hellip;]<\/p>\n","protected":false},"author":208,"featured_media":0,"parent":0,"menu_order":0,"comment_status":"closed","ping_status":"closed","template":"","meta":[],"_links":{"self":[{"href":"https:\/\/blogs.sld.cu\/colera\/wp-json\/wp\/v2\/pages\/26"}],"collection":[{"href":"https:\/\/blogs.sld.cu\/colera\/wp-json\/wp\/v2\/pages"}],"about":[{"href":"https:\/\/blogs.sld.cu\/colera\/wp-json\/wp\/v2\/types\/page"}],"author":[{"embeddable":true,"href":"https:\/\/blogs.sld.cu\/colera\/wp-json\/wp\/v2\/users\/208"}],"replies":[{"embeddable":true,"href":"https:\/\/blogs.sld.cu\/colera\/wp-json\/wp\/v2\/comments?post=26"}],"version-history":[{"count":6,"href":"https:\/\/blogs.sld.cu\/colera\/wp-json\/wp\/v2\/pages\/26\/revisions"}],"predecessor-version":[{"id":85,"href":"https:\/\/blogs.sld.cu\/colera\/wp-json\/wp\/v2\/pages\/26\/revisions\/85"}],"wp:attachment":[{"href":"https:\/\/blogs.sld.cu\/colera\/wp-json\/wp\/v2\/media?parent=26"}],"curies":[{"name":"wp","href":"https:\/\/api.w.org\/{rel}","templated":true}]}}