{"id":14,"date":"2020-09-10T02:54:46","date_gmt":"2020-09-10T02:54:46","guid":{"rendered":"http:\/\/blogs.sld.cu\/conjuntivitis\/?page_id=14"},"modified":"2021-05-18T21:22:30","modified_gmt":"2021-05-18T21:22:30","slug":"acerca-de","status":"publish","type":"page","link":"https:\/\/blogs.sld.cu\/conjuntivitis\/acerca-de\/","title":{"rendered":"Acerca de"},"content":{"rendered":"<p><span style=\"font-size: 12pt;\"><a href=\"http:\/\/blogs.sld.cu\/conjuntivitis\/files\/2020\/09\/Congreso-Elierchica.jpg\"><img loading=\"lazy\" class=\"  wp-image-56 alignleft\" src=\"http:\/\/blogs.sld.cu\/conjuntivitis\/files\/2020\/09\/Congreso-Elierchica-150x150.jpg\" alt=\"??????????????????????\" width=\"209\" height=\"209\" \/><\/a>La conjuntivitis es una inflamaci\u00f3n de la membrana transparente denominada conjuntiva, que recubre el p\u00e1rpado y la parte blanca del globo ocular. Cuando los peque\u00f1os vasos sangu\u00edneos de la conjuntiva se inflaman, se hacen m\u00e1s visibles. Esto es lo que hace que la parte blanca del ojo se torne rojiza o de color rosa.<\/span><\/p>\n<p style=\"text-align: justify;\"><span style=\"font-size: 12pt;\"> Las conjuntivitis traum\u00e1ticas, qu\u00edmicas etc., pueden depender de estos elementos, Por lo que este sitio constituye una gu\u00eda para la poblaci\u00f3n que desea informaci\u00f3n resumida de los problemas, pr\u00e1cticos, del diagn\u00f3stico y tratamiento de los diferentes tipos de conjuntivitis.<\/span><\/p>\n<p style=\"text-align: justify;\">El editor es el Dr. Elier Ortiz Gonz\u00e1lez, especialista de 2do. grado en Oftalmolog\u00eda, que de forma educativa e interactiva, responder\u00e1 las preguntas o dudas que\u00a0 puedas tener.<\/p>\n<p style=\"text-align: justify;\"><span style=\"font-size: 12pt;\">\u00a0<\/span><\/p>\n","protected":false},"excerpt":{"rendered":"<p>La conjuntivitis es una inflamaci\u00f3n de la membrana transparente denominada conjuntiva, que recubre el p\u00e1rpado y la parte blanca del globo ocular. Cuando los peque\u00f1os vasos sangu\u00edneos de la conjuntiva se inflaman, se hacen m\u00e1s visibles. Esto es lo que hace que la parte blanca del ojo se torne rojiza o de color rosa. Las [&hellip;]<\/p>\n","protected":false},"author":127,"featured_media":0,"parent":0,"menu_order":0,"comment_status":"closed","ping_status":"closed","template":"","meta":[],"_links":{"self":[{"href":"https:\/\/blogs.sld.cu\/conjuntivitis\/wp-json\/wp\/v2\/pages\/14"}],"collection":[{"href":"https:\/\/blogs.sld.cu\/conjuntivitis\/wp-json\/wp\/v2\/pages"}],"about":[{"href":"https:\/\/blogs.sld.cu\/conjuntivitis\/wp-json\/wp\/v2\/types\/page"}],"author":[{"embeddable":true,"href":"https:\/\/blogs.sld.cu\/conjuntivitis\/wp-json\/wp\/v2\/users\/127"}],"replies":[{"embeddable":true,"href":"https:\/\/blogs.sld.cu\/conjuntivitis\/wp-json\/wp\/v2\/comments?post=14"}],"version-history":[{"count":12,"href":"https:\/\/blogs.sld.cu\/conjuntivitis\/wp-json\/wp\/v2\/pages\/14\/revisions"}],"predecessor-version":[{"id":163,"href":"https:\/\/blogs.sld.cu\/conjuntivitis\/wp-json\/wp\/v2\/pages\/14\/revisions\/163"}],"wp:attachment":[{"href":"https:\/\/blogs.sld.cu\/conjuntivitis\/wp-json\/wp\/v2\/media?parent=14"}],"curies":[{"name":"wp","href":"https:\/\/api.w.org\/{rel}","templated":true}]}}