{"id":24,"date":"2020-09-10T03:23:30","date_gmt":"2020-09-10T03:23:30","guid":{"rendered":"http:\/\/blogs.sld.cu\/conjuntivitis\/?page_id=24"},"modified":"2020-09-22T01:59:18","modified_gmt":"2020-09-22T01:59:18","slug":"mas-sobre-conjuntivitis","status":"publish","type":"page","link":"https:\/\/blogs.sld.cu\/conjuntivitis\/mas-sobre-conjuntivitis\/","title":{"rendered":"S\u00edntomas\/Tratamiento"},"content":{"rendered":"<h2>S\u00edntomas<\/h2>\n<p><span style=\"font-size: 12pt\">Presentan unas manifestaciones comunes (enrojecimiento, fotofobia y lagrimeo) y otras dependientes de su causa (lega\u00f1as matutinas en las infecciosas, ganglios aumentados de tama\u00f1o en las v\u00edricas, prurito en las al\u00e9rgicas, etc.) con una duraci\u00f3n entre 1 y 3 semanas.<\/span><\/p>\n<h3><span style=\"color: #0000ff;font-size: 12pt\"><strong>Frecuencia<\/strong> <\/span><\/h3>\n<p><span style=\"font-size: 12pt\">La conjuntivitis es la enfermedad ocular m\u00e1s frecuente, suele ser autolimitada y, por lo general, no origina secuelas y puede ser abordada adecuadamente en atenci\u00f3n primaria.<\/span><\/p>\n<p><span style=\"font-size: 12pt\">Las conjuntivitis al\u00e9rgicas m\u00e1s frecuentes son estacionales, at\u00f3picas y de contacto.<\/span><\/p>\n<p><span style=\"color: #0000ff;font-size: 12pt\"><strong>Tratamiento<\/strong><\/span><\/p>\n<p><span style=\"font-size: 12pt\">Si bien la infecci\u00f3n bacteriana de la conjuntivitis a veces no exige antibi\u00f3ticos, los afectados deben ver a un m\u00e9dico, ya que esta forma de conjuntivitis est\u00e1 con frecuencia asociada con lesi\u00f3n corneal.<\/span><br \/>\n<span style=\"font-size: 12pt\"> La infecci\u00f3n viral no se cura con antibi\u00f3ticos.<\/span><br \/>\n<span style=\"font-size: 12pt\"> La de tipo al\u00e9rgico precisa usar antihistam\u00ednicos en forma de colirio.<\/span><br \/>\n<span style=\"font-size: 12pt\"> Los cuerpos extra\u00f1os hay que extraerlos, pero al ser el ojo un \u00f3rgano muy delicado esto s\u00f3lo debe hacerlo un m\u00e9dico.<\/span><br \/>\n<span style=\"font-size: 12pt\"> Las conjuntivitis de origen traum\u00e1tico, adem\u00e1s precisan una valoraci\u00f3n y tratamiento de otras lesiones sobrea\u00f1adidas, especialmente la erosi\u00f3n corneal.<\/span><\/p>\n","protected":false},"excerpt":{"rendered":"<p>S\u00edntomas Presentan unas manifestaciones comunes (enrojecimiento, fotofobia y lagrimeo) y otras dependientes de su causa (lega\u00f1as matutinas en las infecciosas, ganglios aumentados de tama\u00f1o en las v\u00edricas, prurito en las al\u00e9rgicas, etc.) con una duraci\u00f3n entre 1 y 3 semanas. Frecuencia La conjuntivitis es la enfermedad ocular m\u00e1s frecuente, suele ser autolimitada y, por lo [&hellip;]<\/p>\n","protected":false},"author":127,"featured_media":0,"parent":0,"menu_order":0,"comment_status":"closed","ping_status":"closed","template":"","meta":[],"_links":{"self":[{"href":"https:\/\/blogs.sld.cu\/conjuntivitis\/wp-json\/wp\/v2\/pages\/24"}],"collection":[{"href":"https:\/\/blogs.sld.cu\/conjuntivitis\/wp-json\/wp\/v2\/pages"}],"about":[{"href":"https:\/\/blogs.sld.cu\/conjuntivitis\/wp-json\/wp\/v2\/types\/page"}],"author":[{"embeddable":true,"href":"https:\/\/blogs.sld.cu\/conjuntivitis\/wp-json\/wp\/v2\/users\/127"}],"replies":[{"embeddable":true,"href":"https:\/\/blogs.sld.cu\/conjuntivitis\/wp-json\/wp\/v2\/comments?post=24"}],"version-history":[{"count":19,"href":"https:\/\/blogs.sld.cu\/conjuntivitis\/wp-json\/wp\/v2\/pages\/24\/revisions"}],"predecessor-version":[{"id":107,"href":"https:\/\/blogs.sld.cu\/conjuntivitis\/wp-json\/wp\/v2\/pages\/24\/revisions\/107"}],"wp:attachment":[{"href":"https:\/\/blogs.sld.cu\/conjuntivitis\/wp-json\/wp\/v2\/media?parent=24"}],"curies":[{"name":"wp","href":"https:\/\/api.w.org\/{rel}","templated":true}]}}