{"id":40,"date":"2020-09-10T04:38:18","date_gmt":"2020-09-10T04:38:18","guid":{"rendered":"http:\/\/blogs.sld.cu\/conjuntivitis\/?page_id=40"},"modified":"2020-10-01T17:36:54","modified_gmt":"2020-10-01T17:36:54","slug":"medidas-preventivas","status":"publish","type":"page","link":"https:\/\/blogs.sld.cu\/conjuntivitis\/medidas-preventivas\/","title":{"rendered":"Medidas preventivas"},"content":{"rendered":"<p><span style=\"font-size: 12pt\">Ante un brote de conjuntivitis epid\u00e9mica viral es muy importante adoptar medidas de prevenci\u00f3n para evitar su propagaci\u00f3n.<\/span><\/p>\n<p><span style=\"font-size: 12pt\">\u2022 L\u00e1vese las manos despu\u00e9s de aplicarse gotas o pomada para los ojos.<\/span><\/p>\n<p><span style=\"font-size: 12pt\">\u2022 No use la misma botella o envase de las gotas para los ojos infectados que para los sanos, aun cuando sea de la misma persona<\/span><\/p>\n<p><span style=\"font-size: 12pt\">\u2022 Lave fundas de almohadas, s\u00e1banas, pa\u00f1os y toallas en agua caliente y detergente; despu\u00e9s de tocar estos art\u00edculos debe lavarse las manos.<\/span><\/p>\n<p><span style=\"font-size: 12pt\">\u2022 Evite compartir art\u00edculos como toallas, s\u00e1banas y fundas de almohadas.<\/span><\/p>\n<p><span style=\"font-size: 12pt\">\u2022 Lave los anteojos cuidando de no contaminar los art\u00edculos que se puedan compartir con otras personas (como toallas).<\/span><\/p>\n<p><span style=\"font-size: 12pt\">\u2022 No comparta el maquillaje para los ojos, la cara, los cepillos cosm\u00e9ticos, los lentes de contacto y envases ni los anteojos.<\/span><\/p>\n<p><span style=\"font-size: 12pt\">\u2022 No se meta en piscinas dado que el cloro en el agua podr\u00eda agravar el cuadro y producir ulc<\/span>eraciones.<\/p>\n","protected":false},"excerpt":{"rendered":"<p>Ante un brote de conjuntivitis epid\u00e9mica viral es muy importante adoptar medidas de prevenci\u00f3n para evitar su propagaci\u00f3n. \u2022 L\u00e1vese las manos despu\u00e9s de aplicarse gotas o pomada para los ojos. \u2022 No use la misma botella o envase de las gotas para los ojos infectados que para los sanos, aun cuando sea de la [&hellip;]<\/p>\n","protected":false},"author":127,"featured_media":0,"parent":0,"menu_order":0,"comment_status":"closed","ping_status":"closed","template":"","meta":[],"_links":{"self":[{"href":"https:\/\/blogs.sld.cu\/conjuntivitis\/wp-json\/wp\/v2\/pages\/40"}],"collection":[{"href":"https:\/\/blogs.sld.cu\/conjuntivitis\/wp-json\/wp\/v2\/pages"}],"about":[{"href":"https:\/\/blogs.sld.cu\/conjuntivitis\/wp-json\/wp\/v2\/types\/page"}],"author":[{"embeddable":true,"href":"https:\/\/blogs.sld.cu\/conjuntivitis\/wp-json\/wp\/v2\/users\/127"}],"replies":[{"embeddable":true,"href":"https:\/\/blogs.sld.cu\/conjuntivitis\/wp-json\/wp\/v2\/comments?post=40"}],"version-history":[{"count":3,"href":"https:\/\/blogs.sld.cu\/conjuntivitis\/wp-json\/wp\/v2\/pages\/40\/revisions"}],"predecessor-version":[{"id":120,"href":"https:\/\/blogs.sld.cu\/conjuntivitis\/wp-json\/wp\/v2\/pages\/40\/revisions\/120"}],"wp:attachment":[{"href":"https:\/\/blogs.sld.cu\/conjuntivitis\/wp-json\/wp\/v2\/media?parent=40"}],"curies":[{"name":"wp","href":"https:\/\/api.w.org\/{rel}","templated":true}]}}