{"id":83,"date":"2020-09-20T02:42:45","date_gmt":"2020-09-20T02:42:45","guid":{"rendered":"http:\/\/blogs.sld.cu\/conjuntivitis\/?page_id=83"},"modified":"2020-10-06T02:36:26","modified_gmt":"2020-10-06T02:36:26","slug":"glosario","status":"publish","type":"page","link":"https:\/\/blogs.sld.cu\/conjuntivitis\/glosario\/","title":{"rendered":"Glosario"},"content":{"rendered":"<p>En este espacio encontrar\u00e1s los t\u00e9rminos m\u00e1s frecuentes sobre la Conjuntivitis.<\/p>\n<p><strong><em>Conjuntiva bulbar:<\/em><\/strong> Parte de la conjuntiva que cubre la parte anterior del globo ocular, espec\u00edficamente la esclera (zona de color blanco)<\/p>\n<p><em><strong>Conjuntiva tarsal:<\/strong><\/em> Parte de la conjuntiva que cubre la parte posterior de los p\u00e1rpados (el tarso)<\/p>\n<p><em><strong>C\u00f3rnea:<\/strong><\/em> Zona o parte anterior transparente del globo ocular.<\/p>\n<p><span style=\"font-size: 12pt\"><em><strong>Epifora:<\/strong><\/em> L\u00e1grima que brota del ojo de forma espont\u00e1nea.<\/span><\/p>\n<p><span style=\"font-size: 12pt\"><em><strong>Eritema binocular:<\/strong><\/em> Enrojecimiento de ambos ojos.<\/span><\/p>\n<p><span style=\"font-size: 12pt\"><em><strong>Escler\u00f3tica:<\/strong><\/em> Parte anterior blanquecina de ojo (capa media, fibrosa del globo ocular).<\/span><\/p>\n<p><span style=\"font-size: 12pt\"><em><strong>Fotofobia:<\/strong><\/em> Molestia a la luz que ocasiona tendencia a cerrar los ojos.<\/span><\/p>\n<p><span style=\"font-size: 12pt\"><strong><em>Gl\u00e1ndulas lagrimales:<\/em><\/strong> Estructuras que producen las l\u00e1grimas, de las que existen las gl\u00e1ndulas lagrimales principales (una por cada ojo), y las accesorias (varias ubicadas en el espesor de los p\u00e1rpados).<\/span><\/p>\n<p><span style=\"font-size: 12pt\"><em><strong>Globo ocular:<\/strong><\/em> Estructura anat\u00f3mica con forma de esfera o globo, ubicada en el interior de la orbita.<\/span><\/p>\n<p><span style=\"font-size: 12pt\"><strong><em>Hiperemicas:<\/em><\/strong> Significa enrojecidas.<\/span><\/p>\n<p><span style=\"font-size: 12pt\"><strong><em>Limbo:<\/em><\/strong> Zona en forma de circunferencia formada por la uni\u00f3n de la escler\u00f3tica y la c\u00f3rnea, por o que se le llama <em>limbo escerocorneal.<\/em><\/span><\/p>\n<p><span style=\"font-size: 12pt\"><em><strong>Prurito:<\/strong><\/em> Picaz\u00f3n.<\/span><\/p>\n<p><span style=\"font-size: 12pt\"><em><strong>Senos paranasales:<\/strong><\/em> Espacios que se encuentran en los huesos maxilares superiores y en el hueso frontal.<\/span><strong><br \/>\n<\/strong><\/p>\n","protected":false},"excerpt":{"rendered":"<p>En este espacio encontrar\u00e1s los t\u00e9rminos m\u00e1s frecuentes sobre la Conjuntivitis. Conjuntiva bulbar: Parte de la conjuntiva que cubre la parte anterior del globo ocular, espec\u00edficamente la esclera (zona de color blanco) Conjuntiva tarsal: Parte de la conjuntiva que cubre la parte posterior de los p\u00e1rpados (el tarso) C\u00f3rnea: Zona o parte anterior transparente del [&hellip;]<\/p>\n","protected":false},"author":208,"featured_media":0,"parent":0,"menu_order":0,"comment_status":"closed","ping_status":"closed","template":"","meta":[],"_links":{"self":[{"href":"https:\/\/blogs.sld.cu\/conjuntivitis\/wp-json\/wp\/v2\/pages\/83"}],"collection":[{"href":"https:\/\/blogs.sld.cu\/conjuntivitis\/wp-json\/wp\/v2\/pages"}],"about":[{"href":"https:\/\/blogs.sld.cu\/conjuntivitis\/wp-json\/wp\/v2\/types\/page"}],"author":[{"embeddable":true,"href":"https:\/\/blogs.sld.cu\/conjuntivitis\/wp-json\/wp\/v2\/users\/208"}],"replies":[{"embeddable":true,"href":"https:\/\/blogs.sld.cu\/conjuntivitis\/wp-json\/wp\/v2\/comments?post=83"}],"version-history":[{"count":7,"href":"https:\/\/blogs.sld.cu\/conjuntivitis\/wp-json\/wp\/v2\/pages\/83\/revisions"}],"predecessor-version":[{"id":109,"href":"https:\/\/blogs.sld.cu\/conjuntivitis\/wp-json\/wp\/v2\/pages\/83\/revisions\/109"}],"wp:attachment":[{"href":"https:\/\/blogs.sld.cu\/conjuntivitis\/wp-json\/wp\/v2\/media?parent=83"}],"curies":[{"name":"wp","href":"https:\/\/api.w.org\/{rel}","templated":true}]}}