{"id":34,"date":"2021-03-17T22:04:53","date_gmt":"2021-03-17T22:04:53","guid":{"rendered":"http:\/\/blogs.sld.cu\/dengue\/?page_id=34"},"modified":"2022-08-04T06:34:46","modified_gmt":"2022-08-04T11:34:46","slug":"preguntas-frecuentes","status":"publish","type":"page","link":"https:\/\/blogs.sld.cu\/dengue\/preguntas-frecuentes\/","title":{"rendered":"Preguntas frecuentes"},"content":{"rendered":"<p><span style=\"color: #b51b1b;\">\u00bfCu\u00e1les son las fases de la enfermedad del dengue?<\/span><\/p>\n<p>El dengue tiene un per\u00edodo de incubaci\u00f3n de entre 4 a 10 d\u00edas, y su cuadro cl\u00ednico se divide en 3 fases:<\/p>\n<p>Fase febril (d\u00edas 0 a 5 de la enfermedad)<\/p>\n<p>Fase cr\u00edtica (d\u00edas 5 a 7 de la enfermedad)<\/p>\n<p>Etapa de recuperaci\u00f3n (luego del 7\u00b0 d\u00eda de enfermedad)<\/p>\n<p><span style=\"color: #b51b1b;\">\u00bfQu\u00e9 pasa si no se guarda reposo con el dengue?<\/span><\/p>\n<p>Las personas que presentan dengue solo debe guardar reposo y seguir el tratamiento sugerido por su m\u00e9dico de asistencia, todo estar\u00e1 resuelto en una semana. El dengue hemorr\u00e1gico o grave: es bastante peligroso, puede requerir de hospitalizaci\u00f3n y es capaz hasta de causar la muerte.<\/p>\n<p><span style=\"color: #b51b1b;\">\u00bfC\u00f3mo recuperarse r\u00e1pido del dengue?<\/span><\/p>\n<p>Para tratar los s\u00edntomas del dengue se puede tomar paracetamol, abundantes l\u00edquidos y guardar reposo. No existe ning\u00fan medicamento en la actualidad dirigido a combatir el virus del dengue, por lo tanto, solo se puede realizar un tratamiento para aliviar los s\u00edntomas.<\/p>\n<p><span style=\"color: #b51b1b;\">\u00bfD\u00f3nde puede ocurrir un brote de dengue?<\/span><\/p>\n<p>Los brotes de dengue ocurren sobre todo en zonas donde viven los mosquitos <em>Ae. aegypti<\/em> (a veces tambi\u00e9n <em>Ae. albopictus<\/em>), es decir, la mayor\u00eda de las \u00e1reas urbanas tropicales del mundo. Los virus de dengue pueden ser introducidos por viajeros que se infectaron mientras visitaban zonas tropicales donde el dengue es com\u00fan.<\/p>\n<p><span style=\"color: #b51b1b;\">\u00bfQu\u00e9 se puede hacer para reducir el riesgo de contraer dengue?<\/span><\/p>\n<p>No existe una vacuna contra el dengue. La mejor medida preventiva para los residentes de zonas infestadas con <em>Ae. aegypti<\/em> es eliminar los lugares donde el mosquito pueda poner sus huevos, sobre todo los recipientes con agua. Los recipientes donde se recoge agua de lluvia o se almacena agua (por ejemplo, vasijas pl\u00e1sticas, tanques de 55 galones, cubos o gomas usadas de autos) deben taparse adecuadamente o desecharse. Los bebederos de mascotas y otros animales y los b\u00facaros con flores naturales deben vaciarse y limpiarse (para eliminar los huevos) al menos una vez a la semana. De ese modo se eliminan los huevos y larvas del mosquito y se reduce el n\u00famero de mosquitos presentes en la zona.<\/p>\n<p>El uso de aire acondicionado o mallas en las ventanas y puertas reduce el riesgo de que los mosquitos entren a los espacios interiores. La aplicaci\u00f3n apropiada de repelentes contra mosquitos que contengan entre 20 % y 30 % de DEET como ingrediente activo sobre la piel expuesta y la ropa, reduce el riesgo de ser picado por mosquitos. En condiciones normales, el riesgo de infecci\u00f3n con dengue para los viajeros internacionales parece ser bajo, pero el mismo aumenta cuando ocurre una epidemia o los visitantes se hospedan en lugares sin aire acondicionado ni mallas en las ventanas y puertas.<\/p>\n<p><span style=\"color: #b51b1b;\">\u00bfC\u00f3mo se puede prevenir una epidemia de dengue grave?<\/span><\/p>\n<p>La principal medida para la prevenci\u00f3n del dengue es el control sostenible, integrado y comunitario del mosquito, con poca dependencia de los insecticidas (larvicidas y adulticidas qu\u00edmicos). La prevenci\u00f3n de enfermedades epid\u00e9micas requiere un esfuerzo coordinado de la comunidad dirigido a elevar los conocimientos sobre el dengue, as\u00ed como las formas de reconocerlos, y c\u00f3mo controlar al mosquito que lo transmite. Los residentes son responsables de mantener sus patios y espacios exteriores libres de recipientes con agua en los que los mosquitos puedan reproducirse.<\/p>\n","protected":false},"excerpt":{"rendered":"<p>\u00bfCu\u00e1les son las fases de la enfermedad del dengue? El dengue tiene un per\u00edodo de incubaci\u00f3n de entre 4 a 10 d\u00edas, y su cuadro cl\u00ednico se divide en 3 fases: Fase febril (d\u00edas 0 a 5 de la enfermedad) Fase cr\u00edtica (d\u00edas 5 a 7 de la enfermedad) Etapa de recuperaci\u00f3n (luego del 7\u00b0 [&hellip;]<\/p>\n","protected":false},"author":208,"featured_media":0,"parent":0,"menu_order":0,"comment_status":"closed","ping_status":"closed","template":"","meta":[],"_links":{"self":[{"href":"https:\/\/blogs.sld.cu\/dengue\/wp-json\/wp\/v2\/pages\/34"}],"collection":[{"href":"https:\/\/blogs.sld.cu\/dengue\/wp-json\/wp\/v2\/pages"}],"about":[{"href":"https:\/\/blogs.sld.cu\/dengue\/wp-json\/wp\/v2\/types\/page"}],"author":[{"embeddable":true,"href":"https:\/\/blogs.sld.cu\/dengue\/wp-json\/wp\/v2\/users\/208"}],"replies":[{"embeddable":true,"href":"https:\/\/blogs.sld.cu\/dengue\/wp-json\/wp\/v2\/comments?post=34"}],"version-history":[{"count":12,"href":"https:\/\/blogs.sld.cu\/dengue\/wp-json\/wp\/v2\/pages\/34\/revisions"}],"predecessor-version":[{"id":446,"href":"https:\/\/blogs.sld.cu\/dengue\/wp-json\/wp\/v2\/pages\/34\/revisions\/446"}],"wp:attachment":[{"href":"https:\/\/blogs.sld.cu\/dengue\/wp-json\/wp\/v2\/media?parent=34"}],"curies":[{"name":"wp","href":"https:\/\/api.w.org\/{rel}","templated":true}]}}