{"id":378,"date":"2022-07-31T15:43:31","date_gmt":"2022-07-31T20:43:31","guid":{"rendered":"https:\/\/blogs.sld.cu\/dengue\/?page_id=378"},"modified":"2023-03-06T15:36:50","modified_gmt":"2023-03-06T20:36:50","slug":"fases-de-la-enfermedad","status":"publish","type":"page","link":"https:\/\/blogs.sld.cu\/dengue\/fases-de-la-enfermedad\/","title":{"rendered":"Fases de la enfermedad"},"content":{"rendered":"<p><a href=\"http:\/\/blogs.sld.cu\/dengue\/files\/2022\/07\/294905487_5354116791341913_5877632234181887620_n.png\" target=\"_blank\" rel=\"noopener\"><img loading=\"lazy\" class=\"alignnone wp-image-253\" title=\"Ampliar\" src=\"http:\/\/blogs.sld.cu\/dengue\/files\/2022\/07\/294905487_5354116791341913_5877632234181887620_n.png\" sizes=\"(max-width: 650px) 100vw, 650px\" srcset=\"https:\/\/blogs.sld.cu\/dengue\/files\/2022\/07\/294905487_5354116791341913_5877632234181887620_n.png 768w, https:\/\/blogs.sld.cu\/dengue\/files\/2022\/07\/294905487_5354116791341913_5877632234181887620_n-300x164.png 300w, https:\/\/blogs.sld.cu\/dengue\/files\/2022\/07\/294905487_5354116791341913_5877632234181887620_n-250x137.png 250w\" alt=\"\" width=\"650\" height=\"355\" \/><\/a><\/p>\n<p><span style=\"color: #b51b1b;\"><strong>Fase febril<\/strong><\/span><\/p>\n<p>Aparece fiebre alta y repentina. Esta fase febril aguda dura de 2 a 7 d\u00edas y suele acompa\u00f1arse de enrojecimiento facial, eritema, dolor corporal generalizado, mialgias, artralgias, cefalea y dolor retro-ocular. Pueden presentarse manifestaciones hemorr\u00e1gicas menores, como petequias y equimosis en la piel. Las personas que mejoran despu\u00e9s de que baja la fiebre, se consideran casos de dengue sin signos de alarma.<\/p>\n<p>Problemas que pueden presentarse en la fase febril: deshidrataci\u00f3n; la fiebre alta puede asociarse a trastornos neurol\u00f3gicos, y convulsiones en los ni\u00f1os peque\u00f1os.<\/p>\n<p><span style=\"color: #b51b1b;\"><strong>Fase cr\u00edtica<\/strong><\/span><\/p>\n<p>Cerca de la desaparici\u00f3n de la fiebre, cuando la temperatura desciende a 37,5 grados cent\u00edgrados o menos y se mantiene por debajo de este nivel, por lo general, en los primeros 3 a 7 d\u00edas de la enfermedad, puede aumentar la permeabilidad capilar paralelamente con los niveles del hematocrito. Esto marca el comienzo de la fase cr\u00edtica. Las personas que empeoran con la ca\u00edda de la fiebre y presentan signos de alarma, son casos de dengue con signos de alarma.<\/p>\n<p>Problemas que pueden presentarse en la fase cr\u00edtica: choque por la extravasaci\u00f3n de plasma; hemorragias graves, compromiso serio de \u00f3rganos.<\/p>\n<p><span style=\"color: #b51b1b;\"><strong>Fase de recuperaci\u00f3n<\/strong><\/span><\/p>\n<p>Cuando la persona sobrevive a la fase cr\u00edtica (la cual no excede las 48 a 72 horas), pasa a la fase de recuperaci\u00f3n. Hay una mejor\u00eda del estado general, se recupera el apetito, mejoran los s\u00edntomas gastrointestinales, se estabiliza el estado hemodin\u00e1mico, y se incrementa la diuresis.<\/p>\n<p>Problemas que pueden presentarse en la fase de recuperaci\u00f3n: hipervolemia (si la terapia intravenosa de fluidos ha sido excesiva o se ha extendido en este per\u00edodo).<\/p>\n<p>Volver a: <a href=\"https:\/\/blogs.sld.cu\/dengue\/causassintomas\/\">S\u00edntomas y signos<\/a><\/p>\n","protected":false},"excerpt":{"rendered":"<p>Fase febril Aparece fiebre alta y repentina. Esta fase febril aguda dura de 2 a 7 d\u00edas y suele acompa\u00f1arse de enrojecimiento facial, eritema, dolor corporal generalizado, mialgias, artralgias, cefalea y dolor retro-ocular. Pueden presentarse manifestaciones hemorr\u00e1gicas menores, como petequias y equimosis en la piel. Las personas que mejoran despu\u00e9s de que baja la fiebre, [&hellip;]<\/p>\n","protected":false},"author":123,"featured_media":0,"parent":0,"menu_order":0,"comment_status":"closed","ping_status":"closed","template":"","meta":[],"_links":{"self":[{"href":"https:\/\/blogs.sld.cu\/dengue\/wp-json\/wp\/v2\/pages\/378"}],"collection":[{"href":"https:\/\/blogs.sld.cu\/dengue\/wp-json\/wp\/v2\/pages"}],"about":[{"href":"https:\/\/blogs.sld.cu\/dengue\/wp-json\/wp\/v2\/types\/page"}],"author":[{"embeddable":true,"href":"https:\/\/blogs.sld.cu\/dengue\/wp-json\/wp\/v2\/users\/123"}],"replies":[{"embeddable":true,"href":"https:\/\/blogs.sld.cu\/dengue\/wp-json\/wp\/v2\/comments?post=378"}],"version-history":[{"count":6,"href":"https:\/\/blogs.sld.cu\/dengue\/wp-json\/wp\/v2\/pages\/378\/revisions"}],"predecessor-version":[{"id":522,"href":"https:\/\/blogs.sld.cu\/dengue\/wp-json\/wp\/v2\/pages\/378\/revisions\/522"}],"wp:attachment":[{"href":"https:\/\/blogs.sld.cu\/dengue\/wp-json\/wp\/v2\/media?parent=378"}],"curies":[{"name":"wp","href":"https:\/\/api.w.org\/{rel}","templated":true}]}}