{"id":380,"date":"2022-07-31T15:44:46","date_gmt":"2022-07-31T20:44:46","guid":{"rendered":"https:\/\/blogs.sld.cu\/dengue\/?page_id=380"},"modified":"2023-03-06T15:39:53","modified_gmt":"2023-03-06T20:39:53","slug":"dengue-grave","status":"publish","type":"page","link":"https:\/\/blogs.sld.cu\/dengue\/dengue-grave\/","title":{"rendered":"Dengue grave"},"content":{"rendered":"<p>El dengue grave es una complicaci\u00f3n potencialmente mortal porque cursa con extravasaci\u00f3n de plasma, acumulaci\u00f3n de l\u00edquidos, dificultad respiratoria, hemorragias graves o falla org\u00e1nica. Los signos de alerta asociados al dengue grave son:<\/p>\n<ul>\n<li>\u2022 dolor abdominal intenso<\/li>\n<li>\u2022 v\u00f3mitos persistentes<\/li>\n<li>\u2022 respiraci\u00f3n acelerada<\/li>\n<li>\u2022 hemorragias en las enc\u00edas o la nariz<\/li>\n<li>\u2022 fatiga<\/li>\n<li>\u2022 agitaci\u00f3n<\/li>\n<li>\u2022 agrandamiento del h\u00edgado (hepatomegalia)<\/li>\n<li>\u2022 presencia de sangre en el v\u00f3mito o las heces<\/li>\n<\/ul>\n<p><a href=\"http:\/\/blogs.sld.cu\/dengue\/files\/2022\/07\/294506577_5343937959026463_8384726185034601089_n.jpg\" target=\"_blank\" rel=\"noopener\"><img loading=\"lazy\" class=\"alignnone wp-image-254\" title=\"Ampliar\" src=\"http:\/\/blogs.sld.cu\/dengue\/files\/2022\/07\/294506577_5343937959026463_8384726185034601089_n.jpg\" sizes=\"(max-width: 650px) 100vw, 650px\" srcset=\"https:\/\/blogs.sld.cu\/dengue\/files\/2022\/07\/294506577_5343937959026463_8384726185034601089_n.jpg 800w, https:\/\/blogs.sld.cu\/dengue\/files\/2022\/07\/294506577_5343937959026463_8384726185034601089_n-300x267.jpg 300w, https:\/\/blogs.sld.cu\/dengue\/files\/2022\/07\/294506577_5343937959026463_8384726185034601089_n-768x684.jpg 768w, https:\/\/blogs.sld.cu\/dengue\/files\/2022\/07\/294506577_5343937959026463_8384726185034601089_n-250x223.jpg 250w\" alt=\"\" width=\"650\" height=\"578\" \/><\/a><\/p>\n<p>El dengue hemorr\u00e1gico se caracteriza por fiebre durante 2 a 7 d\u00edas, unida a los signos y s\u00edntomas generales t\u00edpicos del dengue.<\/p>\n<p>Cuando baja la fiebre, pueden aparecer s\u00edntomas como v\u00f3mitos persistentes, fuerte dolor abdominal y dificultad para respirar. Tales s\u00edntomas se\u00f1alan el inicio de un per\u00edodo de 24 a 48 horas en el que los vasos sangu\u00edneos m\u00e1s peque\u00f1os (capilares) se tornan excesivamente permeables (\u201ccon salideros\u201d), permitiendo que el componente l\u00edquido escape de los vasos sangu\u00edneos hacia el peritoneo (provocando ascitis) y la cavidad pleural (lo que conduce a efusiones pleurales).<\/p>\n<p>Esas circunstancias pueden provocar insuficiencia del sistema circulatorio y shock, seguido de la muerte si el fallo circulatorio no se corrige.<\/p>\n<p>Adem\u00e1s, los pacientes con DH tienen un conteo bajo de plaquetas y manifestaciones hemorr\u00e1gicas, tendencia a la formaci\u00f3n de hematomas y otros tipos de hemorragias cut\u00e1neas, sangramiento nasal y gingival, y posiblemente sangramiento interno.<\/p>\n<p>En esta etapa, la asistencia hospitalaria prestada por el personal m\u00e9dico y de enfermer\u00eda con experiencia en los efectos y evoluci\u00f3n de la enfermedad puede salvar vidas y reducir las tasas de mortalidad a menos del 1%.<\/p>\n<p>Volver a: <a href=\"https:\/\/blogs.sld.cu\/dengue\/causassintomas\/\">S\u00edntomas y signos<\/a><\/p>\n","protected":false},"excerpt":{"rendered":"<p>El dengue grave es una complicaci\u00f3n potencialmente mortal porque cursa con extravasaci\u00f3n de plasma, acumulaci\u00f3n de l\u00edquidos, dificultad respiratoria, hemorragias graves o falla org\u00e1nica. Los signos de alerta asociados al dengue grave son: \u2022 dolor abdominal intenso \u2022 v\u00f3mitos persistentes \u2022 respiraci\u00f3n acelerada \u2022 hemorragias en las enc\u00edas o la nariz \u2022 fatiga \u2022 agitaci\u00f3n [&hellip;]<\/p>\n","protected":false},"author":123,"featured_media":0,"parent":0,"menu_order":0,"comment_status":"closed","ping_status":"closed","template":"","meta":[],"_links":{"self":[{"href":"https:\/\/blogs.sld.cu\/dengue\/wp-json\/wp\/v2\/pages\/380"}],"collection":[{"href":"https:\/\/blogs.sld.cu\/dengue\/wp-json\/wp\/v2\/pages"}],"about":[{"href":"https:\/\/blogs.sld.cu\/dengue\/wp-json\/wp\/v2\/types\/page"}],"author":[{"embeddable":true,"href":"https:\/\/blogs.sld.cu\/dengue\/wp-json\/wp\/v2\/users\/123"}],"replies":[{"embeddable":true,"href":"https:\/\/blogs.sld.cu\/dengue\/wp-json\/wp\/v2\/comments?post=380"}],"version-history":[{"count":5,"href":"https:\/\/blogs.sld.cu\/dengue\/wp-json\/wp\/v2\/pages\/380\/revisions"}],"predecessor-version":[{"id":524,"href":"https:\/\/blogs.sld.cu\/dengue\/wp-json\/wp\/v2\/pages\/380\/revisions\/524"}],"wp:attachment":[{"href":"https:\/\/blogs.sld.cu\/dengue\/wp-json\/wp\/v2\/media?parent=380"}],"curies":[{"name":"wp","href":"https:\/\/api.w.org\/{rel}","templated":true}]}}