{"id":41,"date":"2021-03-17T22:14:28","date_gmt":"2021-03-17T22:14:28","guid":{"rendered":"http:\/\/blogs.sld.cu\/dengue\/?page_id=41"},"modified":"2022-07-31T01:35:21","modified_gmt":"2022-07-31T06:35:21","slug":"glosario","status":"publish","type":"page","link":"https:\/\/blogs.sld.cu\/dengue\/glosario\/","title":{"rendered":"Glosario"},"content":{"rendered":"<h3>T\u00e9rminos utilizados en este sitio que pueden resultar desconocidos o de dif\u00edcil comprensi\u00f3n.<\/h3>\n<p><b>Ant\u00edgenos:<\/b> Sustancias que son reconocidas por el sistema inmune y que inducen una reacci\u00f3n inmune. (<a href=\"https:\/\/decs.bvsalud.org\/es\/ths\/resource\/?id=948&amp;filter=ths_termall&amp;q=ant%C3%ADgeno\" target=\"_blank\" rel=\"noopener\">DeCS<\/a>)<\/p>\n<p><strong>Dengue:<\/strong> el origen de esta palabra no est\u00e1 bien definido. Algunos plantean que la palabra tiene sus ra\u00edces en el t\u00e9rmino swahili <em>Ki-Dinga pepo<\/em> que significa enfermedad caracterizada por un comienzo agudo causada por un esp\u00edritu maligno. Este t\u00e9rmino fue aplicado durante un brote en Zanz\u00edbar en 1870. En la costa este de \u00c1frica en el periodo 1823-1870, se usaron los t\u00e9rminos <em>dengue<\/em> o <em>dyenga<\/em>. Varios autores estiman que el t\u00e9rmino se us\u00f3 por primera vez durante el traslado de esclavos del este de \u00c1frica al Caribe, zona en la que se produjo una extensa epidemia entre 1827-1828. Se considera que la palabra <em>dengue<\/em> es una adaptaci\u00f3n al espa\u00f1ol de los t\u00e9rminos <em>dyenga<\/em> y <em>denga<\/em> y se reconoce en la literatura m\u00e9dica para nombrar a esta entidad a partir de un brote ocurrido en Cuba en 1828. Existen comunicaciones de la utilizaci\u00f3n de la misma palabra en la corte espa\u00f1ola en 1800. Etimol\u00f3gicamente, la palabra <em>dengue<\/em> significa afectaci\u00f3n. (<a href=\"http:\/\/www.bvs.sld.cu\/libros\/dengue\/dengue_parte1.pdf\" target=\"_blank\" rel=\"noopener\">Dengue. Ecimed, 2016<\/a>)<\/p>\n<p><strong>Hemorragia:<\/strong> Sangramiento o escape de sangre de un vaso. (<a href=\"https:\/\/decs.bvsalud.org\/es\/ths\/resource\/?id=6622&amp;filter=ths_termall&amp;q=hemorragia\" target=\"_blank\" rel=\"noopener\">DeCS<\/a>)<\/p>\n<p><strong>Inmunidad:<\/strong> No susceptibilidad ante los efectos invasivos o patog\u00e9nos de los microorganismos ajenos o a los efectos t\u00f3xicos de sustancias antig\u00e9nicas. (<a href=\"https:\/\/decs.bvsalud.org\/es\/ths\/resource\/?id=7293&amp;filter=ths_termall&amp;q=inmunidad\" target=\"_blank\" rel=\"noopener\">DeCS<\/a>)<\/p>\n<p><strong>Serotipo:<\/strong> Es un tipo de microorganismo infeccioso clasificado seg\u00fan los ant\u00edgenos que presentan en su superficie celular. Los serotipos permiten diferenciar organismos a nivel de subespecie, algo de gran importancia en epidemiolog\u00eda. (<a href=\"http:\/\/glosario.sld.cu\/multilingue\/2013\/11\/28\/serotipo\/\" target=\"_blank\" rel=\"noopener\">Glosario Multiling\u00fce<\/a>)<\/p>\n","protected":false},"excerpt":{"rendered":"<p>T\u00e9rminos utilizados en este sitio que pueden resultar desconocidos o de dif\u00edcil comprensi\u00f3n. Ant\u00edgenos: Sustancias que son reconocidas por el sistema inmune y que inducen una reacci\u00f3n inmune. (DeCS) Dengue: el origen de esta palabra no est\u00e1 bien definido. Algunos plantean que la palabra tiene sus ra\u00edces en el t\u00e9rmino swahili Ki-Dinga pepo que significa [&hellip;]<\/p>\n","protected":false},"author":208,"featured_media":0,"parent":0,"menu_order":0,"comment_status":"closed","ping_status":"closed","template":"","meta":[],"_links":{"self":[{"href":"https:\/\/blogs.sld.cu\/dengue\/wp-json\/wp\/v2\/pages\/41"}],"collection":[{"href":"https:\/\/blogs.sld.cu\/dengue\/wp-json\/wp\/v2\/pages"}],"about":[{"href":"https:\/\/blogs.sld.cu\/dengue\/wp-json\/wp\/v2\/types\/page"}],"author":[{"embeddable":true,"href":"https:\/\/blogs.sld.cu\/dengue\/wp-json\/wp\/v2\/users\/208"}],"replies":[{"embeddable":true,"href":"https:\/\/blogs.sld.cu\/dengue\/wp-json\/wp\/v2\/comments?post=41"}],"version-history":[{"count":9,"href":"https:\/\/blogs.sld.cu\/dengue\/wp-json\/wp\/v2\/pages\/41\/revisions"}],"predecessor-version":[{"id":358,"href":"https:\/\/blogs.sld.cu\/dengue\/wp-json\/wp\/v2\/pages\/41\/revisions\/358"}],"wp:attachment":[{"href":"https:\/\/blogs.sld.cu\/dengue\/wp-json\/wp\/v2\/media?parent=41"}],"curies":[{"name":"wp","href":"https:\/\/api.w.org\/{rel}","templated":true}]}}