{"id":53,"date":"2021-03-17T22:34:59","date_gmt":"2021-03-17T22:34:59","guid":{"rendered":"http:\/\/blogs.sld.cu\/dengue\/?page_id=53"},"modified":"2023-03-06T17:12:44","modified_gmt":"2023-03-06T22:12:44","slug":"denguevirus","status":"publish","type":"page","link":"https:\/\/blogs.sld.cu\/dengue\/denguevirus\/","title":{"rendered":"\u00bfQu\u00e9 es el dengue?"},"content":{"rendered":"<p><a href=\"http:\/\/blogs.sld.cu\/dengue\/files\/2022\/07\/Dengue.jpg\" target=\"_blank\" rel=\"noopener\"><img loading=\"lazy\" class=\"alignnone wp-image-226\" title=\"Ampliar\" src=\"http:\/\/blogs.sld.cu\/dengue\/files\/2022\/07\/Dengue.jpg\" alt=\"Dengue\" width=\"650\" height=\"340\" srcset=\"https:\/\/blogs.sld.cu\/dengue\/files\/2022\/07\/Dengue.jpg 978w, https:\/\/blogs.sld.cu\/dengue\/files\/2022\/07\/Dengue-300x157.jpg 300w, https:\/\/blogs.sld.cu\/dengue\/files\/2022\/07\/Dengue-768x401.jpg 768w, https:\/\/blogs.sld.cu\/dengue\/files\/2022\/07\/Dengue-250x131.jpg 250w\" sizes=\"(max-width: 650px) 100vw, 650px\" \/><\/a><\/p>\n<p>El dengue es una infecci\u00f3n v\u00edrica transmitida a los humanos por la picadura de mosquitos infectados. Los principales vectores de la enfermedad son los mosquitos <em>Aedes aegypti<\/em> y, en menor medida,\u00a0<em>Aedes albopictus.<\/em><\/p>\n<p>El virus que causa esta enfermedad es el virus del dengue (DENV). Existen cuatro serotipos del DENV (DENV 1, DENV 2, DENV 3 o DENV 4), lo que significa que es posible infectarse cuatro veces.<\/p>\n<p><span style=\"color: #b51b1b;\">La <a style=\"color: #b51b1b;\" href=\"https:\/\/www.who.int\/es\/news-room\/fact-sheets\/detail\/dengue-and-severe-dengue\" target=\"_blank\" rel=\"noopener\">Organizaci\u00f3n Mundial de la Salud<\/a> clasifica el dengue en dos categor\u00edas principales: <\/span>dengue (con o sin signos de alarma) y dengue grave (conocido anteriormente como dengue hemorr\u00e1gico). La clasificaci\u00f3n secundaria de dengue con o sin signos de alarma est\u00e1 concebida para ayudar a los profesionales de la salud a seleccionar pacientes para su ingreso hospitalario, a fin de someterlos a observaci\u00f3n estrecha, y reducir al m\u00ednimo el riesgo de que evolucionen hacia la forma m\u00e1s grave de dengue.<\/p>\n<h1><span style=\"color: #b51b1b;\">\u00bfQu\u00e9 es el dengue grave?<\/span><\/h1>\n<p>El dengue grave es una forma m\u00e1s severa de infecci\u00f3n con dengue. Puede ser mortal si no se la reconoce a tiempo y no se aplica un tratamiento apropiado. El dengue grave es causado por una infecci\u00f3n con los mismos virus que causan el dengue. Con un manejo m\u00e9dico adecuado, la mortalidad por dengue grave puede ser menor de 1 %.<\/p>\n","protected":false},"excerpt":{"rendered":"<p>El dengue es una infecci\u00f3n v\u00edrica transmitida a los humanos por la picadura de mosquitos infectados. Los principales vectores de la enfermedad son los mosquitos Aedes aegypti y, en menor medida,\u00a0Aedes albopictus. El virus que causa esta enfermedad es el virus del dengue (DENV). Existen cuatro serotipos del DENV (DENV 1, DENV 2, DENV 3 [&hellip;]<\/p>\n","protected":false},"author":208,"featured_media":0,"parent":0,"menu_order":0,"comment_status":"closed","ping_status":"closed","template":"prueba.php","meta":[],"_links":{"self":[{"href":"https:\/\/blogs.sld.cu\/dengue\/wp-json\/wp\/v2\/pages\/53"}],"collection":[{"href":"https:\/\/blogs.sld.cu\/dengue\/wp-json\/wp\/v2\/pages"}],"about":[{"href":"https:\/\/blogs.sld.cu\/dengue\/wp-json\/wp\/v2\/types\/page"}],"author":[{"embeddable":true,"href":"https:\/\/blogs.sld.cu\/dengue\/wp-json\/wp\/v2\/users\/208"}],"replies":[{"embeddable":true,"href":"https:\/\/blogs.sld.cu\/dengue\/wp-json\/wp\/v2\/comments?post=53"}],"version-history":[{"count":30,"href":"https:\/\/blogs.sld.cu\/dengue\/wp-json\/wp\/v2\/pages\/53\/revisions"}],"predecessor-version":[{"id":540,"href":"https:\/\/blogs.sld.cu\/dengue\/wp-json\/wp\/v2\/pages\/53\/revisions\/540"}],"wp:attachment":[{"href":"https:\/\/blogs.sld.cu\/dengue\/wp-json\/wp\/v2\/media?parent=53"}],"curies":[{"name":"wp","href":"https:\/\/api.w.org\/{rel}","templated":true}]}}