{"id":57,"date":"2021-03-17T22:37:12","date_gmt":"2021-03-17T22:37:12","guid":{"rendered":"http:\/\/blogs.sld.cu\/dengue\/?page_id=57"},"modified":"2022-07-31T01:29:36","modified_gmt":"2022-07-31T06:29:36","slug":"diagnosticottratamiento","status":"publish","type":"page","link":"https:\/\/blogs.sld.cu\/dengue\/diagnosticottratamiento\/","title":{"rendered":"Diagn\u00f3stico\/Tratamiento"},"content":{"rendered":"<h2>Diagn\u00f3stico<\/h2>\n<p>Existen varios ex\u00e1menes que se pueden hacer para confirmar el diagn\u00f3stico de esta enfermedad,\u00a0como un examen de laboratorio para medir el nivel de anticuerpos\u00a0a trav\u00e9s de una muestra de sangre, un hemograma completo o pruebas de la funci\u00f3n hep\u00e1tica.<\/p>\n<p><img loading=\"lazy\" class=\"alignleft wp-image-291\" title=\"Pruebas de laboratorio\" src=\"http:\/\/blogs.sld.cu\/dengue\/files\/2022\/07\/micropipetas-diagnostico-laboratorio.jpg\" alt=\"\" width=\"300\" height=\"203\" srcset=\"https:\/\/blogs.sld.cu\/dengue\/files\/2022\/07\/micropipetas-diagnostico-laboratorio.jpg 450w, https:\/\/blogs.sld.cu\/dengue\/files\/2022\/07\/micropipetas-diagnostico-laboratorio-300x203.jpg 300w, https:\/\/blogs.sld.cu\/dengue\/files\/2022\/07\/micropipetas-diagnostico-laboratorio-250x169.jpg 250w\" sizes=\"(max-width: 300px) 100vw, 300px\" \/>Pero, aunque el diagn\u00f3stico definitivo se hace en el laboratorio, la detecci\u00f3n inicial de las personas infectadas depende de la evaluaci\u00f3n cl\u00ednica de los s\u00edntomas que presenten.<\/p>\n<p>Pueden utilizarse distintos m\u00e9todos para establecer el diagn\u00f3stico de infecci\u00f3n por DENV. En funci\u00f3n del momento en que se presente el paciente, ser\u00e1 m\u00e1s o menos adecuada la utilizaci\u00f3n de los distintos m\u00e9todos de diagn\u00f3stico. Las muestras recogidas en pacientes durante la primera semana de la enfermedad deben analizarse con los dos m\u00e9todos mencionados a continuaci\u00f3n.<\/p>\n<p><span style=\"color: #b51b1b;\">M\u00e9todos de aislamiento del virus<\/span><\/p>\n<p>El virus puede aislarse en la sangre durante los primeros d\u00edas de la infecci\u00f3n. Existen diversos m\u00e9todos de reacci\u00f3n en cadena de la polimerasa con retrotranscriptasa (RCP\u2011RT). No obstante, la realizaci\u00f3n de estas pruebas precisa equipo especializado y formaci\u00f3n del personal.<\/p>\n<p>El virus tambi\u00e9n puede detectarse mediante pruebas dirigidas a constatar la presencia de una prote\u00edna producida por el virus, denominada NS1.<\/p>\n<p><span style=\"color: #b51b1b;\">M\u00e9todos serol\u00f3gicos<\/span><\/p>\n<p>Los m\u00e9todos serol\u00f3gicos, como la inmunoadsorci\u00f3n enzim\u00e1tica (ELISA), pueden confirmar la presencia de una infecci\u00f3n reciente o antigua mediante la detecci\u00f3n de anticuerpos contra el virus del dengue. Los anticuerpos IgM pueden detectarse aproximadamente una semana despu\u00e9s de la infecci\u00f3n, se pueden seguir detectando durante unos 3 meses. La presencia de anticuerpos IgM indica una infecci\u00f3n reciente por DENV. Los niveles de anticuerpos IgG tardan m\u00e1s en aparecer y permanecen en el organismo durante a\u00f1os. La presencia de anticuerpos IgG indica una infecci\u00f3n antigua.<\/p>\n<h2>Tratamiento<\/h2>\n<p><span style=\"color: #b51b1b;\">No hay tratamiento espec\u00edfico para el dengue<\/span>. Los pacientes deben guardar reposo, mantenerse hidratados y buscar asesoramiento m\u00e9dico. Dependiendo de las manifestaciones cl\u00ednicas y otras circunstancias, los pacientes pueden ser enviados a casa, ser derivados para su manejo en el hospital, o requerir tratamiento de emergencia y derivaci\u00f3n urgente.<\/p>\n<p>Para controlar los dolores musculares y la fiebre se pueden tomar tratamientos sintom\u00e1ticos como los antifebriles y los analg\u00e9sicos.<\/p>\n<blockquote><p>La mejor opci\u00f3n terap\u00e9utica contra tales s\u00edntomas es el paracetamol.<\/p>\n<p><span style=\"color: #b51b1b;\">Deber\u00edan evitarse los AINE (antiinflamatorios no esteroideos), como el ibuprofeno y la aspirina.<\/span> Estos medicamentos antiinflamatorios tienen un efecto anticoagulante, y en una enfermedad con riesgo de hemorragias pueden empeorar el pron\u00f3stico.<\/p><\/blockquote>\n<p>En caso de dengue grave, la asistencia prestada por el personal m\u00e9dico y de enfermer\u00eda con experiencia en los efectos y evoluci\u00f3n de la enfermedad puede salvar vidas y reducir las tasas de mortalidad a menos del 1% en la mayor\u00eda de los pa\u00edses.<\/p>\n<p><span style=\"color: #b51b1b;\">\u00bfQu\u00e9 hacer si se tiene s\u00edntomas de dengue?<\/span><\/p>\n<ul>\n<li>Consulte a su m\u00e9dico.<\/li>\n<li>Vigile los signos de alarma.<\/li>\n<li>No se automedique, no use aspirina, debido a que su efecto puede provocar hemorragias.<\/li>\n<li>No use antibi\u00f3ticos porque el dengue es producido por un virus y los antibi\u00f3ticos solo atacan a las bacterias.<\/li>\n<\/ul>\n","protected":false},"excerpt":{"rendered":"<p>Diagn\u00f3stico Existen varios ex\u00e1menes que se pueden hacer para confirmar el diagn\u00f3stico de esta enfermedad,\u00a0como un examen de laboratorio para medir el nivel de anticuerpos\u00a0a trav\u00e9s de una muestra de sangre, un hemograma completo o pruebas de la funci\u00f3n hep\u00e1tica. Pero, aunque el diagn\u00f3stico definitivo se hace en el laboratorio, la detecci\u00f3n inicial de las [&hellip;]<\/p>\n","protected":false},"author":208,"featured_media":0,"parent":0,"menu_order":0,"comment_status":"closed","ping_status":"open","template":"","meta":[],"_links":{"self":[{"href":"https:\/\/blogs.sld.cu\/dengue\/wp-json\/wp\/v2\/pages\/57"}],"collection":[{"href":"https:\/\/blogs.sld.cu\/dengue\/wp-json\/wp\/v2\/pages"}],"about":[{"href":"https:\/\/blogs.sld.cu\/dengue\/wp-json\/wp\/v2\/types\/page"}],"author":[{"embeddable":true,"href":"https:\/\/blogs.sld.cu\/dengue\/wp-json\/wp\/v2\/users\/208"}],"replies":[{"embeddable":true,"href":"https:\/\/blogs.sld.cu\/dengue\/wp-json\/wp\/v2\/comments?post=57"}],"version-history":[{"count":16,"href":"https:\/\/blogs.sld.cu\/dengue\/wp-json\/wp\/v2\/pages\/57\/revisions"}],"predecessor-version":[{"id":375,"href":"https:\/\/blogs.sld.cu\/dengue\/wp-json\/wp\/v2\/pages\/57\/revisions\/375"}],"wp:attachment":[{"href":"https:\/\/blogs.sld.cu\/dengue\/wp-json\/wp\/v2\/media?parent=57"}],"curies":[{"name":"wp","href":"https:\/\/api.w.org\/{rel}","templated":true}]}}