{"id":75,"date":"2021-03-18T01:33:39","date_gmt":"2021-03-18T01:33:39","guid":{"rendered":"http:\/\/blogs.sld.cu\/dengue\/?page_id=75"},"modified":"2022-08-01T17:57:21","modified_gmt":"2022-08-01T22:57:21","slug":"75-2","status":"publish","type":"page","link":"https:\/\/blogs.sld.cu\/dengue\/","title":{"rendered":""},"content":{"rendered":"<div id='1' class='widgets_on_page wop_tiny1  wop_small1  wop_medium1  wop_large1  wop_wide1'>\n\t\t\t<ul><li id=\"meteor-slides-widget-2\" class=\"widget widget_meteor-slides-widget\">\t\r\n\t\t\r\n\t<div id=\"meteor-slideshowpeque\" class=\"meteor-slides peque navpaged { next: '#meteor-nextpeque', prev: '#meteor-prevpeque', pager: '#meteor-buttonspeque' }\">\r\n\t\r\n\t\t\t\r\n\t\t\t\r\n\t\t\t<div id=\"meteor-buttonspeque\" class=\"meteor-buttons\"><\/div>\r\n\t\t\t\r\n\t\t\t\t\r\n\t\t\t\r\n\t\t<div class=\"meteor-clip\">\r\n\t\r\n\t\t\t\t\r\n\t\t\t<img style=\"visibility: hidden;\" class=\"meteor-shim\" src=\"https:\/\/blogs.sld.cu\/dengue\/files\/2021\/03\/Dengue.png\" alt=\"\" \/>\r\n\t\t\t<div class=\"mslide mslide-1\">\r\n\t\t\t\t\r\n\t\t\t\t\t\t\t\t\t\r\n\t\t\t\t\t<img width=\"711\" height=\"300\" src=\"https:\/\/blogs.sld.cu\/dengue\/files\/2021\/03\/Dengue.png\" class=\"attachment-featured-slide size-featured-slide wp-post-image\" alt=\"\" loading=\"lazy\" title=\"Dengue\" srcset=\"https:\/\/blogs.sld.cu\/dengue\/files\/2021\/03\/Dengue.png 711w, https:\/\/blogs.sld.cu\/dengue\/files\/2021\/03\/Dengue-300x127.png 300w, https:\/\/blogs.sld.cu\/dengue\/files\/2021\/03\/Dengue-250x105.png 250w\" sizes=\"(max-width: 711px) 100vw, 711px\" \/>\t\t\t\t\t\r\n\t\t\t\t\t\t\t\r\n\t\t\t<\/div><!-- .mslide -->\r\n\t\t\t\r\n\t\t\t\t\t\t\r\n\t\t\t\t\r\n\t\t\t\r\n\t\t\t<div class=\"mslide mslide-2\">\r\n\t\t\t\t\r\n\t\t\t\t\t\t\t\t\t\r\n\t\t\t\t\t<img width=\"711\" height=\"300\" src=\"https:\/\/blogs.sld.cu\/dengue\/files\/2021\/03\/Dengue_1.png\" class=\"attachment-featured-slide size-featured-slide wp-post-image\" alt=\"\" loading=\"lazy\" title=\"Picadura de un mosquito\" srcset=\"https:\/\/blogs.sld.cu\/dengue\/files\/2021\/03\/Dengue_1.png 711w, https:\/\/blogs.sld.cu\/dengue\/files\/2021\/03\/Dengue_1-300x127.png 300w, https:\/\/blogs.sld.cu\/dengue\/files\/2021\/03\/Dengue_1-250x105.png 250w\" sizes=\"(max-width: 711px) 100vw, 711px\" \/>\t\t\t\t\t\r\n\t\t\t\t\t\t\t\r\n\t\t\t<\/div><!-- .mslide -->\r\n\t\t\t\r\n\t\t\t\t\t\t\r\n\t\t\t\t\r\n\t\t\t\r\n\t\t\t<div class=\"mslide mslide-3\">\r\n\t\t\t\t\r\n\t\t\t\t\t\t\t\t\t\r\n\t\t\t\t\t<img width=\"711\" height=\"300\" src=\"https:\/\/blogs.sld.cu\/dengue\/files\/2021\/03\/Dengue_2.png\" class=\"attachment-featured-slide size-featured-slide wp-post-image\" alt=\"\" loading=\"lazy\" title=\"La fiebre es uno de los s\u00edntomas del dengue\" srcset=\"https:\/\/blogs.sld.cu\/dengue\/files\/2021\/03\/Dengue_2.png 711w, https:\/\/blogs.sld.cu\/dengue\/files\/2021\/03\/Dengue_2-300x127.png 300w, https:\/\/blogs.sld.cu\/dengue\/files\/2021\/03\/Dengue_2-250x105.png 250w\" sizes=\"(max-width: 711px) 100vw, 711px\" \/>\t\t\t\t\t\r\n\t\t\t\t\t\t\t\r\n\t\t\t<\/div><!-- .mslide -->\r\n\t\t\t\r\n\t\t\t\t\t\t\r\n\t\t\t\t\r\n\t\t\t\r\n\t\t\t<div class=\"mslide mslide-4\">\r\n\t\t\t\t\r\n\t\t\t\t\t\t\t\t\t\r\n\t\t\t\t\t<img width=\"711\" height=\"300\" src=\"https:\/\/blogs.sld.cu\/dengue\/files\/2021\/03\/Dengue_4.png\" class=\"attachment-featured-slide size-featured-slide wp-post-image\" alt=\"\" loading=\"lazy\" title=\"Dolores en el cuerpo por el dengue\" srcset=\"https:\/\/blogs.sld.cu\/dengue\/files\/2021\/03\/Dengue_4.png 711w, https:\/\/blogs.sld.cu\/dengue\/files\/2021\/03\/Dengue_4-300x127.png 300w, https:\/\/blogs.sld.cu\/dengue\/files\/2021\/03\/Dengue_4-250x105.png 250w\" sizes=\"(max-width: 711px) 100vw, 711px\" \/>\t\t\t\t\t\r\n\t\t\t\t\t\t\t\r\n\t\t\t<\/div><!-- .mslide -->\r\n\t\t\t\r\n\t\t\t\t\t\t\r\n\t\t\t\t\r\n\t\t<\/div><!-- .meteor-clip -->\r\n\t\t\t\t\r\n\t\t\t\t\t\r\n\t<\/div><!-- .meteor-slides -->\r\n\t\r\n\t<\/li><\/ul><\/div><!-- widgets_on_page -->\n<p>El <span style=\"color: #b51b1b;\">dengue<\/span> es una enfermedad producida por el virus del dengue, en sus cuatro variantes, y que se transmite fundamentalmente a trav\u00e9s de la picadura del <span style=\"color: #b51b1b;\">mosquito <em>Aedes aegypti.<\/em><\/span><span style=\"font-family: verdana, geneva; font-size: 10pt;\"><br \/>\n<\/span><\/p>\n<p>Este sitio forma parte del Portal de Enfermedades de la red cubana de salud Infomed, del Centro Nacional de Informaci\u00f3n de Ciencias M\u00e9dicas. Est\u00e1 dedicado a la poblaci\u00f3n en general, los pacientes y sus familiares. <span style=\"color: #b51b1b;\">Aqu\u00ed podr\u00e1 conocer aspectos importantes sobre el dengue<\/span>: su agente causal, los signos y s\u00edntomas, el diagn\u00f3stico, tratamientos y medidas para prevenirlo.<\/p>\n<p>Tiene como objetivo principal el de informar y educar sobre esta enfermedad transmisible y evitable, para cuyo control es fundamental la participaci\u00f3n de todos los miembros de la comunidad.<\/p>\n<p>Su editora es la Dra. Ibis Delgado, quien lo conducir\u00e1 a trav\u00e9s de estas p\u00e1ginas de una forma educativa, aclarar\u00e1 las dudas y preguntas que tengan sobre esta enfermedad.<\/p>\n<table>\n<tbody>\n<tr>\n<td><a href=\"https:\/\/blogs.sld.cu\/dengue\/glosario\/\"><img loading=\"lazy\" class=\"alignnone wp-image-326\" title=\"Conozca los t\u00e9rminos m\u00e9dicos\" src=\"http:\/\/blogs.sld.cu\/dengue\/files\/2022\/07\/glosario-dengue.jpg\" alt=\"\" width=\"200\" height=\"177\" \/><\/a><\/td>\n<td><a href=\"https:\/\/blogs.sld.cu\/dengue\/recursos\/\"><img loading=\"lazy\" class=\"alignnone wp-image-327\" title=\"Vea otros recursos de informaci\u00f3n\" src=\"http:\/\/blogs.sld.cu\/dengue\/files\/2022\/07\/recursos.jpg\" alt=\"\" width=\"200\" height=\"177\" \/><\/a><\/td>\n<td><a href=\"https:\/\/blogs.sld.cu\/dengue\/contacto\/\"><img loading=\"lazy\" class=\"alignnone wp-image-328\" title=\"Pregunte sus dudas\" src=\"http:\/\/blogs.sld.cu\/dengue\/files\/2022\/07\/consulta.jpg\" alt=\"\" width=\"200\" height=\"177\" \/><\/a><\/td>\n<\/tr>\n<\/tbody>\n<\/table>\n","protected":false},"excerpt":{"rendered":"<p>El dengue es una enfermedad producida por el virus del dengue, en sus cuatro variantes, y que se transmite fundamentalmente a trav\u00e9s de la picadura del mosquito Aedes aegypti. Este sitio forma parte del Portal de Enfermedades de la red cubana de salud Infomed, del Centro Nacional de Informaci\u00f3n de Ciencias M\u00e9dicas. Est\u00e1 dedicado a [&hellip;]<\/p>\n","protected":false},"author":208,"featured_media":0,"parent":0,"menu_order":0,"comment_status":"closed","ping_status":"closed","template":"","meta":[],"_links":{"self":[{"href":"https:\/\/blogs.sld.cu\/dengue\/wp-json\/wp\/v2\/pages\/75"}],"collection":[{"href":"https:\/\/blogs.sld.cu\/dengue\/wp-json\/wp\/v2\/pages"}],"about":[{"href":"https:\/\/blogs.sld.cu\/dengue\/wp-json\/wp\/v2\/types\/page"}],"author":[{"embeddable":true,"href":"https:\/\/blogs.sld.cu\/dengue\/wp-json\/wp\/v2\/users\/208"}],"replies":[{"embeddable":true,"href":"https:\/\/blogs.sld.cu\/dengue\/wp-json\/wp\/v2\/comments?post=75"}],"version-history":[{"count":17,"href":"https:\/\/blogs.sld.cu\/dengue\/wp-json\/wp\/v2\/pages\/75\/revisions"}],"predecessor-version":[{"id":435,"href":"https:\/\/blogs.sld.cu\/dengue\/wp-json\/wp\/v2\/pages\/75\/revisions\/435"}],"wp:attachment":[{"href":"https:\/\/blogs.sld.cu\/dengue\/wp-json\/wp\/v2\/media?parent=75"}],"curies":[{"name":"wp","href":"https:\/\/api.w.org\/{rel}","templated":true}]}}