{"id":86,"date":"2021-03-18T07:05:00","date_gmt":"2021-03-18T07:05:00","guid":{"rendered":"http:\/\/blogs.sld.cu\/dengue\/?page_id=86"},"modified":"2023-03-06T17:13:39","modified_gmt":"2023-03-06T22:13:39","slug":"virus","status":"publish","type":"page","link":"https:\/\/blogs.sld.cu\/dengue\/virus\/","title":{"rendered":"Virus del dengue y su transmisi\u00f3n"},"content":{"rendered":"<p><span style=\"font-size: 10pt; font-family: verdana, geneva;\"><img loading=\"lazy\" class=\"alignleft wp-image-229\" title=\"Virus del dengue\" src=\"http:\/\/blogs.sld.cu\/dengue\/files\/2022\/07\/Virus-del-dengue-e1658975248567.jpg\" alt=\"Virus del dengue\" width=\"300\" height=\"194\" srcset=\"https:\/\/blogs.sld.cu\/dengue\/files\/2022\/07\/Virus-del-dengue-e1658975248567.jpg 731w, https:\/\/blogs.sld.cu\/dengue\/files\/2022\/07\/Virus-del-dengue-e1658975248567-300x194.jpg 300w, https:\/\/blogs.sld.cu\/dengue\/files\/2022\/07\/Virus-del-dengue-e1658975248567-250x162.jpg 250w\" sizes=\"(max-width: 300px) 100vw, 300px\" \/><\/span><span style=\"color: #b51b1b;\">El virus del dengue pertenece a la familia <em>Flaviviridae,<\/em> y tiene cuatro serotipos distintos<\/span>, aunque estrechamente emparentados: DENV-1, DENV-2, DENV-3 y DENV\u20114.<\/p>\n<p>Se cree que la recuperaci\u00f3n de la infecci\u00f3n otorga inmunidad de por vida contra el serotipo que ha causado la infecci\u00f3n. Sin embargo, la inmunidad cruzada a los otros serotipos tras la recuperaci\u00f3n es parcial y temporal.<\/p>\n<p>Las infecciones posteriores (secundarias) causadas por otros serotipos aumentan el riesgo de padecer el dengue grave.<\/p>\n<p><span style=\"color: #b51b1b;\">El virus se transmite a los seres humanos por la picadura de mosquitos hembra infectados, principalmente del mosquito <em>Aedes aegypti<\/em>. <\/span><\/p>\n<p>En las Am\u00e9ricas, el <em>A. aegypti<\/em> es el mosquito vector para el dengue, y est\u00e1 ampliamente distribuido en todo el territorio, solo Canad\u00e1 y Chile continental est\u00e1n libres de dengue y del vector. Uruguay no tiene casos de dengue, pero tiene el mosquito <em>A. aegypti<\/em>. Otras especies del g\u00e9nero <em>Aedes<\/em> tambi\u00e9n pueden ser vectores, pero su contribuci\u00f3n es secundaria respecto a la del <em>A. aegypti<\/em>.<\/p>\n<p>Cuando el mosquito pica a una persona infectada por el DENV, el virus se replica en el intestino medio del mosquito antes de diseminarse hacia tejidos secundarios, como las gl\u00e1ndulas salivales. El tiempo que transcurre entre la ingesti\u00f3n del virus y la transmisi\u00f3n a un nuevo hospedador se denomina periodo de incubaci\u00f3n extr\u00ednseco, y cuando la temperatura ambiente oscila entre 25 \u00b0C y 28 \u00b0C dura entre 8 y 12 d\u00edas.<\/p>\n<p>No solo la temperatura ambiente influye en las variaciones del periodo de incubaci\u00f3n extr\u00ednseco; varios factores, como la magnitud de las fluctuaciones diarias de temperatura, el genotipo del virus y la concentraci\u00f3n v\u00edrica inicial, pueden alterar tambi\u00e9n el tiempo que tarda un mosquito en transmitir el virus. Una vez que se ha vuelto infeccioso, el mosquito puede transmitir el agente pat\u00f3geno durante toda su vida.<\/p>\n<h1>Ecolog\u00eda de los vectores<\/h1>\n<p><a href=\"http:\/\/blogs.sld.cu\/dengue\/files\/2022\/07\/Ciclo-de-vida.png\" target=\"_blank\" rel=\"noopener\"><img loading=\"lazy\" class=\"alignleft wp-image-242\" title=\"Ampliar\" src=\"http:\/\/blogs.sld.cu\/dengue\/files\/2022\/07\/Ciclo-de-vida.png\" alt=\"\" width=\"300\" height=\"380\" srcset=\"https:\/\/blogs.sld.cu\/dengue\/files\/2022\/07\/Ciclo-de-vida.png 808w, https:\/\/blogs.sld.cu\/dengue\/files\/2022\/07\/Ciclo-de-vida-237x300.png 237w, https:\/\/blogs.sld.cu\/dengue\/files\/2022\/07\/Ciclo-de-vida-768x973.png 768w, https:\/\/blogs.sld.cu\/dengue\/files\/2022\/07\/Ciclo-de-vida-250x317.png 250w\" sizes=\"(max-width: 300px) 100vw, 300px\" \/><\/a>El mosquito <em>Aedes aegypti<\/em> se considera el principal vector del DENV. Puede reproducirse en recipientes naturales como agujeros de \u00e1rboles y bromelias, pero hoy en d\u00eda se ha adaptado bien a los h\u00e1bitats urbanos y se reproduce principalmente en recipientes artificiales, como cubos, macetas de barro, recipientes desechados y neum\u00e1ticos usados, desag\u00fces de aguas pluviales, etc\u00e9tera, lo que convierte al dengue en una enfermedad insidiosa en los centros urbanos densamente poblados.<\/p>\n<p><span style=\"color: #b51b1b;\"><em>A. aegypti <\/em>se alimenta durante el d\u00eda; los periodos en que se intensifican sus picaduras son el principio de la ma\u00f1ana y el atardecer, antes de que oscurezca.<\/span><\/p>\n<p>La hembra de <em>A. aegypti<\/em> se alimenta con frecuencia en m\u00faltiples ocasiones entre los distintos periodos de puesta, lo que genera conglomerados de individuos infectados. Una vez que ha puesto sus huevos, estos pueden seguir siendo viables durante varios meses en condiciones de sequedad y eclosionar\u00e1n al entrar en contacto con agua.<\/p>\n","protected":false},"excerpt":{"rendered":"<p>El virus del dengue pertenece a la familia Flaviviridae, y tiene cuatro serotipos distintos, aunque estrechamente emparentados: DENV-1, DENV-2, DENV-3 y DENV\u20114. Se cree que la recuperaci\u00f3n de la infecci\u00f3n otorga inmunidad de por vida contra el serotipo que ha causado la infecci\u00f3n. Sin embargo, la inmunidad cruzada a los otros serotipos tras la recuperaci\u00f3n [&hellip;]<\/p>\n","protected":false},"author":208,"featured_media":0,"parent":0,"menu_order":0,"comment_status":"closed","ping_status":"open","template":"","meta":[],"_links":{"self":[{"href":"https:\/\/blogs.sld.cu\/dengue\/wp-json\/wp\/v2\/pages\/86"}],"collection":[{"href":"https:\/\/blogs.sld.cu\/dengue\/wp-json\/wp\/v2\/pages"}],"about":[{"href":"https:\/\/blogs.sld.cu\/dengue\/wp-json\/wp\/v2\/types\/page"}],"author":[{"embeddable":true,"href":"https:\/\/blogs.sld.cu\/dengue\/wp-json\/wp\/v2\/users\/208"}],"replies":[{"embeddable":true,"href":"https:\/\/blogs.sld.cu\/dengue\/wp-json\/wp\/v2\/comments?post=86"}],"version-history":[{"count":23,"href":"https:\/\/blogs.sld.cu\/dengue\/wp-json\/wp\/v2\/pages\/86\/revisions"}],"predecessor-version":[{"id":541,"href":"https:\/\/blogs.sld.cu\/dengue\/wp-json\/wp\/v2\/pages\/86\/revisions\/541"}],"wp:attachment":[{"href":"https:\/\/blogs.sld.cu\/dengue\/wp-json\/wp\/v2\/media?parent=86"}],"curies":[{"name":"wp","href":"https:\/\/api.w.org\/{rel}","templated":true}]}}