{"id":91,"date":"2021-03-18T07:34:11","date_gmt":"2021-03-18T07:34:11","guid":{"rendered":"http:\/\/blogs.sld.cu\/dengue\/?page_id=91"},"modified":"2023-03-06T15:42:11","modified_gmt":"2023-03-06T20:42:11","slug":"medidas-preventivas","status":"publish","type":"page","link":"https:\/\/blogs.sld.cu\/dengue\/medidas-preventivas\/","title":{"rendered":"Medidas preventivas"},"content":{"rendered":"<p>La mejor forma de prevenir el dengue es eliminar todos los criaderos de mosquitos.<\/p>\n<p>Como no existen medicamentos que lo curen, la medida m\u00e1s importante de prevenci\u00f3n, es la eliminaci\u00f3n de todos los criaderos de mosquitos, es decir, de todos los recipientes que contienen agua tanto en el interior de las casas como en sus alrededores.<\/p>\n<p><img loading=\"lazy\" class=\"alignright wp-image-293\" title=\"Eliminaci\u00f3n de todos los criaderos de mosquitos\" src=\"http:\/\/blogs.sld.cu\/dengue\/files\/2022\/07\/limpieza-de-los-alrededores-de-viviendas.png\" alt=\"\" width=\"300\" height=\"202\" srcset=\"https:\/\/blogs.sld.cu\/dengue\/files\/2022\/07\/limpieza-de-los-alrededores-de-viviendas.png 600w, https:\/\/blogs.sld.cu\/dengue\/files\/2022\/07\/limpieza-de-los-alrededores-de-viviendas-300x202.png 300w, https:\/\/blogs.sld.cu\/dengue\/files\/2022\/07\/limpieza-de-los-alrededores-de-viviendas-250x168.png 250w\" sizes=\"(max-width: 300px) 100vw, 300px\" \/>Muchos de los recipientes donde el mosquito se cr\u00eda no son de utilidad (latas, botellas, neum\u00e1ticos, trozos de pl\u00e1stico y lona, bidones cortados). Estos recipientes deben ser eliminados. Si los recipientes no pueden eliminarse porque se usan permanentemente, debe evitarse que acumulen agua, d\u00e1ndolos vuelta (baldes, palanganas, tambores) o vaci\u00e1ndolos permanentemente (portamacetas, bebederos).<\/p>\n<p>La fumigaci\u00f3n no es suficiente para eliminar el mosquito. La aplicaci\u00f3n de insecticidas es una medida destinada a eliminar a los mosquitos adultos que pueden transmitir estas enfermedades. Su implementaci\u00f3n debe ser evaluada por las autoridades sanitarias, ya que solo es recomendable en momentos de emergencia, y siempre debe ser acompa\u00f1ada por la eliminaci\u00f3n de todos los recipientes que acumulan agua en las casas y espacios p\u00fablicos.<\/p>\n<p>Tambi\u00e9n es importante prevenir la picadura del mosquito:<\/p>\n<blockquote><p>Colocando mallas en las ventanas y puertas de las viviendas.<\/p>\n<p>Utilizando mosquiteros para dormir.<\/p>\n<p>Usando repelentes sobre la piel expuesta y sobre la ropa con aplicaciones cada 3 horas.<\/p>\n<p>Usando mangas largas y pantalones largos si se desarrollan actividades al aire libre.<\/p><\/blockquote>\n<p>\u00a1Todos podemos hacer mucho para prevenir el dengue! Solo debe tener presente:<\/p>\n<blockquote><p>Evitar arrojar recipientes o basura en lugares como patios, terrazas, calles y terrenos bald\u00edos, en los que pueda acumularse agua.<\/p>\n<p>Mantener los patios y jardines desmalezados y destapando los desag\u00fces de lluvia de los techos.<\/p>\n<p>Eliminar el agua de los huecos de \u00e1rboles, rocas, paredes, pozos, letrinas abandonadas y rellenando huecos de tapias y paredes donde pueda juntarse agua de lluvia.<\/p>\n<p>Enterrar o eliminar todo tipo de basura o recipientes inservibles como latas, c\u00e1scaras, llantas y dem\u00e1s objetos que puedan almacenar agua.<\/p>\n<p>Ordenar los recipientes \u00fatiles que puedan acumular agua, poni\u00e9ndolos boca abajo o coloc\u00e1ndoles una tapa.<\/p><\/blockquote>\n<h1><span style=\"color: #b51b1b;\">Vacunaci\u00f3n contra el dengue <\/span><\/h1>\n<p><img loading=\"lazy\" class=\"alignleft wp-image-367\" src=\"http:\/\/blogs.sld.cu\/dengue\/files\/2022\/07\/Dengvaxia-700x375-1.jpg\" alt=\"\" width=\"301\" height=\"161\" srcset=\"https:\/\/blogs.sld.cu\/dengue\/files\/2022\/07\/Dengvaxia-700x375-1.jpg 700w, https:\/\/blogs.sld.cu\/dengue\/files\/2022\/07\/Dengvaxia-700x375-1-300x161.jpg 300w, https:\/\/blogs.sld.cu\/dengue\/files\/2022\/07\/Dengvaxia-700x375-1-250x134.jpg 250w\" sizes=\"(max-width: 301px) 100vw, 301px\" \/>La primera vacuna contra el dengue \u2013Dengvaxia\u00ae (CYD-TDV), desarrollada por Sanofi Pasteur\u2013 se aprob\u00f3 en diciembre de 2015 y su comercializaci\u00f3n ha sido autorizada hasta el momento por los organismos de reglamentaci\u00f3n de unos 20 pa\u00edses. En noviembre de 2017 se publicaron los resultados de un nuevo an\u00e1lisis para determinar retrospectivamente el estado serol\u00f3gico en el momento de la vacunaci\u00f3n. El an\u00e1lisis revel\u00f3 que el subgrupo de participantes en el ensayo que eran seronegativos en el momento de la primera vacunaci\u00f3n corr\u00eda mayor riesgo de padecer dengue grave y ser hospitalizado por dengue que el de los participantes no vacunados. Por ello, la vacuna CYD-TDV va dirigida a personas de 9 a 45 a\u00f1os residentes en zonas end\u00e9micas que hayan tenido al menos un episodio de infecci\u00f3n previa por el virus del dengue. Se est\u00e1n evaluando otras vacunas candidatas contra el dengue.<\/p>\n<h1>Vea m\u00e1s:<\/h1>\n<p><a href=\"https:\/\/www.who.int\/publications\/i\/item\/who-wer9335-457-476\" target=\"_blank\" rel=\"noopener\">Posici\u00f3n de la OMS sobre la vacuna CYD-TDV<\/a>.<\/p>\n","protected":false},"excerpt":{"rendered":"<p>La mejor forma de prevenir el dengue es eliminar todos los criaderos de mosquitos. Como no existen medicamentos que lo curen, la medida m\u00e1s importante de prevenci\u00f3n, es la eliminaci\u00f3n de todos los criaderos de mosquitos, es decir, de todos los recipientes que contienen agua tanto en el interior de las casas como en sus [&hellip;]<\/p>\n","protected":false},"author":208,"featured_media":0,"parent":0,"menu_order":0,"comment_status":"closed","ping_status":"open","template":"","meta":[],"_links":{"self":[{"href":"https:\/\/blogs.sld.cu\/dengue\/wp-json\/wp\/v2\/pages\/91"}],"collection":[{"href":"https:\/\/blogs.sld.cu\/dengue\/wp-json\/wp\/v2\/pages"}],"about":[{"href":"https:\/\/blogs.sld.cu\/dengue\/wp-json\/wp\/v2\/types\/page"}],"author":[{"embeddable":true,"href":"https:\/\/blogs.sld.cu\/dengue\/wp-json\/wp\/v2\/users\/208"}],"replies":[{"embeddable":true,"href":"https:\/\/blogs.sld.cu\/dengue\/wp-json\/wp\/v2\/comments?post=91"}],"version-history":[{"count":22,"href":"https:\/\/blogs.sld.cu\/dengue\/wp-json\/wp\/v2\/pages\/91\/revisions"}],"predecessor-version":[{"id":526,"href":"https:\/\/blogs.sld.cu\/dengue\/wp-json\/wp\/v2\/pages\/91\/revisions\/526"}],"wp:attachment":[{"href":"https:\/\/blogs.sld.cu\/dengue\/wp-json\/wp\/v2\/media?parent=91"}],"curies":[{"name":"wp","href":"https:\/\/api.w.org\/{rel}","templated":true}]}}