{"id":100,"date":"2020-04-18T04:35:04","date_gmt":"2020-04-18T04:35:04","guid":{"rendered":"http:\/\/blogs.sld.cu\/dermatitis\/?page_id=100"},"modified":"2020-12-22T06:32:19","modified_gmt":"2020-12-22T06:32:19","slug":"dermatitis-perioral","status":"publish","type":"page","link":"https:\/\/blogs.sld.cu\/dermatitis\/dermatitis-perioral\/","title":{"rendered":"Dermatitis perioral"},"content":{"rendered":"<p><span style=\"font-size: 12pt\">Se caracteriza por la aparici\u00f3n de manchas irregulares rosadas o enrojecidas en la piel o alrededor de la boca, es m\u00e1s com\u00fan en mujeres entre los 20 y los 45 a\u00f1os.<\/span><\/p>\n<p><span style=\"font-size: 12pt\"><a href=\"http:\/\/blogs.sld.cu\/dermatitis\/files\/2020\/04\/dermatitis-perioral.jpg\"><img loading=\"lazy\" class=\"alignnone size-full wp-image-126\" src=\"http:\/\/blogs.sld.cu\/dermatitis\/files\/2020\/04\/dermatitis-perioral.jpg\" alt=\"dermatitis perioral\" width=\"284\" height=\"179\" \/><\/a><\/span><\/p>\n<p><span style=\"font-size: 12pt\">Dermatitis perioral<\/span><\/p>\n","protected":false},"excerpt":{"rendered":"<p>Se caracteriza por la aparici\u00f3n de manchas irregulares rosadas o enrojecidas en la piel o alrededor de la boca, es m\u00e1s com\u00fan en mujeres entre los 20 y los 45 a\u00f1os. Dermatitis perioral<\/p>\n","protected":false},"author":208,"featured_media":0,"parent":0,"menu_order":0,"comment_status":"closed","ping_status":"closed","template":"sidebar-content.php","meta":[],"_links":{"self":[{"href":"https:\/\/blogs.sld.cu\/dermatitis\/wp-json\/wp\/v2\/pages\/100"}],"collection":[{"href":"https:\/\/blogs.sld.cu\/dermatitis\/wp-json\/wp\/v2\/pages"}],"about":[{"href":"https:\/\/blogs.sld.cu\/dermatitis\/wp-json\/wp\/v2\/types\/page"}],"author":[{"embeddable":true,"href":"https:\/\/blogs.sld.cu\/dermatitis\/wp-json\/wp\/v2\/users\/208"}],"replies":[{"embeddable":true,"href":"https:\/\/blogs.sld.cu\/dermatitis\/wp-json\/wp\/v2\/comments?post=100"}],"version-history":[{"count":4,"href":"https:\/\/blogs.sld.cu\/dermatitis\/wp-json\/wp\/v2\/pages\/100\/revisions"}],"predecessor-version":[{"id":218,"href":"https:\/\/blogs.sld.cu\/dermatitis\/wp-json\/wp\/v2\/pages\/100\/revisions\/218"}],"wp:attachment":[{"href":"https:\/\/blogs.sld.cu\/dermatitis\/wp-json\/wp\/v2\/media?parent=100"}],"curies":[{"name":"wp","href":"https:\/\/api.w.org\/{rel}","templated":true}]}}