{"id":11,"date":"2020-03-28T14:39:44","date_gmt":"2020-03-28T14:39:44","guid":{"rendered":"http:\/\/blogs.sld.cu\/dermatitis\/?page_id=11"},"modified":"2020-12-26T00:13:22","modified_gmt":"2020-12-26T00:13:22","slug":"acerca-de","status":"publish","type":"page","link":"https:\/\/blogs.sld.cu\/dermatitis\/acerca-de\/","title":{"rendered":"Acerca de"},"content":{"rendered":"<div id=\"attachment_32\" style=\"width: 189px\" class=\"wp-caption alignleft\"><img aria-describedby=\"caption-attachment-32\" loading=\"lazy\" class=\" wp-image-32\" src=\"http:\/\/blogs.sld.cu\/dermatitis\/files\/2020\/03\/Dr-carlos-263x300.jpg\" alt=\"Dr. Carlos Alberto Blanco C\u00f3rdova. Especialista en dermatolog\u00eda. Editor del sitio.\" width=\"179\" height=\"204\" srcset=\"https:\/\/blogs.sld.cu\/dermatitis\/files\/2020\/03\/Dr-carlos-263x300.jpg 263w, https:\/\/blogs.sld.cu\/dermatitis\/files\/2020\/03\/Dr-carlos.jpg 359w\" sizes=\"(max-width: 179px) 100vw, 179px\" \/><p id=\"caption-attachment-32\" class=\"wp-caption-text\"><span style=\"font-size: 12pt\">Dr. Carlos Alberto Blanco C\u00f3rdova. Especialista en dermatolog\u00eda. Editor del sitio.<\/span><\/p><\/div>\n<p style=\"background: white;margin: 7.5pt 0cm 7.5pt 0cm\"><span style=\"font-family: 'Helvetica', 'sans-serif';color: #707070;font-size: 12pt\">Este sitio forma parte del\u00a0<strong><span style=\"font-family: 'Helvetica','sans-serif'\">Portal de Enfermedades<\/span><\/strong>,<strong><span style=\"font-family: 'Helvetica','sans-serif'\">de Infomed<\/span><\/strong>,\u00a0<span class=\"image-caption\">Centro Nacional de Informaci\u00f3n de Ciencias M\u00e9dicas, que est\u00e1 constituido por un grupo de personas e instituciones que trabajan para que la\u00a0<\/span>informaci\u00f3n y el conocimiento\u00a0de salud lleguen a todos.<\/span><\/p>\n<p style=\"background: white;margin: 7.5pt 0cm 7.5pt 0cm\"><span style=\"font-family: 'Helvetica', 'sans-serif';color: #707070;font-size: 12pt\">Este sitio est\u00e1 destinado a la poblaci\u00f3n en general, los pacientes y sus familiares, para que conozcan sobre las enfermedades, lo que es necesario para mejorar el conocimiento de la salud y que puedan acudir al m\u00e9dico, ante cualquier situaci\u00f3n de alarma.<\/span><\/p>\n<p style=\"background: white;margin: 7.5pt 0cm 7.5pt 0cm\"><span style=\"font-family: 'Helvetica', 'sans-serif';color: #707070;font-size: 12pt\">\u00bfQu\u00e9 es la dermatitis? \u00bfQu\u00e9 la puede causar? \u00bfCu\u00e1les son los tipos de dermatitis? \u00bfQu\u00e9 medicamentos se pueden utilizar? \u00bfC\u00f3mo es el tratamiento?<\/span><\/p>\n<p style=\"background: white;margin: 7.5pt 0cm 7.5pt 0cm\"><span style=\"font-family: 'Helvetica', 'sans-serif';color: #707070;font-size: 12pt\">El Dr. Carlos Alberto Blanco,especialista en dermatolog\u00eda profesor auxiliar y master en Histolog\u00eda de forma educativa e interactiva,\u00a0responder\u00e1 las preguntas y explicar\u00e1 todos los aspectos relacionados con esta enfermedad, que le pueda ayudar a su cura o de alg\u00fan familiar o amigo.<\/span><\/p>\n","protected":false},"excerpt":{"rendered":"<p>Este sitio forma parte del\u00a0Portal de Enfermedades,de Infomed,\u00a0Centro Nacional de Informaci\u00f3n de Ciencias M\u00e9dicas, que est\u00e1 constituido por un grupo de personas e instituciones que trabajan para que la\u00a0informaci\u00f3n y el conocimiento\u00a0de salud lleguen a todos. Este sitio est\u00e1 destinado a la poblaci\u00f3n en general, los pacientes y sus familiares, para que conozcan sobre las [&hellip;]<\/p>\n","protected":false},"author":208,"featured_media":0,"parent":0,"menu_order":0,"comment_status":"open","ping_status":"open","template":"","meta":[],"_links":{"self":[{"href":"https:\/\/blogs.sld.cu\/dermatitis\/wp-json\/wp\/v2\/pages\/11"}],"collection":[{"href":"https:\/\/blogs.sld.cu\/dermatitis\/wp-json\/wp\/v2\/pages"}],"about":[{"href":"https:\/\/blogs.sld.cu\/dermatitis\/wp-json\/wp\/v2\/types\/page"}],"author":[{"embeddable":true,"href":"https:\/\/blogs.sld.cu\/dermatitis\/wp-json\/wp\/v2\/users\/208"}],"replies":[{"embeddable":true,"href":"https:\/\/blogs.sld.cu\/dermatitis\/wp-json\/wp\/v2\/comments?post=11"}],"version-history":[{"count":15,"href":"https:\/\/blogs.sld.cu\/dermatitis\/wp-json\/wp\/v2\/pages\/11\/revisions"}],"predecessor-version":[{"id":269,"href":"https:\/\/blogs.sld.cu\/dermatitis\/wp-json\/wp\/v2\/pages\/11\/revisions\/269"}],"wp:attachment":[{"href":"https:\/\/blogs.sld.cu\/dermatitis\/wp-json\/wp\/v2\/media?parent=11"}],"curies":[{"name":"wp","href":"https:\/\/api.w.org\/{rel}","templated":true}]}}