{"id":13,"date":"2020-03-28T14:41:50","date_gmt":"2020-03-28T14:41:50","guid":{"rendered":"http:\/\/blogs.sld.cu\/dermatitis\/?page_id=13"},"modified":"2020-12-26T00:13:55","modified_gmt":"2020-12-26T00:13:55","slug":"dermatitis","status":"publish","type":"page","link":"https:\/\/blogs.sld.cu\/dermatitis\/dermatitis\/","title":{"rendered":"Dermatitis"},"content":{"rendered":"<p style=\"background: white;margin: 7.5pt 0cm 7.5pt 0cm\"><span style=\"font-size: 12pt\"><a href=\"http:\/\/blogs.sld.cu\/dermatitis\/files\/2020\/03\/piel1.jpg\"><img loading=\"lazy\" class=\"alignnone size-full wp-image-267\" src=\"http:\/\/blogs.sld.cu\/dermatitis\/files\/2020\/03\/piel1.jpg\" alt=\"piel\" width=\"499\" height=\"353\" srcset=\"https:\/\/blogs.sld.cu\/dermatitis\/files\/2020\/03\/piel1.jpg 499w, https:\/\/blogs.sld.cu\/dermatitis\/files\/2020\/03\/piel1-300x212.jpg 300w, https:\/\/blogs.sld.cu\/dermatitis\/files\/2020\/03\/piel1-250x177.jpg 250w\" sizes=\"(max-width: 499px) 100vw, 499px\" \/><\/a>La piel es el \u00f3rgano de mayor extensi\u00f3n en nuestro cuerpo, y est\u00e1 formado por dos capas: la externa es la <strong>epidermis<\/strong> y la que est\u00e1 por debajo se denomina <strong>dermis. La epidermis <\/strong>no es vascularizada mientras que la <strong>dermis,<\/strong> presenta abundantes vasos sangu\u00edneos. En la piel existen muchas estructuras anexas como <strong>pelos, gl\u00e1ndulas<\/strong> <strong>sudor\u00edparas y gl\u00e1ndulas seb\u00e1ceas,<\/strong> las que propician v\u00edas de entrada para microorganismos e infecciones. La dermatitis, involucra a ambas capas de la piel. Existen dos tipos de piel: la<strong> fina<\/strong> que est\u00e1 en todo el cuerpo y la <strong>gruesa<\/strong> que se limita a la palma de las manos y a la planta de los pies.<\/span><\/p>\n<p style=\"background: white;margin: 7.5pt 0cm 7.5pt 0cm\"><span style=\"font-family: 'Helvetica', 'sans-serif';color: #707070;font-size: 12pt\">Las\u00a0<strong><span style=\"font-family: 'Helvetica','sans-serif'\">Dermatitis<\/span><\/strong>\u00a0o\u00a0<strong><span style=\"font-family: 'Helvetica','sans-serif'\">eczema\u00a0<\/span><\/strong>son inflamaciones de la piel, debidas a la respuesta al\u00e9rgica o no de la misma.<br \/>\n<\/span><\/p>\n<p style=\"background: white;margin: 7.5pt 0cm 7.5pt 0cm\"><span style=\"font-family: 'Helvetica', 'sans-serif';color: #707070;font-size: 12pt\">Su causa puede estar relacionada con una\u00a0gran variedad de agentes como: productos qu\u00edmicos, prote\u00ednas, bacterias y hongos, entre otros.<\/span><\/p>\n<p style=\"background: white;margin: 7.5pt 0cm 7.5pt 0cm\"><span style=\"font-family: 'Helvetica', 'sans-serif';color: #707070;font-size: 12pt\">Los\u00a0<strong><span style=\"font-family: 'Helvetica','sans-serif'\">s\u00edntomas<\/span><\/strong>\u00a0pueden ser:\u00a0enrojecimiento, comez\u00f3n, descamaci\u00f3n y formaci\u00f3n de peque\u00f1as ampollas llenas de l\u00edquido transparente, que pueden aparecer en algunas regiones espec\u00edficas o esparcidas por todo el cuerpo.<\/span><\/p>\n<p style=\"background: white;margin: 7.5pt 0cm 7.5pt 0cm\"><span style=\"font-family: 'Helvetica', 'sans-serif';color: #707070;font-size: 12pt\">La sustancia desencadenante (al\u00e9rgeno) puede actuar sobre la piel, tanto desde el exterior, como desde el interior del organismo.<\/span><\/p>\n<p style=\"background: white;margin: 7.5pt 0cm 7.5pt 0cm\"><span style=\"font-family: 'Helvetica', 'sans-serif';color: #707070;font-size: 12pt\">Esta enfermedad puede surgir a cualquier edad, incluyendo en beb\u00e9s, principalmente por alergia o por el roce del pa\u00f1al con la piel. Tambi\u00e9n puede ser causada por el contacto con alguna sustancia que causa alergia, como efecto secundario de alg\u00fan medicamento, por mala circulaci\u00f3n sangu\u00ednea o por tener la piel muy seca.<br \/>\n<\/span><\/p>\n","protected":false},"excerpt":{"rendered":"<p>La piel es el \u00f3rgano de mayor extensi\u00f3n en nuestro cuerpo, y est\u00e1 formado por dos capas: la externa es la epidermis y la que est\u00e1 por debajo se denomina dermis. La epidermis no es vascularizada mientras que la dermis, presenta abundantes vasos sangu\u00edneos. En la piel existen muchas estructuras anexas como pelos, gl\u00e1ndulas sudor\u00edparas [&hellip;]<\/p>\n","protected":false},"author":208,"featured_media":0,"parent":0,"menu_order":0,"comment_status":"closed","ping_status":"closed","template":"","meta":[],"_links":{"self":[{"href":"https:\/\/blogs.sld.cu\/dermatitis\/wp-json\/wp\/v2\/pages\/13"}],"collection":[{"href":"https:\/\/blogs.sld.cu\/dermatitis\/wp-json\/wp\/v2\/pages"}],"about":[{"href":"https:\/\/blogs.sld.cu\/dermatitis\/wp-json\/wp\/v2\/types\/page"}],"author":[{"embeddable":true,"href":"https:\/\/blogs.sld.cu\/dermatitis\/wp-json\/wp\/v2\/users\/208"}],"replies":[{"embeddable":true,"href":"https:\/\/blogs.sld.cu\/dermatitis\/wp-json\/wp\/v2\/comments?post=13"}],"version-history":[{"count":13,"href":"https:\/\/blogs.sld.cu\/dermatitis\/wp-json\/wp\/v2\/pages\/13\/revisions"}],"predecessor-version":[{"id":270,"href":"https:\/\/blogs.sld.cu\/dermatitis\/wp-json\/wp\/v2\/pages\/13\/revisions\/270"}],"wp:attachment":[{"href":"https:\/\/blogs.sld.cu\/dermatitis\/wp-json\/wp\/v2\/media?parent=13"}],"curies":[{"name":"wp","href":"https:\/\/api.w.org\/{rel}","templated":true}]}}