{"id":15,"date":"2020-03-28T14:42:27","date_gmt":"2020-03-28T14:42:27","guid":{"rendered":"http:\/\/blogs.sld.cu\/dermatitis\/?page_id=15"},"modified":"2020-05-17T16:39:19","modified_gmt":"2020-05-17T16:39:19","slug":"tipos","status":"publish","type":"page","link":"https:\/\/blogs.sld.cu\/dermatitis\/tipos\/","title":{"rendered":"Tipos"},"content":{"rendered":"<p><span style=\"font-size: 12pt\">Es muy importante saber el estado de la piel para su correcto manejo m\u00e9dico.<\/span><\/p>\n<p><span style=\"font-size: 12pt\">Las dermatitis se pueden clasificar seg\u00fan el estado de la piel\u00a0 en:\u00a0 <strong>sobreagudas, agudas, subagudas y cr\u00f3nicas.<\/strong><\/span><\/p>\n<p><span style=\"font-size: 12pt\"><strong>Sobreagudas<\/strong>: Cuadros cut\u00e1neos con gran eritema o enrojecimiento, inflamaci\u00f3n y exudaci\u00f3n, con p\u00e9rdida de la epidermis.<\/span><\/p>\n<p><span style=\"font-size: 12pt\"><strong>Agudas:<\/strong> Tienen el mismo cuadro anterior, pero con conservaci\u00f3n de la epidermis, y con gran cantidad de l\u00edquido.<\/span><\/p>\n<p><span style=\"font-size: 12pt\"><strong>Subagudas<\/strong>: Presentan eritema con hiperqueratosis, y a veces humedad al tacto.<\/span><\/p>\n<p><span style=\"font-size: 12pt\"><strong>Cr\u00f3nicas<\/strong>: Eritema con hiperqueratosis, y a veces figuraci\u00f3n, o bien p\u00e1pulas o escamas, y tambi\u00e9n liquenificaci\u00f3n. En general la piel es seca al tacto, a diferencia de los otros cuadros.<\/span><\/p>\n<p><span style=\"font-size: 12pt\">\u00a0<\/span><\/p>\n<p><span style=\"font-size: 12pt\">\u00a0<\/span><\/p>\n","protected":false},"excerpt":{"rendered":"<p>Es muy importante saber el estado de la piel para su correcto manejo m\u00e9dico. Las dermatitis se pueden clasificar seg\u00fan el estado de la piel\u00a0 en:\u00a0 sobreagudas, agudas, subagudas y cr\u00f3nicas. Sobreagudas: Cuadros cut\u00e1neos con gran eritema o enrojecimiento, inflamaci\u00f3n y exudaci\u00f3n, con p\u00e9rdida de la epidermis. Agudas: Tienen el mismo cuadro anterior, pero con [&hellip;]<\/p>\n","protected":false},"author":208,"featured_media":0,"parent":0,"menu_order":0,"comment_status":"closed","ping_status":"closed","template":"sidebar-content.php","meta":[],"_links":{"self":[{"href":"https:\/\/blogs.sld.cu\/dermatitis\/wp-json\/wp\/v2\/pages\/15"}],"collection":[{"href":"https:\/\/blogs.sld.cu\/dermatitis\/wp-json\/wp\/v2\/pages"}],"about":[{"href":"https:\/\/blogs.sld.cu\/dermatitis\/wp-json\/wp\/v2\/types\/page"}],"author":[{"embeddable":true,"href":"https:\/\/blogs.sld.cu\/dermatitis\/wp-json\/wp\/v2\/users\/208"}],"replies":[{"embeddable":true,"href":"https:\/\/blogs.sld.cu\/dermatitis\/wp-json\/wp\/v2\/comments?post=15"}],"version-history":[{"count":14,"href":"https:\/\/blogs.sld.cu\/dermatitis\/wp-json\/wp\/v2\/pages\/15\/revisions"}],"predecessor-version":[{"id":232,"href":"https:\/\/blogs.sld.cu\/dermatitis\/wp-json\/wp\/v2\/pages\/15\/revisions\/232"}],"wp:attachment":[{"href":"https:\/\/blogs.sld.cu\/dermatitis\/wp-json\/wp\/v2\/media?parent=15"}],"curies":[{"name":"wp","href":"https:\/\/api.w.org\/{rel}","templated":true}]}}