{"id":17,"date":"2020-03-28T14:43:15","date_gmt":"2020-03-28T14:43:15","guid":{"rendered":"http:\/\/blogs.sld.cu\/dermatitis\/?page_id=17"},"modified":"2020-05-17T16:37:44","modified_gmt":"2020-05-17T16:37:44","slug":"prevencion","status":"publish","type":"page","link":"https:\/\/blogs.sld.cu\/dermatitis\/prevencion\/","title":{"rendered":"Prevenci\u00f3n"},"content":{"rendered":"<p><span style=\"font-size: 12pt\">En Cuba, el calor y fundamentalmente la alta humedad de la atm\u00f3sfera, traen como consecuencia sudoraci\u00f3n profusa, lo que favorece en alto grado la irritaci\u00f3n y sensibilizaci\u00f3n de la piel.<\/span><\/p>\n<p><span style=\"font-size: 12pt\">Por ello debemos tener en cuenta una serie de aspectos que facilitan la prevenci\u00f3n de las dermatitis:<\/span><\/p>\n<p><span style=\"font-size: 12pt\">Limpiar la piel diariamente.<\/span><\/p>\n<p><span style=\"font-size: 12pt\">Secar la piel con cuidado. Utilizar una toalla sin frotar.<\/span><\/p>\n<p><span style=\"font-size: 12pt\">Aplicar una crema hidratante adecuada.<\/span><\/p>\n<p><span style=\"font-size: 12pt\">Usar una protecci\u00f3n solar indicada para pieles sensibles.<\/span><\/p>\n<p><span style=\"font-size: 12pt\">Evitar contacto con sustancias irritantes.<\/span><\/p>\n<p><span style=\"font-size: 12pt\">No automedicarse ante una lesi\u00f3n de piel, lo adecuado es visitar a su medico.<\/span><\/p>\n<p><span style=\"font-size: 12pt\">Evitar temperaturas extremas: el fr\u00edo y la sudoraci\u00f3n empeoran el eczema y,\u00a0 por tanto, aumenta el rascado y el riesgo de infecci\u00f3n.<\/span><\/p>\n<p><span style=\"font-size: 12pt\">El mar y el sol, con protecci\u00f3n, tienen un efecto antiinflamatorio beneficioso, pero se debe evitar la sobreexposici\u00f3n por el da\u00f1o que produce en la piel que va desde manchas, irritaci\u00f3n,sequedad de la piel, hasta las queratosis y c\u00e1ncer cut\u00e1neo.<\/span><\/p>\n<p><span style=\"font-size: 12pt\">Para nuestro clima es preferible usar ropas de algod\u00f3n.<\/span><\/p>\n","protected":false},"excerpt":{"rendered":"<p>En Cuba, el calor y fundamentalmente la alta humedad de la atm\u00f3sfera, traen como consecuencia sudoraci\u00f3n profusa, lo que favorece en alto grado la irritaci\u00f3n y sensibilizaci\u00f3n de la piel. Por ello debemos tener en cuenta una serie de aspectos que facilitan la prevenci\u00f3n de las dermatitis: Limpiar la piel diariamente. Secar la piel con [&hellip;]<\/p>\n","protected":false},"author":208,"featured_media":0,"parent":0,"menu_order":0,"comment_status":"closed","ping_status":"closed","template":"","meta":[],"_links":{"self":[{"href":"https:\/\/blogs.sld.cu\/dermatitis\/wp-json\/wp\/v2\/pages\/17"}],"collection":[{"href":"https:\/\/blogs.sld.cu\/dermatitis\/wp-json\/wp\/v2\/pages"}],"about":[{"href":"https:\/\/blogs.sld.cu\/dermatitis\/wp-json\/wp\/v2\/types\/page"}],"author":[{"embeddable":true,"href":"https:\/\/blogs.sld.cu\/dermatitis\/wp-json\/wp\/v2\/users\/208"}],"replies":[{"embeddable":true,"href":"https:\/\/blogs.sld.cu\/dermatitis\/wp-json\/wp\/v2\/comments?post=17"}],"version-history":[{"count":7,"href":"https:\/\/blogs.sld.cu\/dermatitis\/wp-json\/wp\/v2\/pages\/17\/revisions"}],"predecessor-version":[{"id":230,"href":"https:\/\/blogs.sld.cu\/dermatitis\/wp-json\/wp\/v2\/pages\/17\/revisions\/230"}],"wp:attachment":[{"href":"https:\/\/blogs.sld.cu\/dermatitis\/wp-json\/wp\/v2\/media?parent=17"}],"curies":[{"name":"wp","href":"https:\/\/api.w.org\/{rel}","templated":true}]}}