{"id":21,"date":"2020-03-28T14:47:05","date_gmt":"2020-03-28T14:47:05","guid":{"rendered":"http:\/\/blogs.sld.cu\/dermatitis\/?page_id=21"},"modified":"2020-12-26T00:23:51","modified_gmt":"2020-12-26T00:23:51","slug":"glosario","status":"publish","type":"page","link":"https:\/\/blogs.sld.cu\/dermatitis\/glosario\/","title":{"rendered":"Glosario"},"content":{"rendered":"<h3>T\u00e9rminos m\u00e9dicos relacionados con la dermatitis y la medicina en general<\/h3>\n<p><span style=\"font-size: 12pt\"><strong>Exudaci\u00f3n<\/strong>: Pus o suero. El exudado puede contener o no material fibroso o coagulado.<\/span><\/p>\n<p><span style=\"font-size: 12pt\"><strong>Eritema:<\/strong>\u00a0Enrojecimiento o inflamaci\u00f3n de piel o mucosas, que se produce como consecuencia de la dilataci\u00f3n y congesti\u00f3n de los capilares superficiales.<\/span><\/p>\n<p><span style=\"font-size: 12pt\"><strong>Hiperqueratosis:<\/strong>\u00a0Sobrecrecimiento de la capa c\u00f3rnea de la piel.<\/span><\/p>\n<p><span style=\"font-size: 12pt\"><strong>Liquenificaci\u00f3n:<\/strong>\u00a0Engrosamiento y endurecimiento de la piel, con frecuencia como resultado de la irritaci\u00f3n producida por el rascado repetido de una lesi\u00f3n pruriginosa.<\/span><\/p>\n<p><span style=\"font-size: 12pt\"><strong>Dermatitis fotodin\u00e1micas:<\/strong>\u00a0Son dermatitis que son activadas por la acci\u00f3n de la luz.<\/span><\/p>\n<p><span style=\"font-size: 12pt\"><strong>Numular:<\/strong>\u00a0En forma de moneda<\/span><\/p>\n<p><span style=\"font-size: 12pt\"><strong>Estafilococos:<\/strong>\u00a0Microorganismo del g\u00e9nero <em>staphyloccu<\/em><\/span><\/p>\n<p><span style=\"font-size: 12pt\"><strong>At\u00f3pica:<\/strong>\u00a0Forma de alergia que aflige a personas con una predisposici\u00f3n gen\u00e9tica a la hipersensibilidad a ciertos alergenos. Son ejemplos el asma y la alergia a alimentos.<\/span><\/p>\n<p><span style=\"font-size: 12pt\"><strong>IgE:<\/strong>\u00a0Prote\u00edna plasm\u00e1tica que comprende menos del 1 % del total de las inmunoglobulinas s\u00e9ricas. En el hombre es responsable de la hipersensibilidad anafil\u00e1ctica, y juega un papel beneficioso en las infecciones parasitarias.<\/span><\/p>\n<p><span style=\"font-size: 12pt\"><strong>Dermatofitos:<\/strong>\u00a0Variantes de hongos muy frecuentes en el medio.<\/span><\/p>\n<p><span style=\"font-size: 12pt\"><strong>Hiperhidrosis:<\/strong>\u00a0Sudoraci\u00f3n profusa. A veces va seguida de erupci\u00f3n cut\u00e1nea.<\/span><\/p>\n<p><span style=\"font-size: 12pt\"><strong>Edema:<\/strong>\u00a0Inflamaci\u00f3n, hinchaz\u00f3n.<\/span><\/p>\n<p><span style=\"font-size: 12pt\"><strong>Vit\u00edligo:<\/strong>\u00a0Enfermedad cut\u00e1nea adquirida y benigna de causa desconocida, caracterizada por la presencia de placas irregulares de diversos tama\u00f1os que carecen por completo de pigmento y que con frecuencia presentan m\u00e1rgenes hiperpigmentados. Las \u00e1reas de piel expuesta son las zonas afectadas con mayor frecuencia.<\/span><\/p>\n<p><span style=\"font-size: 12pt\"><strong>Discrasias hem\u00e1ticas:<\/strong>\u00a0En medicina antigua, alteraci\u00f3n en la composici\u00f3n de los humores, especialmente de la sangre. [griego, antiguo]<\/span><\/p>\n<p><span style=\"font-size: 12pt\"><strong>Hepatopat\u00edas:<\/strong>\u00a0Enfermedades referentes al h\u00edgado.<\/span><\/p>\n<p><span style=\"font-size: 12pt\"><strong>Linfomas:<\/strong>\u00a0Grupo de s\u00edndromes linfoproliferativos tumorales, con transformaci\u00f3n neopl\u00e1sica de estas c\u00e9lulas. Son muy sensibles a la quimio y radioterapia.<\/span><\/p>\n<p><span style=\"font-size: 12pt\"><strong>Antiprur\u00edticos:<\/strong>\u00a0Que calman la picaz\u00f3n o picor.<\/span><\/p>\n<p><span style=\"font-size: 12pt\"><strong>Queratol\u00edticos:<\/strong>\u00a0Productos o sustancias que destruyen la capa m\u00e1s externa de la piel, o sea la capa c\u00f3rnea.<\/span><\/p>\n","protected":false},"excerpt":{"rendered":"<p>T\u00e9rminos m\u00e9dicos relacionados con la dermatitis y la medicina en general Exudaci\u00f3n: Pus o suero. El exudado puede contener o no material fibroso o coagulado. Eritema:\u00a0Enrojecimiento o inflamaci\u00f3n de piel o mucosas, que se produce como consecuencia de la dilataci\u00f3n y congesti\u00f3n de los capilares superficiales. Hiperqueratosis:\u00a0Sobrecrecimiento de la capa c\u00f3rnea de la piel. Liquenificaci\u00f3n:\u00a0Engrosamiento [&hellip;]<\/p>\n","protected":false},"author":208,"featured_media":0,"parent":0,"menu_order":0,"comment_status":"closed","ping_status":"closed","template":"","meta":[],"_links":{"self":[{"href":"https:\/\/blogs.sld.cu\/dermatitis\/wp-json\/wp\/v2\/pages\/21"}],"collection":[{"href":"https:\/\/blogs.sld.cu\/dermatitis\/wp-json\/wp\/v2\/pages"}],"about":[{"href":"https:\/\/blogs.sld.cu\/dermatitis\/wp-json\/wp\/v2\/types\/page"}],"author":[{"embeddable":true,"href":"https:\/\/blogs.sld.cu\/dermatitis\/wp-json\/wp\/v2\/users\/208"}],"replies":[{"embeddable":true,"href":"https:\/\/blogs.sld.cu\/dermatitis\/wp-json\/wp\/v2\/comments?post=21"}],"version-history":[{"count":7,"href":"https:\/\/blogs.sld.cu\/dermatitis\/wp-json\/wp\/v2\/pages\/21\/revisions"}],"predecessor-version":[{"id":277,"href":"https:\/\/blogs.sld.cu\/dermatitis\/wp-json\/wp\/v2\/pages\/21\/revisions\/277"}],"wp:attachment":[{"href":"https:\/\/blogs.sld.cu\/dermatitis\/wp-json\/wp\/v2\/media?parent=21"}],"curies":[{"name":"wp","href":"https:\/\/api.w.org\/{rel}","templated":true}]}}