{"id":244,"date":"2020-07-24T06:01:46","date_gmt":"2020-07-24T06:01:46","guid":{"rendered":"http:\/\/blogs.sld.cu\/dermatitis\/?page_id=244"},"modified":"2021-05-21T23:50:59","modified_gmt":"2021-05-21T23:50:59","slug":"ile-damos-la-bienvenida","status":"publish","type":"page","link":"https:\/\/blogs.sld.cu\/dermatitis\/","title":{"rendered":"\u00ecLe damos la bienvenida!"},"content":{"rendered":"<div id='1' class='widgets_on_page wop_tiny1  wop_small1  wop_medium1  wop_large1  wop_wide1'>\n\t\t\t<ul><li id=\"meteor-slides-widget-2\" class=\"widget widget_meteor-slides-widget\">\t\r\n\t\t\r\n\t<div id=\"meteor-slideshowpro\" class=\"meteor-slides pro navpaged { next: '#meteor-nextpro', prev: '#meteor-prevpro', pager: '#meteor-buttonspro' }\">\r\n\t\r\n\t\t\t\r\n\t\t\t\r\n\t\t\t<div id=\"meteor-buttonspro\" class=\"meteor-buttons\"><\/div>\r\n\t\t\t\r\n\t\t\t\t\r\n\t\t\t\r\n\t\t<div class=\"meteor-clip\">\r\n\t\r\n\t\t\t\t\r\n\t\t\t<img style=\"visibility: hidden;\" class=\"meteor-shim\" src=\"https:\/\/blogs.sld.cu\/dermatitis\/files\/2020\/07\/images-530x200.jpg\" alt=\"\" \/>\r\n\t\t\t<div class=\"mslide mslide-1\">\r\n\t\t\t\t\r\n\t\t\t\t\t\t\t\t\t\r\n\t\t\t\t\t<img width=\"530\" height=\"200\" src=\"https:\/\/blogs.sld.cu\/dermatitis\/files\/2020\/07\/images-530x200.jpg\" class=\"attachment-featured-slide size-featured-slide wp-post-image\" alt=\"\" loading=\"lazy\" title=\"\" \/>\t\t\t\t\t\r\n\t\t\t\t\t\t\t\r\n\t\t\t<\/div><!-- .mslide -->\r\n\t\t\t\r\n\t\t\t\t\t\t\r\n\t\t\t\t\r\n\t\t\t\r\n\t\t\t<div class=\"mslide mslide-2\">\r\n\t\t\t\t\r\n\t\t\t\t\t\t\t\t\t\r\n\t\t\t\t\t<img width=\"530\" height=\"200\" src=\"https:\/\/blogs.sld.cu\/dermatitis\/files\/2020\/07\/dermatitisertt-530x200.jpg\" class=\"attachment-featured-slide size-featured-slide wp-post-image\" alt=\"\" loading=\"lazy\" title=\"\" \/>\t\t\t\t\t\r\n\t\t\t\t\t\t\t\r\n\t\t\t<\/div><!-- .mslide -->\r\n\t\t\t\r\n\t\t\t\t\t\t\r\n\t\t\t\t\r\n\t\t\t\r\n\t\t\t<div class=\"mslide mslide-3\">\r\n\t\t\t\t\r\n\t\t\t\t\t\t\t\t\t\r\n\t\t\t\t\t<img width=\"530\" height=\"200\" src=\"https:\/\/blogs.sld.cu\/dermatitis\/files\/2020\/07\/dermatitisato-530x200.jpg\" class=\"attachment-featured-slide size-featured-slide wp-post-image\" alt=\"\" loading=\"lazy\" title=\"\" \/>\t\t\t\t\t\r\n\t\t\t\t\t\t\t\r\n\t\t\t<\/div><!-- .mslide -->\r\n\t\t\t\r\n\t\t\t\t\t\t\r\n\t\t\t\t\r\n\t\t<\/div><!-- .meteor-clip -->\r\n\t\t\t\t\r\n\t\t\t\t\t\r\n\t<\/div><!-- .meteor-slides -->\r\n\t\r\n\t<\/li><\/ul><\/div><!-- widgets_on_page -->\n<p><span style=\"font-size: 12pt\">Al sitio <strong>Dermatitis<\/strong> del <strong>Portal de Enfermedades<\/strong> de Infomed.<\/span><\/p>\n<p><span style=\"font-size: 12pt\">En nuestro sitio, encontrar\u00e1 informaci\u00f3n de todo lo relativo a la <strong>dermatitis<\/strong> y sus diferentes tipos, c\u00f3mo tratarla, causas, prevenci\u00f3n \u00a0 y diferentes aspectos que\u00a0le interesar\u00e1n para recuperarse o ayudar a un familiar o amigo.<\/span><\/p>\n<p><span style=\"font-size: 12pt\">La <strong>dermatitis<\/strong> es una de las enfermedades m\u00e1s frecuentes de la piel, que es el \u00f3rgano de mayor extensi\u00f3n en nuestro cuerpo.<\/span> Es adem\u00e1s, reflejo de multiples enfermedades que se manifiestan en este \u00f3rgano. <\/p>\n<p><span style=\"font-size: 12pt\">Esperamos que nuestras p\u00e1ginas\u00a0le ayuden y\u00a0 aprenda a conocer diferentes aspectos de la dermatitis y como resolverla.\u00a0<\/span><\/p>\n","protected":false},"excerpt":{"rendered":"<p>Al sitio Dermatitis del Portal de Enfermedades de Infomed. En nuestro sitio, encontrar\u00e1 informaci\u00f3n de todo lo relativo a la dermatitis y sus diferentes tipos, c\u00f3mo tratarla, causas, prevenci\u00f3n \u00a0 y diferentes aspectos que\u00a0le interesar\u00e1n para recuperarse o ayudar a un familiar o amigo. La dermatitis es una de las enfermedades m\u00e1s frecuentes de la [&hellip;]<\/p>\n","protected":false},"author":208,"featured_media":0,"parent":0,"menu_order":0,"comment_status":"closed","ping_status":"closed","template":"","meta":[],"_links":{"self":[{"href":"https:\/\/blogs.sld.cu\/dermatitis\/wp-json\/wp\/v2\/pages\/244"}],"collection":[{"href":"https:\/\/blogs.sld.cu\/dermatitis\/wp-json\/wp\/v2\/pages"}],"about":[{"href":"https:\/\/blogs.sld.cu\/dermatitis\/wp-json\/wp\/v2\/types\/page"}],"author":[{"embeddable":true,"href":"https:\/\/blogs.sld.cu\/dermatitis\/wp-json\/wp\/v2\/users\/208"}],"replies":[{"embeddable":true,"href":"https:\/\/blogs.sld.cu\/dermatitis\/wp-json\/wp\/v2\/comments?post=244"}],"version-history":[{"count":6,"href":"https:\/\/blogs.sld.cu\/dermatitis\/wp-json\/wp\/v2\/pages\/244\/revisions"}],"predecessor-version":[{"id":282,"href":"https:\/\/blogs.sld.cu\/dermatitis\/wp-json\/wp\/v2\/pages\/244\/revisions\/282"}],"wp:attachment":[{"href":"https:\/\/blogs.sld.cu\/dermatitis\/wp-json\/wp\/v2\/media?parent=244"}],"curies":[{"name":"wp","href":"https:\/\/api.w.org\/{rel}","templated":true}]}}