{"id":52,"date":"2020-04-17T00:08:14","date_gmt":"2020-04-17T00:08:14","guid":{"rendered":"http:\/\/blogs.sld.cu\/dermatitis\/?page_id=52"},"modified":"2020-12-26T00:15:32","modified_gmt":"2020-12-26T00:15:32","slug":"propiedades","status":"publish","type":"page","link":"https:\/\/blogs.sld.cu\/dermatitis\/propiedades\/","title":{"rendered":"Dermatitis at\u00f3pica"},"content":{"rendered":"<p style=\"background: white;margin: 7.5pt 0cm 7.5pt 0cm\"><span style=\"font-family: 'Helvetica', 'sans-serif';color: #707070;font-size: 12pt\">Una alteraci\u00f3n del sistema inmunol\u00f3gico,\u00a0conduce a una respuesta hiperreactiva de la piel a un gran n\u00famero de est\u00edmulos ambientales, tanto al\u00e9rgicos como irritativos.<\/span><\/p>\n<p style=\"background: white;margin: 7.5pt 0cm 7.5pt 0cm\"><span style=\"font-family: 'Helvetica', 'sans-serif';color: #707070;font-size: 12pt\">Hay tendencia a la superproducci\u00f3n de IgE.<\/span><\/p>\n<p style=\"background: white;margin: 7.5pt 0cm 7.5pt 0cm\"><span style=\"font-family: 'Helvetica', 'sans-serif';color: #707070;font-size: 12pt\">Son muy susceptibles a infecciones bacterianas\u00a0estafiloc\u00f3cicas, virales, por dermatofitos y la escabiosis. Tener en cuenta los antecedentes familiares y personales de atopia.<\/span><\/p>\n<p><span style=\"font-size: 12pt\"><a href=\"http:\/\/blogs.sld.cu\/dermatitis\/files\/2020\/04\/dermatitis-at\u00f3pica.jpg\"><img loading=\"lazy\" class=\"alignnone size-full wp-image-111\" src=\"http:\/\/blogs.sld.cu\/dermatitis\/files\/2020\/04\/dermatitis-at\u00f3pica.jpg\" alt=\"dermatitis at\u00f3pica\" width=\"276\" height=\"183\" \/><\/a><\/span><\/p>\n<p><span style=\"font-size: 12pt\">Dermatitis at\u00f3pica<\/span><\/p>\n","protected":false},"excerpt":{"rendered":"<p>Una alteraci\u00f3n del sistema inmunol\u00f3gico,\u00a0conduce a una respuesta hiperreactiva de la piel a un gran n\u00famero de est\u00edmulos ambientales, tanto al\u00e9rgicos como irritativos. Hay tendencia a la superproducci\u00f3n de IgE. Son muy susceptibles a infecciones bacterianas\u00a0estafiloc\u00f3cicas, virales, por dermatofitos y la escabiosis. Tener en cuenta los antecedentes familiares y personales de atopia. Dermatitis at\u00f3pica<\/p>\n","protected":false},"author":212,"featured_media":0,"parent":0,"menu_order":0,"comment_status":"closed","ping_status":"closed","template":"sidebar-content.php","meta":[],"_links":{"self":[{"href":"https:\/\/blogs.sld.cu\/dermatitis\/wp-json\/wp\/v2\/pages\/52"}],"collection":[{"href":"https:\/\/blogs.sld.cu\/dermatitis\/wp-json\/wp\/v2\/pages"}],"about":[{"href":"https:\/\/blogs.sld.cu\/dermatitis\/wp-json\/wp\/v2\/types\/page"}],"author":[{"embeddable":true,"href":"https:\/\/blogs.sld.cu\/dermatitis\/wp-json\/wp\/v2\/users\/212"}],"replies":[{"embeddable":true,"href":"https:\/\/blogs.sld.cu\/dermatitis\/wp-json\/wp\/v2\/comments?post=52"}],"version-history":[{"count":11,"href":"https:\/\/blogs.sld.cu\/dermatitis\/wp-json\/wp\/v2\/pages\/52\/revisions"}],"predecessor-version":[{"id":271,"href":"https:\/\/blogs.sld.cu\/dermatitis\/wp-json\/wp\/v2\/pages\/52\/revisions\/271"}],"wp:attachment":[{"href":"https:\/\/blogs.sld.cu\/dermatitis\/wp-json\/wp\/v2\/media?parent=52"}],"curies":[{"name":"wp","href":"https:\/\/api.w.org\/{rel}","templated":true}]}}