{"id":77,"date":"2020-04-18T04:15:40","date_gmt":"2020-04-18T04:15:40","guid":{"rendered":"http:\/\/blogs.sld.cu\/dermatitis\/?page_id=77"},"modified":"2021-06-16T00:58:19","modified_gmt":"2021-06-16T00:58:19","slug":"dermatitis-por-contacto","status":"publish","type":"page","link":"https:\/\/blogs.sld.cu\/dermatitis\/dermatitis-por-contacto\/","title":{"rendered":"Dermatitis por contacto"},"content":{"rendered":"<p><span style=\"font-size: 12pt\">Es debida a una agresi\u00f3n ex\u00f3gena a la piel.<\/span><\/p>\n<p><span style=\"font-size: 12pt\">Es la dermatitis m\u00e1s frecuente, y uno de los problemas dermatol\u00f3gicos m\u00e1s agobiantes en Dermatolog\u00eda a nivel mundial y por ende motivo de consultas medicas.<\/span>Las dermatitis  se tratan segun el estado de la piel: sobreagudo, agudo, subagudo, o cronico.<\/p>\n<p><span style=\"font-size: 12pt\">Pueden ser dermatitis de contacto por irritaci\u00f3n, de contacto al\u00e9rgica, y las dermatitis fotodin\u00e1micas (fotot\u00f3xicas y fotoal\u00e9rgicas)<\/span><\/p>\n<p><span style=\"font-size: 12pt\"><a href=\"http:\/\/blogs.sld.cu\/dermatitis\/files\/2020\/04\/dermatitis-por-contacto.jpg\"><img loading=\"lazy\" class=\"alignnone size-medium wp-image-129\" src=\"http:\/\/blogs.sld.cu\/dermatitis\/files\/2020\/04\/dermatitis-por-contacto-300x206.jpg\" alt=\"dermatitis por contacto\" width=\"300\" height=\"206\" srcset=\"https:\/\/blogs.sld.cu\/dermatitis\/files\/2020\/04\/dermatitis-por-contacto-300x206.jpg 300w, https:\/\/blogs.sld.cu\/dermatitis\/files\/2020\/04\/dermatitis-por-contacto.jpg 351w\" sizes=\"(max-width: 300px) 100vw, 300px\" \/><\/a><\/span><\/p>\n","protected":false},"excerpt":{"rendered":"<p>Es debida a una agresi\u00f3n ex\u00f3gena a la piel. Es la dermatitis m\u00e1s frecuente, y uno de los problemas dermatol\u00f3gicos m\u00e1s agobiantes en Dermatolog\u00eda a nivel mundial y por ende motivo de consultas medicas.Las dermatitis se tratan segun el estado de la piel: sobreagudo, agudo, subagudo, o cronico. Pueden ser dermatitis de contacto por irritaci\u00f3n, [&hellip;]<\/p>\n","protected":false},"author":208,"featured_media":0,"parent":0,"menu_order":0,"comment_status":"closed","ping_status":"closed","template":"sidebar-content.php","meta":[],"_links":{"self":[{"href":"https:\/\/blogs.sld.cu\/dermatitis\/wp-json\/wp\/v2\/pages\/77"}],"collection":[{"href":"https:\/\/blogs.sld.cu\/dermatitis\/wp-json\/wp\/v2\/pages"}],"about":[{"href":"https:\/\/blogs.sld.cu\/dermatitis\/wp-json\/wp\/v2\/types\/page"}],"author":[{"embeddable":true,"href":"https:\/\/blogs.sld.cu\/dermatitis\/wp-json\/wp\/v2\/users\/208"}],"replies":[{"embeddable":true,"href":"https:\/\/blogs.sld.cu\/dermatitis\/wp-json\/wp\/v2\/comments?post=77"}],"version-history":[{"count":8,"href":"https:\/\/blogs.sld.cu\/dermatitis\/wp-json\/wp\/v2\/pages\/77\/revisions"}],"predecessor-version":[{"id":279,"href":"https:\/\/blogs.sld.cu\/dermatitis\/wp-json\/wp\/v2\/pages\/77\/revisions\/279"}],"wp:attachment":[{"href":"https:\/\/blogs.sld.cu\/dermatitis\/wp-json\/wp\/v2\/media?parent=77"}],"curies":[{"name":"wp","href":"https:\/\/api.w.org\/{rel}","templated":true}]}}