{"id":79,"date":"2020-04-18T04:18:28","date_gmt":"2020-04-18T04:18:28","guid":{"rendered":"http:\/\/blogs.sld.cu\/dermatitis\/?page_id=79"},"modified":"2020-12-26T00:16:58","modified_gmt":"2020-12-26T00:16:58","slug":"dermatitis-numular","status":"publish","type":"page","link":"https:\/\/blogs.sld.cu\/dermatitis\/dermatitis-numular\/","title":{"rendered":"Dermatitis numular"},"content":{"rendered":"<p style=\"background: white;margin: 7.5pt 0cm 7.5pt 0cm\"><span style=\"font-family: 'Helvetica', 'sans-serif';color: #707070;font-size: 12pt\">Su origen se\u00a0atribuye\u00a0 a la p\u00e9rdida temporal de la resistencia de la piel a la flora ordinaria bacteriana, en especial a los estafilococos.<\/span><\/p>\n<p style=\"background: white;margin: 7.5pt 0cm 7.5pt 0cm\"><span style=\"font-family: 'Helvetica', 'sans-serif';color: #707070;font-size: 12pt\">Se presenta como placas de eritemas bien delimitados, sembrados de ves\u00edculas o ves\u00edculo-p\u00fastulas en cabeza de alfiler.<\/span><\/p>\n<p><span style=\"font-size: 12pt\"><a href=\"http:\/\/blogs.sld.cu\/dermatitis\/files\/2020\/04\/Dermatitis-numular.jpg\"><img loading=\"lazy\" class=\"alignnone size-full wp-image-123\" src=\"http:\/\/blogs.sld.cu\/dermatitis\/files\/2020\/04\/Dermatitis-numular.jpg\" alt=\"Dermatitis numular\" width=\"259\" height=\"194\" \/><\/a><\/span><\/p>\n<p><span style=\"font-size: 12pt\">Dermatitis numular<\/span><\/p>\n","protected":false},"excerpt":{"rendered":"<p>Su origen se\u00a0atribuye\u00a0 a la p\u00e9rdida temporal de la resistencia de la piel a la flora ordinaria bacteriana, en especial a los estafilococos. Se presenta como placas de eritemas bien delimitados, sembrados de ves\u00edculas o ves\u00edculo-p\u00fastulas en cabeza de alfiler. Dermatitis numular<\/p>\n","protected":false},"author":208,"featured_media":0,"parent":0,"menu_order":0,"comment_status":"closed","ping_status":"closed","template":"sidebar-content.php","meta":[],"_links":{"self":[{"href":"https:\/\/blogs.sld.cu\/dermatitis\/wp-json\/wp\/v2\/pages\/79"}],"collection":[{"href":"https:\/\/blogs.sld.cu\/dermatitis\/wp-json\/wp\/v2\/pages"}],"about":[{"href":"https:\/\/blogs.sld.cu\/dermatitis\/wp-json\/wp\/v2\/types\/page"}],"author":[{"embeddable":true,"href":"https:\/\/blogs.sld.cu\/dermatitis\/wp-json\/wp\/v2\/users\/208"}],"replies":[{"embeddable":true,"href":"https:\/\/blogs.sld.cu\/dermatitis\/wp-json\/wp\/v2\/comments?post=79"}],"version-history":[{"count":6,"href":"https:\/\/blogs.sld.cu\/dermatitis\/wp-json\/wp\/v2\/pages\/79\/revisions"}],"predecessor-version":[{"id":272,"href":"https:\/\/blogs.sld.cu\/dermatitis\/wp-json\/wp\/v2\/pages\/79\/revisions\/272"}],"wp:attachment":[{"href":"https:\/\/blogs.sld.cu\/dermatitis\/wp-json\/wp\/v2\/media?parent=79"}],"curies":[{"name":"wp","href":"https:\/\/api.w.org\/{rel}","templated":true}]}}