{"id":82,"date":"2020-04-18T04:22:50","date_gmt":"2020-04-18T04:22:50","guid":{"rendered":"http:\/\/blogs.sld.cu\/dermatitis\/?page_id=82"},"modified":"2020-12-22T06:44:08","modified_gmt":"2020-12-22T06:44:08","slug":"dermatitis-seborreica","status":"publish","type":"page","link":"https:\/\/blogs.sld.cu\/dermatitis\/dermatitis-seborreica\/","title":{"rendered":"Dermatitis seborreica"},"content":{"rendered":"<p><span style=\"font-size: 12pt\">En este grupo est\u00e1 incluida la Enfermedad de Leinier. Constituyen\u00a0 dermatosis subaguda o cr\u00f3nicas, poco pruriginosa, con lesiones cut\u00e1neas eritemato-escamosas.<\/span><\/p>\n<p><span style=\"font-size: 12pt\">Casi siempre comienza por el cuero cabelludo, y se puede extender a cuello, orejas y o\u00eddos. Tambi\u00e9n a otros lugares con abundancia de gl\u00e1ndulas seb\u00e1ceas como regi\u00f3n esternal, interescapular, inguinoescrotal, axilar y umbilical.<\/span><\/p>\n<p><span style=\"font-size: 12pt\">Se asocia con personas de piel grasa.<\/span><\/p>\n<p><span style=\"font-size: 12pt\"><a href=\"http:\/\/blogs.sld.cu\/dermatitis\/files\/2020\/04\/dermatitis-seborreica.jpg\"><img loading=\"lazy\" class=\"alignnone size-medium wp-image-146\" src=\"http:\/\/blogs.sld.cu\/dermatitis\/files\/2020\/04\/dermatitis-seborreica-300x146.jpg\" alt=\"dermatitis seborreica\" width=\"300\" height=\"146\" srcset=\"https:\/\/blogs.sld.cu\/dermatitis\/files\/2020\/04\/dermatitis-seborreica-300x146.jpg 300w, https:\/\/blogs.sld.cu\/dermatitis\/files\/2020\/04\/dermatitis-seborreica.jpg 313w\" sizes=\"(max-width: 300px) 100vw, 300px\" \/><\/a><\/span><\/p>\n<p><span style=\"font-size: 12pt\">Dermatitis seborreica<\/span><\/p>\n","protected":false},"excerpt":{"rendered":"<p>En este grupo est\u00e1 incluida la Enfermedad de Leinier. Constituyen\u00a0 dermatosis subaguda o cr\u00f3nicas, poco pruriginosa, con lesiones cut\u00e1neas eritemato-escamosas. Casi siempre comienza por el cuero cabelludo, y se puede extender a cuello, orejas y o\u00eddos. Tambi\u00e9n a otros lugares con abundancia de gl\u00e1ndulas seb\u00e1ceas como regi\u00f3n esternal, interescapular, inguinoescrotal, axilar y umbilical. Se asocia [&hellip;]<\/p>\n","protected":false},"author":208,"featured_media":0,"parent":0,"menu_order":0,"comment_status":"closed","ping_status":"closed","template":"sidebar-content.php","meta":[],"_links":{"self":[{"href":"https:\/\/blogs.sld.cu\/dermatitis\/wp-json\/wp\/v2\/pages\/82"}],"collection":[{"href":"https:\/\/blogs.sld.cu\/dermatitis\/wp-json\/wp\/v2\/pages"}],"about":[{"href":"https:\/\/blogs.sld.cu\/dermatitis\/wp-json\/wp\/v2\/types\/page"}],"author":[{"embeddable":true,"href":"https:\/\/blogs.sld.cu\/dermatitis\/wp-json\/wp\/v2\/users\/208"}],"replies":[{"embeddable":true,"href":"https:\/\/blogs.sld.cu\/dermatitis\/wp-json\/wp\/v2\/comments?post=82"}],"version-history":[{"count":4,"href":"https:\/\/blogs.sld.cu\/dermatitis\/wp-json\/wp\/v2\/pages\/82\/revisions"}],"predecessor-version":[{"id":226,"href":"https:\/\/blogs.sld.cu\/dermatitis\/wp-json\/wp\/v2\/pages\/82\/revisions\/226"}],"wp:attachment":[{"href":"https:\/\/blogs.sld.cu\/dermatitis\/wp-json\/wp\/v2\/media?parent=82"}],"curies":[{"name":"wp","href":"https:\/\/api.w.org\/{rel}","templated":true}]}}