{"id":85,"date":"2020-04-18T04:24:49","date_gmt":"2020-04-18T04:24:49","guid":{"rendered":"http:\/\/blogs.sld.cu\/dermatitis\/?page_id=85"},"modified":"2020-12-26T00:17:35","modified_gmt":"2020-12-26T00:17:35","slug":"dermatitis-por-estasis","status":"publish","type":"page","link":"https:\/\/blogs.sld.cu\/dermatitis\/dermatitis-por-estasis\/","title":{"rendered":"Dermatitis por estasis"},"content":{"rendered":"<p style=\"background: white;margin: 7.5pt 0cm 7.5pt 0cm\"><span style=\"font-family: 'Helvetica', 'sans-serif';color: #707070;font-size: 12pt\">Este tipo de dermatitis\u00a0aparece en individuos con insuficiencia venosa cr\u00f3nica de miembros inferiores;\u00a0venas varicosas.<\/span><\/p>\n<p style=\"background: white;margin: 7.5pt 0cm 7.5pt 0cm\"><span style=\"font-family: 'Helvetica', 'sans-serif';color: #707070;font-size: 12pt\">Comienzan por la regi\u00f3n maleolar generalmente y pueden extenderse hacia regi\u00f3n media de la pierna y dorso de pie. La piel afectada tiene un color ocre caracter\u00edstico. Puede dar lugar a \u00falceras venosas y al endurecimiento y cambios de coloraci\u00f3n de la piel.<\/span><\/p>\n<p><span style=\"font-size: 12pt\"><a href=\"http:\/\/blogs.sld.cu\/dermatitis\/files\/2020\/04\/dermatis-por-estasis.jpg\"><img loading=\"lazy\" class=\"alignnone size-medium wp-image-136\" src=\"http:\/\/blogs.sld.cu\/dermatitis\/files\/2020\/04\/dermatis-por-estasis-300x159.jpg\" alt=\"dermatis por estasis\" width=\"300\" height=\"159\" srcset=\"https:\/\/blogs.sld.cu\/dermatitis\/files\/2020\/04\/dermatis-por-estasis-300x159.jpg 300w, https:\/\/blogs.sld.cu\/dermatitis\/files\/2020\/04\/dermatis-por-estasis.jpg 520w\" sizes=\"(max-width: 300px) 100vw, 300px\" \/><\/a><\/span><\/p>\n","protected":false},"excerpt":{"rendered":"<p>Este tipo de dermatitis\u00a0aparece en individuos con insuficiencia venosa cr\u00f3nica de miembros inferiores;\u00a0venas varicosas. Comienzan por la regi\u00f3n maleolar generalmente y pueden extenderse hacia regi\u00f3n media de la pierna y dorso de pie. La piel afectada tiene un color ocre caracter\u00edstico. Puede dar lugar a \u00falceras venosas y al endurecimiento y cambios de coloraci\u00f3n de [&hellip;]<\/p>\n","protected":false},"author":208,"featured_media":0,"parent":0,"menu_order":0,"comment_status":"closed","ping_status":"closed","template":"sidebar-content.php","meta":[],"_links":{"self":[{"href":"https:\/\/blogs.sld.cu\/dermatitis\/wp-json\/wp\/v2\/pages\/85"}],"collection":[{"href":"https:\/\/blogs.sld.cu\/dermatitis\/wp-json\/wp\/v2\/pages"}],"about":[{"href":"https:\/\/blogs.sld.cu\/dermatitis\/wp-json\/wp\/v2\/types\/page"}],"author":[{"embeddable":true,"href":"https:\/\/blogs.sld.cu\/dermatitis\/wp-json\/wp\/v2\/users\/208"}],"replies":[{"embeddable":true,"href":"https:\/\/blogs.sld.cu\/dermatitis\/wp-json\/wp\/v2\/comments?post=85"}],"version-history":[{"count":11,"href":"https:\/\/blogs.sld.cu\/dermatitis\/wp-json\/wp\/v2\/pages\/85\/revisions"}],"predecessor-version":[{"id":273,"href":"https:\/\/blogs.sld.cu\/dermatitis\/wp-json\/wp\/v2\/pages\/85\/revisions\/273"}],"wp:attachment":[{"href":"https:\/\/blogs.sld.cu\/dermatitis\/wp-json\/wp\/v2\/media?parent=85"}],"curies":[{"name":"wp","href":"https:\/\/api.w.org\/{rel}","templated":true}]}}