{"id":89,"date":"2020-04-18T04:27:48","date_gmt":"2020-04-18T04:27:48","guid":{"rendered":"http:\/\/blogs.sld.cu\/dermatitis\/?page_id=89"},"modified":"2020-12-26T00:19:52","modified_gmt":"2020-12-26T00:19:52","slug":"dermatitis-exfoliativa","status":"publish","type":"page","link":"https:\/\/blogs.sld.cu\/dermatitis\/dermatitis-exfoliativa\/","title":{"rendered":"Dermatitis exfoliativa"},"content":{"rendered":"<p style=\"background: white;margin: 7.5pt 0cm 7.5pt 0cm\"><span style=\"font-family: 'Helvetica', 'sans-serif';color: #707070;font-size: 12pt\">Es frecuente despu\u00e9s de la mediana edad e invade toda la piel. Se presenta con eritema, edema, y abundante descamaci\u00f3n, y a veces con mayor o menor exudado.<\/span><\/p>\n<p style=\"background: white;margin: 7.5pt 0cm 7.5pt 0cm\"><span style=\"font-family: 'Helvetica', 'sans-serif';color: #707070;font-size: 12pt\">Se debe pensar ante un paciente mayor de 50 a\u00f1os y con esta dermatitis, en un linfoma o un tumor. Existen casos que son idiop\u00e1ticos (una enfermedad de etiolog\u00eda desconocida).<\/span><\/p>\n<p><span style=\"font-size: 12pt\"><a href=\"http:\/\/blogs.sld.cu\/dermatitis\/files\/2020\/04\/dermatitis-exfoliativa-generalizada1.jpg\"><img loading=\"lazy\" class=\"alignnone  wp-image-119\" src=\"http:\/\/blogs.sld.cu\/dermatitis\/files\/2020\/04\/dermatitis-exfoliativa-generalizada1.jpg\" alt=\"dermatitis exfoliativa generalizada\" width=\"285\" height=\"178\" \/><\/a><\/span><\/p>\n","protected":false},"excerpt":{"rendered":"<p>Es frecuente despu\u00e9s de la mediana edad e invade toda la piel. Se presenta con eritema, edema, y abundante descamaci\u00f3n, y a veces con mayor o menor exudado. Se debe pensar ante un paciente mayor de 50 a\u00f1os y con esta dermatitis, en un linfoma o un tumor. Existen casos que son idiop\u00e1ticos (una enfermedad [&hellip;]<\/p>\n","protected":false},"author":208,"featured_media":0,"parent":0,"menu_order":0,"comment_status":"closed","ping_status":"closed","template":"sidebar-content.php","meta":[],"_links":{"self":[{"href":"https:\/\/blogs.sld.cu\/dermatitis\/wp-json\/wp\/v2\/pages\/89"}],"collection":[{"href":"https:\/\/blogs.sld.cu\/dermatitis\/wp-json\/wp\/v2\/pages"}],"about":[{"href":"https:\/\/blogs.sld.cu\/dermatitis\/wp-json\/wp\/v2\/types\/page"}],"author":[{"embeddable":true,"href":"https:\/\/blogs.sld.cu\/dermatitis\/wp-json\/wp\/v2\/users\/208"}],"replies":[{"embeddable":true,"href":"https:\/\/blogs.sld.cu\/dermatitis\/wp-json\/wp\/v2\/comments?post=89"}],"version-history":[{"count":7,"href":"https:\/\/blogs.sld.cu\/dermatitis\/wp-json\/wp\/v2\/pages\/89\/revisions"}],"predecessor-version":[{"id":275,"href":"https:\/\/blogs.sld.cu\/dermatitis\/wp-json\/wp\/v2\/pages\/89\/revisions\/275"}],"wp:attachment":[{"href":"https:\/\/blogs.sld.cu\/dermatitis\/wp-json\/wp\/v2\/media?parent=89"}],"curies":[{"name":"wp","href":"https:\/\/api.w.org\/{rel}","templated":true}]}}