{"id":93,"date":"2020-04-18T04:30:49","date_gmt":"2020-04-18T04:30:49","guid":{"rendered":"http:\/\/blogs.sld.cu\/dermatitis\/?page_id=93"},"modified":"2021-05-22T00:01:10","modified_gmt":"2021-05-22T00:01:10","slug":"dermatitis-por-medicamentos","status":"publish","type":"page","link":"https:\/\/blogs.sld.cu\/dermatitis\/dermatitis-por-medicamentos\/","title":{"rendered":"Dermatitis por medicamentos"},"content":{"rendered":"<p><span style=\"font-size: 12pt\">Se manifiesta con lesiones en piel, de s\u00edntomas variados en dependencia del medicamento que lo produce, y el grado de exposici\u00f3n o dosis al mismo.<\/span> Puede ir acompa\u00f1ado este cuadro de s\u00edntomas generales.<\/p>\n<p><span style=\"font-size: 12pt\">Cualquier medicamento puede producir un cuadro de dermatitis medicamentosa. Algunos de ellos de mayor frecuencia serian: analg\u00e9sicos, salicilatos, los yoduros, los bromuros, sales de plata, penicilinas, la fenolftale\u00edna, las sulfas, etc.<\/span><\/p>\n<p><span style=\"font-size: 12pt\"><a href=\"http:\/\/blogs.sld.cu\/dermatitis\/files\/2020\/04\/dermatitispormedicamentos.jpg\"><img loading=\"lazy\" class=\"alignnone size-medium wp-image-140\" src=\"http:\/\/blogs.sld.cu\/dermatitis\/files\/2020\/04\/dermatitispormedicamentos-300x101.jpg\" alt=\"dermatitispormedicamentos\" width=\"300\" height=\"101\" srcset=\"https:\/\/blogs.sld.cu\/dermatitis\/files\/2020\/04\/dermatitispormedicamentos-300x101.jpg 300w, https:\/\/blogs.sld.cu\/dermatitis\/files\/2020\/04\/dermatitispormedicamentos.jpg 306w\" sizes=\"(max-width: 300px) 100vw, 300px\" \/><\/a><\/span><\/p>\n","protected":false},"excerpt":{"rendered":"<p>Se manifiesta con lesiones en piel, de s\u00edntomas variados en dependencia del medicamento que lo produce, y el grado de exposici\u00f3n o dosis al mismo. Puede ir acompa\u00f1ado este cuadro de s\u00edntomas generales. Cualquier medicamento puede producir un cuadro de dermatitis medicamentosa. Algunos de ellos de mayor frecuencia serian: analg\u00e9sicos, salicilatos, los yoduros, los bromuros, [&hellip;]<\/p>\n","protected":false},"author":208,"featured_media":0,"parent":0,"menu_order":0,"comment_status":"closed","ping_status":"closed","template":"sidebar-content.php","meta":[],"_links":{"self":[{"href":"https:\/\/blogs.sld.cu\/dermatitis\/wp-json\/wp\/v2\/pages\/93"}],"collection":[{"href":"https:\/\/blogs.sld.cu\/dermatitis\/wp-json\/wp\/v2\/pages"}],"about":[{"href":"https:\/\/blogs.sld.cu\/dermatitis\/wp-json\/wp\/v2\/types\/page"}],"author":[{"embeddable":true,"href":"https:\/\/blogs.sld.cu\/dermatitis\/wp-json\/wp\/v2\/users\/208"}],"replies":[{"embeddable":true,"href":"https:\/\/blogs.sld.cu\/dermatitis\/wp-json\/wp\/v2\/comments?post=93"}],"version-history":[{"count":7,"href":"https:\/\/blogs.sld.cu\/dermatitis\/wp-json\/wp\/v2\/pages\/93\/revisions"}],"predecessor-version":[{"id":284,"href":"https:\/\/blogs.sld.cu\/dermatitis\/wp-json\/wp\/v2\/pages\/93\/revisions\/284"}],"wp:attachment":[{"href":"https:\/\/blogs.sld.cu\/dermatitis\/wp-json\/wp\/v2\/media?parent=93"}],"curies":[{"name":"wp","href":"https:\/\/api.w.org\/{rel}","templated":true}]}}