{"id":95,"date":"2020-04-18T04:32:32","date_gmt":"2020-04-18T04:32:32","guid":{"rendered":"http:\/\/blogs.sld.cu\/dermatitis\/?page_id=95"},"modified":"2020-12-26T00:21:39","modified_gmt":"2020-12-26T00:21:39","slug":"dermatitis-profesionales","status":"publish","type":"page","link":"https:\/\/blogs.sld.cu\/dermatitis\/dermatitis-profesionales\/","title":{"rendered":"Dermatitis profesionales"},"content":{"rendered":"<p style=\"background: white;margin: 7.5pt 0cm 7.5pt 0cm\"><span style=\"font-family: 'Helvetica', 'sans-serif';color: #707070;font-size: 12pt\">Afecci\u00f3n inflamatoria de la piel, cuyo origen probado sea una exposici\u00f3n industrial, o atribuible a una ocupaci\u00f3n cualquiera.<\/span><\/p>\n<p style=\"background: white;margin: 7.5pt 0cm 7.5pt 0cm\"><span style=\"font-family: 'Helvetica', 'sans-serif';color: #707070;font-size: 12pt\">El 1 % de los trabajadores se ven afectadas por ellas. Son m\u00e1s frecuentes las variantes al\u00e9rgicas e irritativas.<\/span><\/p>\n<p style=\"background: white;margin: 7.5pt 0cm 7.5pt 0cm\"><span style=\"font-family: 'Helvetica', 'sans-serif';color: #707070;font-size: 12pt\">Los s\u00edntomas m\u00e1s comunes son eritema, vesiculaci\u00f3n, descamaci\u00f3n, fisuras.<\/span><\/p>\n<p style=\"background: white;margin: 7.5pt 0cm 7.5pt 0cm\"><span style=\"font-family: 'Helvetica', 'sans-serif';color: #707070;font-size: 12pt\">Sin embargo, en la piel se manifiestan tambi\u00e9n como despigmentaci\u00f3n (vitiligo), acn\u00e9, foliculitis, hiperqueratosis (callos) y c\u00e1ncer de piel.<\/span><\/p>\n<p style=\"background: white;margin: 7.5pt 0cm 7.5pt 0cm\"><span style=\"font-family: 'Helvetica', 'sans-serif';color: #707070;font-size: 12pt\">Representan de un 40 a un 70 % de las enfermedades profesionales y ocupan el d\u00e9cimo lugar entre las afecciones cut\u00e1neas.<\/span><\/p>\n<p><span style=\"font-size: 12pt\"><a href=\"http:\/\/blogs.sld.cu\/dermatitis\/files\/2020\/04\/dermatitis-profesional.jpg\"><img loading=\"lazy\" class=\"alignnone size-full wp-image-143\" src=\"http:\/\/blogs.sld.cu\/dermatitis\/files\/2020\/04\/dermatitis-profesional.jpg\" alt=\"dermatitis profesional\" width=\"259\" height=\"194\" \/><\/a><\/span><\/p>\n","protected":false},"excerpt":{"rendered":"<p>Afecci\u00f3n inflamatoria de la piel, cuyo origen probado sea una exposici\u00f3n industrial, o atribuible a una ocupaci\u00f3n cualquiera. El 1 % de los trabajadores se ven afectadas por ellas. Son m\u00e1s frecuentes las variantes al\u00e9rgicas e irritativas. Los s\u00edntomas m\u00e1s comunes son eritema, vesiculaci\u00f3n, descamaci\u00f3n, fisuras. Sin embargo, en la piel se manifiestan tambi\u00e9n como [&hellip;]<\/p>\n","protected":false},"author":208,"featured_media":0,"parent":0,"menu_order":0,"comment_status":"closed","ping_status":"closed","template":"sidebar-content.php","meta":[],"_links":{"self":[{"href":"https:\/\/blogs.sld.cu\/dermatitis\/wp-json\/wp\/v2\/pages\/95"}],"collection":[{"href":"https:\/\/blogs.sld.cu\/dermatitis\/wp-json\/wp\/v2\/pages"}],"about":[{"href":"https:\/\/blogs.sld.cu\/dermatitis\/wp-json\/wp\/v2\/types\/page"}],"author":[{"embeddable":true,"href":"https:\/\/blogs.sld.cu\/dermatitis\/wp-json\/wp\/v2\/users\/208"}],"replies":[{"embeddable":true,"href":"https:\/\/blogs.sld.cu\/dermatitis\/wp-json\/wp\/v2\/comments?post=95"}],"version-history":[{"count":6,"href":"https:\/\/blogs.sld.cu\/dermatitis\/wp-json\/wp\/v2\/pages\/95\/revisions"}],"predecessor-version":[{"id":276,"href":"https:\/\/blogs.sld.cu\/dermatitis\/wp-json\/wp\/v2\/pages\/95\/revisions\/276"}],"wp:attachment":[{"href":"https:\/\/blogs.sld.cu\/dermatitis\/wp-json\/wp\/v2\/media?parent=95"}],"curies":[{"name":"wp","href":"https:\/\/api.w.org\/{rel}","templated":true}]}}