{"id":98,"date":"2020-04-18T04:34:07","date_gmt":"2020-04-18T04:34:07","guid":{"rendered":"http:\/\/blogs.sld.cu\/dermatitis\/?page_id=98"},"modified":"2020-12-22T06:34:47","modified_gmt":"2020-12-22T06:34:47","slug":"dermatitis-por-el-uso-de-panales","status":"publish","type":"page","link":"https:\/\/blogs.sld.cu\/dermatitis\/dermatitis-por-el-uso-de-panales\/","title":{"rendered":"Dermatitis por el uso de pa\u00f1ales"},"content":{"rendered":"<p><span style=\"font-size: 12pt\">Tambi\u00e9n puede ser conocida como pa\u00f1alitis o rozadura del pa\u00f1al, y se caracteriza por la irritaci\u00f3n de la piel del beb\u00e9 cubierta por el pa\u00f1al, debido al contacto de la misma con el pl\u00e1stico del pa\u00f1al, y que puede ser tratado con pomadas para la pa\u00f1alitis y limpieza adecuada de la zona.<\/span><\/p>\n<p><span style=\"font-size: 12pt\"><a href=\"http:\/\/blogs.sld.cu\/dermatitis\/files\/2020\/04\/dermatitis-del-pa\u00f1al.jpg\"><img loading=\"lazy\" class=\"alignnone size-full wp-image-132\" src=\"http:\/\/blogs.sld.cu\/dermatitis\/files\/2020\/04\/dermatitis-del-pa\u00f1al.jpg\" alt=\"dermatitis del pa\u00f1al\" width=\"275\" height=\"183\" \/><\/a><\/span><\/p>\n<p><span style=\"font-size: 12pt\">Dermatitis del pa\u00f1al<\/span><\/p>\n","protected":false},"excerpt":{"rendered":"<p>Tambi\u00e9n puede ser conocida como pa\u00f1alitis o rozadura del pa\u00f1al, y se caracteriza por la irritaci\u00f3n de la piel del beb\u00e9 cubierta por el pa\u00f1al, debido al contacto de la misma con el pl\u00e1stico del pa\u00f1al, y que puede ser tratado con pomadas para la pa\u00f1alitis y limpieza adecuada de la zona. Dermatitis del pa\u00f1al<\/p>\n","protected":false},"author":208,"featured_media":0,"parent":0,"menu_order":0,"comment_status":"closed","ping_status":"closed","template":"sidebar-content.php","meta":[],"_links":{"self":[{"href":"https:\/\/blogs.sld.cu\/dermatitis\/wp-json\/wp\/v2\/pages\/98"}],"collection":[{"href":"https:\/\/blogs.sld.cu\/dermatitis\/wp-json\/wp\/v2\/pages"}],"about":[{"href":"https:\/\/blogs.sld.cu\/dermatitis\/wp-json\/wp\/v2\/types\/page"}],"author":[{"embeddable":true,"href":"https:\/\/blogs.sld.cu\/dermatitis\/wp-json\/wp\/v2\/users\/208"}],"replies":[{"embeddable":true,"href":"https:\/\/blogs.sld.cu\/dermatitis\/wp-json\/wp\/v2\/comments?post=98"}],"version-history":[{"count":4,"href":"https:\/\/blogs.sld.cu\/dermatitis\/wp-json\/wp\/v2\/pages\/98\/revisions"}],"predecessor-version":[{"id":220,"href":"https:\/\/blogs.sld.cu\/dermatitis\/wp-json\/wp\/v2\/pages\/98\/revisions\/220"}],"wp:attachment":[{"href":"https:\/\/blogs.sld.cu\/dermatitis\/wp-json\/wp\/v2\/media?parent=98"}],"curies":[{"name":"wp","href":"https:\/\/api.w.org\/{rel}","templated":true}]}}